{"id":11,"date":"2025-09-24T16:10:57","date_gmt":"2025-09-24T14:10:57","guid":{"rendered":"https:\/\/web.caa.it\/?page_id=11"},"modified":"2025-10-21T11:49:48","modified_gmt":"2025-10-21T09:49:48","slug":"la-nostra-storia","status":"publish","type":"page","link":"https:\/\/www.caa.it\/it\/il-centro\/la-nostra-storia\/","title":{"rendered":"La nostra storia"},"content":{"rendered":"<div class=\"wpb-content-wrapper\"><p>[vc_row content_placement=&#8221;middle&#8221; css=&#8221;.vc_custom_1759321743115{padding-top: 2em !important;padding-bottom: 2em !important;}&#8221;][vc_column width=&#8221;1\/3&#8243;]<h3 class=\"deco-title sinistra lined\"> Prof. Giorgio Celli <\/h3>[\/vc_column][vc_column el_class=&#8221;quote-block&#8221; offset=&#8221;vc_col-md-offset-1 vc_col-md-7&#8243;][vc_column_text css=&#8221;&#8221;]<em>Il Centro Agricoltura Ambiente \u00e8 stato un sogno che l\u2019eclettismo scientifico e politico di Giorgio Nicoli ha saputo calare nel reale, e che resta una testimonianza tangibile del suo passaggio fugace tra di noi.<\/em>[\/vc_column_text][\/vc_column][\/vc_row][vc_row full_width=&#8221;stretch_row_content_no_spaces&#8221; equal_height=&#8221;yes&#8221; content_placement=&#8221;middle&#8221; css=&#8221;.vc_custom_1761040178071{padding-top: 0px !important;padding-bottom: 0px !important;background-color: #EDE9DE !important;}&#8221;][vc_column width=&#8221;5\/6&#8243; css=&#8221;.vc_custom_1760630358867{padding-top: 4em !important;padding-bottom: 4em !important;}&#8221; offset=&#8221;vc_col-md-offset-1 vc_col-md-4 vc_col-xs-offset-1 vc_col-xs-10&#8243; el_class=&#8221;order-lg-1 order-1&#8243;][vc_column_text css=&#8221;&#8221;]Il <strong>Centro Agricoltura Ambiente (CAA)<\/strong> nasce da un incontro tra il professor <strong>Giorgio Celli<\/strong> e <strong>Giorgio Nicoli<\/strong> \u2013 di cui il Centro porta il nome \u2013 che frequentava come studente il corso di Tecniche di Lotta biologica presso la facolt\u00e0 di Agraria dell\u2019Universit\u00e0 di Bologna, tenuto appunto dal professor Celli.<\/p>\n<p>Il professore racconta: <em>\u201cAlla fine dell\u2019ultima lezione, con la quale auspicavo l\u2019avvento di una nuova agricoltura, pi\u00f9 orientata sul biologico che sulla chimica, di cui allora si abusava, lo studente Nicoli, che non ha mai avuto peli sulla lingua, alz\u00f2 la mano, e quando gli feci cenno che parlasse, mi chiese che cosa intendevo fare, in concreto, perch\u00e9 il mio auspicio si traducesse in azione. Era una sfida, e io risposi che non avevo nessun collaboratore, e ancor meno dei finanziamenti per la ricerca: ero, per dir cos\u00ec, un profeta disarmato. Gli rimandai la palla, chiedendogli, tra il serio e il faceto, se lui stesso sarebbe stato disposto a darmi una mano. Accett\u00f2 con entusiasmo, e cos\u00ec fecero molti altri studenti, alcuni di San Giovanni in Persiceto, amici suoi e destinati cos\u00ec a diventare anche miei. Elaborammo insieme un programma di lotta biologica agli insetti dannosi, come primo passo per fare dell\u2019agroecologia, e decidemmo di cominciare a operare \u2013 Giorgio Nicoli e i suoi \u201cmoschettieri\u201d come tesisti \u2013 in alcuni frutteti della bassa bolognese\u201d<\/em>.[\/vc_column_text][\/vc_column][vc_column css=&#8221;.vc_custom_1760630314797{padding-top: 0px !important;background-image: url(https:\/\/www.caa.it\/wp-content\/uploads\/2019\/02\/storia-caa.jpg?id=428) !important;background-position: center !important;background-repeat: no-repeat !important;background-size: cover !important;}&#8221; offset=&#8221;vc_col-md-offset-1 vc_col-md-6 vc_col-xs-12&#8243; el_class=&#8221;order-lg-2 order-2&#8243;]<div title=\"Immagine di La nostra storia\" class=\"image-wrapper\">\r\n\t\t\t\t<figure class=\"aspect-image\" style=\"background-image:url('https:\/\/www.caa.it\/wp-content\/themes\/aitec\/img\/transparent-placeholder.png'); aspect-ratio: 4 \/ 3; \">\r\n\t\t\t\t\t<img decoding=\"async\" src=\"https:\/\/www.caa.it\/wp-content\/themes\/aitec\/img\/transparent-placeholder.png\" alt=\"Immagine di La nostra storia\"> \r\n\t\t\t\t\t<figcaption>Immagine di La nostra storia<\/figcaption>\r\n\t\t\t\t<\/figure>\r\n\t\t\t<\/div>[\/vc_column][\/vc_row][vc_row full_width=&#8221;stretch_row_content_no_spaces&#8221; equal_height=&#8221;yes&#8221; content_placement=&#8221;middle&#8221; css=&#8221;.vc_custom_1761040185414{padding-top: 0px !important;padding-bottom: 0px !important;background-color: #EDE9DE !important;}&#8221;][vc_column css=&#8221;.vc_custom_1760630423890{padding-top: 0px !important;background-image: url(https:\/\/www.caa.it\/wp-content\/uploads\/2019\/02\/caa_centro.jpg?id=371) !important;background-position: center !important;background-repeat: no-repeat !important;background-size: cover !important;}&#8221; el_class=&#8221;order-lg-1 order-2&#8243; offset=&#8221;vc_col-md-6 vc_col-xs-12&#8243;]<div title=\"Immagine di La nostra storia\" class=\"image-wrapper\">\r\n\t\t\t\t<figure class=\"aspect-image\" style=\"background-image:url('https:\/\/www.caa.it\/wp-content\/themes\/aitec\/img\/transparent-placeholder.png'); aspect-ratio: 4 \/ 3; \">\r\n\t\t\t\t\t<img decoding=\"async\" src=\"https:\/\/www.caa.it\/wp-content\/themes\/aitec\/img\/transparent-placeholder.png\" alt=\"Immagine di La nostra storia\"> \r\n\t\t\t\t\t<figcaption>Immagine di La nostra storia<\/figcaption>\r\n\t\t\t\t<\/figure>\r\n\t\t\t<\/div>[\/vc_column][vc_column width=&#8221;5\/6&#8243; el_class=&#8221;order-lg-2 order-1&#8243; offset=&#8221;vc_col-md-offset-1 vc_col-md-4 vc_col-xs-offset-1 vc_col-xs-10&#8243; css=&#8221;.vc_custom_1759398909830{padding-top: 2em !important;padding-bottom: 2em !important;}&#8221;][vc_column_text css=&#8221;&#8221;]Nel novembre del 1986 gli Amministratori della Provincia di Bologna e dei Comuni dell\u2019allora zona agraria n. 5 (Comuni di: Calderara di Reno, Crevalcore, Sala Bolognese, San Giovanni in P., Sant\u2019Agata Bolognese), assieme al Prof. Celli, inaugurano la sede del <em><strong>CAA<\/strong><\/em> a Crevalcore, costituendo successivamente un\u2019Associazione non a scopo di lucro.<\/p>\n<p>Da quei tempi <strong>CAA<\/strong> ne ha fatta di strada, crescendo sia dal punto di vista strutturale che scientifico, fino ad arrivare, nel 1992, anche alla costituzione della societ\u00e0 a responsabilit\u00e0 limitata <strong>Centro Agricoltura e Ambiente Srl<\/strong>, per la fornitura di servizi nel settore della tutela ambientale.<\/p>\n<p>Oggi il Centro, fedele alla sua denominazione, esegue studi e ricerche e sviluppa progetti che, anche attraverso la collaborazione fra pubblico e privato, valorizzino il territorio e le produzioni agricole.[\/vc_column_text][\/vc_column][\/vc_row]<\/p>\n<\/div>","protected":false},"excerpt":{"rendered":"<p>[vc_row content_placement=&#8221;middle&#8221; css=&#8221;.vc_custom_1759321743115{padding-top: 2em !important;padding-bottom: 2em !important;}&#8221;][vc_column width=&#8221;1\/3&#8243;][\/vc_column][vc_column el_class=&#8221;quote-block&#8221; offset=&#8221;vc_col-md-offset-1 vc_col-md-7&#8243;][vc_column_text css=&#8221;&#8221;]Il Centro Agricoltura Ambiente \u00e8 stato un sogno che l\u2019eclettismo scientifico e politico di Giorgio Nicoli ha saputo calare nel reale, e che resta una testimonianza tangibile del suo passaggio fugace tra di noi.[\/vc_column_text][\/vc_column][\/vc_row][vc_row full_width=&#8221;stretch_row_content_no_spaces&#8221; equal_height=&#8221;yes&#8221; content_placement=&#8221;middle&#8221; css=&#8221;.vc_custom_1761040178071{padding-top: 0px !important;padding-bottom: 0px !important;background-color: #EDE9DE !important;}&#8221;][vc_column [&hellip;]<\/p>\n","protected":false},"author":1,"featured_media":3359,"parent":122,"menu_order":1,"comment_status":"closed","ping_status":"closed","template":"","meta":{"_acf_changed":false,"footnotes":""},"class_list":["post-11","page","type-page","status-publish","has-post-thumbnail","hentry"],"acf":[],"yoast_head":"<!-- This site is optimized with the Yoast SEO plugin v27.4 - https:\/\/yoast.com\/product\/yoast-seo-wordpress\/ -->\n<title>La nostra storia - CAA Centro Agricoltura Ambiente<\/title>\n<meta name=\"robots\" content=\"index, follow, max-snippet:-1, max-image-preview:large, max-video-preview:-1\" \/>\n<link rel=\"canonical\" href=\"https:\/\/www.caa.it\/it\/il-centro\/la-nostra-storia\/\" \/>\n<meta property=\"og:locale\" content=\"it_IT\" \/>\n<meta property=\"og:type\" content=\"article\" \/>\n<meta property=\"og:title\" content=\"La nostra storia - CAA Centro Agricoltura Ambiente\" \/>\n<meta property=\"og:description\" content=\"[vc_row content_placement=&#8221;middle&#8221; css=&#8221;.vc_custom_1759321743115{padding-top: 2em !important;padding-bottom: 2em !important;}&#8221;][vc_column width=&#8221;1\/3&#8243;][\/vc_column][vc_column el_class=&#8221;quote-block&#8221; offset=&#8221;vc_col-md-offset-1 vc_col-md-7&#8243;][vc_column_text css=&#8221;&#8221;]Il Centro Agricoltura Ambiente \u00e8 stato un sogno che l\u2019eclettismo scientifico e politico di Giorgio Nicoli ha saputo calare nel reale, e che resta una testimonianza tangibile del suo passaggio fugace tra di noi.[\/vc_column_text][\/vc_column][\/vc_row][vc_row full_width=&#8221;stretch_row_content_no_spaces&#8221; equal_height=&#8221;yes&#8221; content_placement=&#8221;middle&#8221; css=&#8221;.vc_custom_1761040178071{padding-top: 0px !important;padding-bottom: 0px !important;background-color: #EDE9DE !important;}&#8221;][vc_column [&hellip;]\" \/>\n<meta property=\"og:url\" content=\"https:\/\/www.caa.it\/it\/il-centro\/la-nostra-storia\/\" \/>\n<meta property=\"og:site_name\" content=\"CAA Centro Agricoltura Ambiente\" \/>\n<meta property=\"article:publisher\" content=\"https:\/\/www.facebook.com\/centroagricolturaambiente.giorgionicoli\/\" \/>\n<meta property=\"article:modified_time\" content=\"2025-10-21T09:49:48+00:00\" \/>\n<meta property=\"og:image\" content=\"https:\/\/www.caa.it\/wp-content\/uploads\/2019\/05\/UwVQ1qPM.jpeg\" \/>\n\t<meta property=\"og:image:width\" content=\"1920\" \/>\n\t<meta property=\"og:image:height\" content=\"1440\" \/>\n\t<meta property=\"og:image:type\" content=\"image\/jpeg\" \/>\n<meta name=\"twitter:card\" content=\"summary_large_image\" \/>\n<meta name=\"twitter:site\" content=\"@2013_caa\" \/>\n<meta name=\"twitter:label1\" content=\"Tempo di lettura stimato\" \/>\n\t<meta name=\"twitter:data1\" content=\"4 minuti\" \/>\n<script type=\"application\/ld+json\" class=\"yoast-schema-graph\">{\"@context\":\"https:\\\/\\\/schema.org\",\"@graph\":[{\"@type\":\"WebPage\",\"@id\":\"https:\\\/\\\/www.caa.it\\\/it\\\/il-centro\\\/la-nostra-storia\\\/\",\"url\":\"https:\\\/\\\/www.caa.it\\\/it\\\/il-centro\\\/la-nostra-storia\\\/\",\"name\":\"La nostra storia - CAA Centro Agricoltura Ambiente\",\"isPartOf\":{\"@id\":\"https:\\\/\\\/www.caa.it\\\/it\\\/#website\"},\"primaryImageOfPage\":{\"@id\":\"https:\\\/\\\/www.caa.it\\\/it\\\/il-centro\\\/la-nostra-storia\\\/#primaryimage\"},\"image\":{\"@id\":\"https:\\\/\\\/www.caa.it\\\/it\\\/il-centro\\\/la-nostra-storia\\\/#primaryimage\"},\"thumbnailUrl\":\"https:\\\/\\\/www.caa.it\\\/wp-content\\\/uploads\\\/2019\\\/05\\\/UwVQ1qPM.jpeg\",\"datePublished\":\"2025-09-24T14:10:57+00:00\",\"dateModified\":\"2025-10-21T09:49:48+00:00\",\"breadcrumb\":{\"@id\":\"https:\\\/\\\/www.caa.it\\\/it\\\/il-centro\\\/la-nostra-storia\\\/#breadcrumb\"},\"inLanguage\":\"it-IT\",\"potentialAction\":[{\"@type\":\"ReadAction\",\"target\":[\"https:\\\/\\\/www.caa.it\\\/it\\\/il-centro\\\/la-nostra-storia\\\/\"]}]},{\"@type\":\"ImageObject\",\"inLanguage\":\"it-IT\",\"@id\":\"https:\\\/\\\/www.caa.it\\\/it\\\/il-centro\\\/la-nostra-storia\\\/#primaryimage\",\"url\":\"https:\\\/\\\/www.caa.it\\\/wp-content\\\/uploads\\\/2019\\\/05\\\/UwVQ1qPM.jpeg\",\"contentUrl\":\"https:\\\/\\\/www.caa.it\\\/wp-content\\\/uploads\\\/2019\\\/05\\\/UwVQ1qPM.jpeg\",\"width\":1920,\"height\":1440},{\"@type\":\"BreadcrumbList\",\"@id\":\"https:\\\/\\\/www.caa.it\\\/it\\\/il-centro\\\/la-nostra-storia\\\/#breadcrumb\",\"itemListElement\":[{\"@type\":\"ListItem\",\"position\":1,\"name\":\"Home\",\"item\":\"https:\\\/\\\/www.caa.it\\\/it\\\/\"},{\"@type\":\"ListItem\",\"position\":2,\"name\":\"Il Centro\",\"item\":\"https:\\\/\\\/www.caa.it\\\/it\\\/il-centro\\\/\"},{\"@type\":\"ListItem\",\"position\":3,\"name\":\"La nostra storia\"}]},{\"@type\":\"WebSite\",\"@id\":\"https:\\\/\\\/www.caa.it\\\/it\\\/#website\",\"url\":\"https:\\\/\\\/www.caa.it\\\/it\\\/\",\"name\":\"CAA Centro Agricoltura Ambiente\",\"description\":\"Centro Agricoltura Ambiente &quot;Giorgio Nicoli&quot;\",\"publisher\":{\"@id\":\"https:\\\/\\\/www.caa.it\\\/it\\\/#organization\"},\"potentialAction\":[{\"@type\":\"SearchAction\",\"target\":{\"@type\":\"EntryPoint\",\"urlTemplate\":\"https:\\\/\\\/www.caa.it\\\/it\\\/?s={search_term_string}\"},\"query-input\":{\"@type\":\"PropertyValueSpecification\",\"valueRequired\":true,\"valueName\":\"search_term_string\"}}],\"inLanguage\":\"it-IT\"},{\"@type\":\"Organization\",\"@id\":\"https:\\\/\\\/www.caa.it\\\/it\\\/#organization\",\"name\":\"Centro Agricoltura Ambiente\",\"url\":\"https:\\\/\\\/www.caa.it\\\/it\\\/\",\"logo\":{\"@type\":\"ImageObject\",\"inLanguage\":\"it-IT\",\"@id\":\"https:\\\/\\\/www.caa.it\\\/it\\\/#\\\/schema\\\/logo\\\/image\\\/\",\"url\":\"https:\\\/\\\/www.caa.it\\\/wp-content\\\/uploads\\\/2019\\\/01\\\/logo_caa_centro_agricoltura_ambiente_nicoli.png\",\"contentUrl\":\"https:\\\/\\\/www.caa.it\\\/wp-content\\\/uploads\\\/2019\\\/01\\\/logo_caa_centro_agricoltura_ambiente_nicoli.png\",\"width\":567,\"height\":129,\"caption\":\"Centro Agricoltura Ambiente\"},\"image\":{\"@id\":\"https:\\\/\\\/www.caa.it\\\/it\\\/#\\\/schema\\\/logo\\\/image\\\/\"},\"sameAs\":[\"https:\\\/\\\/www.facebook.com\\\/centroagricolturaambiente.giorgionicoli\\\/\",\"https:\\\/\\\/x.com\\\/2013_caa\",\"https:\\\/\\\/www.linkedin.com\\\/company\\\/centro-agricoltura-ambiente-giorgio-nicoli-s-r-l-\\\/?originalSubdomain=it\",\"https:\\\/\\\/www.youtube.com\\\/channel\\\/UCeJ0U2Q4OY19f51sXSRPx2w\",\"https:\\\/\\\/web-cdn.bsky.app\\\/profile\\\/caasrl.bsky.social\"]}]}<\/script>\n<!-- \/ Yoast SEO plugin. -->","yoast_head_json":{"title":"La nostra storia - CAA Centro Agricoltura Ambiente","robots":{"index":"index","follow":"follow","max-snippet":"max-snippet:-1","max-image-preview":"max-image-preview:large","max-video-preview":"max-video-preview:-1"},"canonical":"https:\/\/www.caa.it\/it\/il-centro\/la-nostra-storia\/","og_locale":"it_IT","og_type":"article","og_title":"La nostra storia - CAA Centro Agricoltura Ambiente","og_description":"[vc_row content_placement=&#8221;middle&#8221; css=&#8221;.vc_custom_1759321743115{padding-top: 2em !important;padding-bottom: 2em !important;}&#8221;][vc_column width=&#8221;1\/3&#8243;][\/vc_column][vc_column el_class=&#8221;quote-block&#8221; offset=&#8221;vc_col-md-offset-1 vc_col-md-7&#8243;][vc_column_text css=&#8221;&#8221;]Il Centro Agricoltura Ambiente \u00e8 stato un sogno che l\u2019eclettismo scientifico e politico di Giorgio Nicoli ha saputo calare nel reale, e che resta una testimonianza tangibile del suo passaggio fugace tra di noi.[\/vc_column_text][\/vc_column][\/vc_row][vc_row full_width=&#8221;stretch_row_content_no_spaces&#8221; equal_height=&#8221;yes&#8221; content_placement=&#8221;middle&#8221; css=&#8221;.vc_custom_1761040178071{padding-top: 0px !important;padding-bottom: 0px !important;background-color: #EDE9DE !important;}&#8221;][vc_column [&hellip;]","og_url":"https:\/\/www.caa.it\/it\/il-centro\/la-nostra-storia\/","og_site_name":"CAA Centro Agricoltura Ambiente","article_publisher":"https:\/\/www.facebook.com\/centroagricolturaambiente.giorgionicoli\/","article_modified_time":"2025-10-21T09:49:48+00:00","og_image":[{"width":1920,"height":1440,"url":"https:\/\/www.caa.it\/wp-content\/uploads\/2019\/05\/UwVQ1qPM.jpeg","type":"image\/jpeg"}],"twitter_card":"summary_large_image","twitter_site":"@2013_caa","twitter_misc":{"Tempo di lettura stimato":"4 minuti"},"schema":{"@context":"https:\/\/schema.org","@graph":[{"@type":"WebPage","@id":"https:\/\/www.caa.it\/it\/il-centro\/la-nostra-storia\/","url":"https:\/\/www.caa.it\/it\/il-centro\/la-nostra-storia\/","name":"La nostra storia - CAA Centro Agricoltura Ambiente","isPartOf":{"@id":"https:\/\/www.caa.it\/it\/#website"},"primaryImageOfPage":{"@id":"https:\/\/www.caa.it\/it\/il-centro\/la-nostra-storia\/#primaryimage"},"image":{"@id":"https:\/\/www.caa.it\/it\/il-centro\/la-nostra-storia\/#primaryimage"},"thumbnailUrl":"https:\/\/www.caa.it\/wp-content\/uploads\/2019\/05\/UwVQ1qPM.jpeg","datePublished":"2025-09-24T14:10:57+00:00","dateModified":"2025-10-21T09:49:48+00:00","breadcrumb":{"@id":"https:\/\/www.caa.it\/it\/il-centro\/la-nostra-storia\/#breadcrumb"},"inLanguage":"it-IT","potentialAction":[{"@type":"ReadAction","target":["https:\/\/www.caa.it\/it\/il-centro\/la-nostra-storia\/"]}]},{"@type":"ImageObject","inLanguage":"it-IT","@id":"https:\/\/www.caa.it\/it\/il-centro\/la-nostra-storia\/#primaryimage","url":"https:\/\/www.caa.it\/wp-content\/uploads\/2019\/05\/UwVQ1qPM.jpeg","contentUrl":"https:\/\/www.caa.it\/wp-content\/uploads\/2019\/05\/UwVQ1qPM.jpeg","width":1920,"height":1440},{"@type":"BreadcrumbList","@id":"https:\/\/www.caa.it\/it\/il-centro\/la-nostra-storia\/#breadcrumb","itemListElement":[{"@type":"ListItem","position":1,"name":"Home","item":"https:\/\/www.caa.it\/it\/"},{"@type":"ListItem","position":2,"name":"Il Centro","item":"https:\/\/www.caa.it\/it\/il-centro\/"},{"@type":"ListItem","position":3,"name":"La nostra storia"}]},{"@type":"WebSite","@id":"https:\/\/www.caa.it\/it\/#website","url":"https:\/\/www.caa.it\/it\/","name":"CAA Centro Agricoltura Ambiente","description":"Centro Agricoltura Ambiente &quot;Giorgio Nicoli&quot;","publisher":{"@id":"https:\/\/www.caa.it\/it\/#organization"},"potentialAction":[{"@type":"SearchAction","target":{"@type":"EntryPoint","urlTemplate":"https:\/\/www.caa.it\/it\/?s={search_term_string}"},"query-input":{"@type":"PropertyValueSpecification","valueRequired":true,"valueName":"search_term_string"}}],"inLanguage":"it-IT"},{"@type":"Organization","@id":"https:\/\/www.caa.it\/it\/#organization","name":"Centro Agricoltura Ambiente","url":"https:\/\/www.caa.it\/it\/","logo":{"@type":"ImageObject","inLanguage":"it-IT","@id":"https:\/\/www.caa.it\/it\/#\/schema\/logo\/image\/","url":"https:\/\/www.caa.it\/wp-content\/uploads\/2019\/01\/logo_caa_centro_agricoltura_ambiente_nicoli.png","contentUrl":"https:\/\/www.caa.it\/wp-content\/uploads\/2019\/01\/logo_caa_centro_agricoltura_ambiente_nicoli.png","width":567,"height":129,"caption":"Centro Agricoltura Ambiente"},"image":{"@id":"https:\/\/www.caa.it\/it\/#\/schema\/logo\/image\/"},"sameAs":["https:\/\/www.facebook.com\/centroagricolturaambiente.giorgionicoli\/","https:\/\/x.com\/2013_caa","https:\/\/www.linkedin.com\/company\/centro-agricoltura-ambiente-giorgio-nicoli-s-r-l-\/?originalSubdomain=it","https:\/\/www.youtube.com\/channel\/UCeJ0U2Q4OY19f51sXSRPx2w","https:\/\/web-cdn.bsky.app\/profile\/caasrl.bsky.social"]}]}},"_links":{"self":[{"href":"https:\/\/www.caa.it\/it\/wp-json\/wp\/v2\/pages\/11","targetHints":{"allow":["GET"]}}],"collection":[{"href":"https:\/\/www.caa.it\/it\/wp-json\/wp\/v2\/pages"}],"about":[{"href":"https:\/\/www.caa.it\/it\/wp-json\/wp\/v2\/types\/page"}],"author":[{"embeddable":true,"href":"https:\/\/www.caa.it\/it\/wp-json\/wp\/v2\/users\/1"}],"replies":[{"embeddable":true,"href":"https:\/\/www.caa.it\/it\/wp-json\/wp\/v2\/comments?post=11"}],"version-history":[{"count":19,"href":"https:\/\/www.caa.it\/it\/wp-json\/wp\/v2\/pages\/11\/revisions"}],"predecessor-version":[{"id":7887,"href":"https:\/\/www.caa.it\/it\/wp-json\/wp\/v2\/pages\/11\/revisions\/7887"}],"up":[{"embeddable":true,"href":"https:\/\/www.caa.it\/it\/wp-json\/wp\/v2\/pages\/122"}],"wp:featuredmedia":[{"embeddable":true,"href":"https:\/\/www.caa.it\/it\/wp-json\/wp\/v2\/media\/3359"}],"wp:attachment":[{"href":"https:\/\/www.caa.it\/it\/wp-json\/wp\/v2\/media?parent=11"}],"curies":[{"name":"wp","href":"https:\/\/api.w.org\/{rel}","templated":true}]}}