{"id":122,"date":"2025-09-25T15:00:29","date_gmt":"2025-09-25T13:00:29","guid":{"rendered":"https:\/\/web.caa.it\/?page_id=122"},"modified":"2025-10-27T15:51:09","modified_gmt":"2025-10-27T14:51:09","slug":"il-centro","status":"publish","type":"page","link":"https:\/\/www.caa.it\/it\/il-centro\/","title":{"rendered":"Il Centro"},"content":{"rendered":"<div class=\"wpb-content-wrapper\"><p>[vc_row full_width=&#8221;stretch_row_content_no_spaces&#8221; equal_height=&#8221;yes&#8221; content_placement=&#8221;middle&#8221; css=&#8221;.vc_custom_1761035138171{padding-top: 0px !important;}&#8221;][vc_column width=&#8221;5\/6&#8243; css=&#8221;.vc_custom_1760625774262{padding-top: 4em !important;padding-bottom: 4em !important;}&#8221; offset=&#8221;vc_col-md-offset-1 vc_col-md-4 vc_col-xs-offset-1 vc_col-xs-10&#8243;][vc_column_text css=&#8221;&#8221;]<\/p>\n<h3 style=\"text-align: left;\">CAA \u00e8 un centro internazionale specializzato nella ricerca e nell\u2019innovazione e nella fornitura di servizi per la tutela ambientale, attivo in Europa da oltre 30 anni.<\/h3>\n<p style=\"text-align: left;\">I principali settori di intervento sono: l\u2019<a href=\"\/attivita\/agricoltura-sostenibile-e-verde-ornamentale\/\">Agricoltura Sostenibile<\/a> e l\u2019<a href=\"\/attivita\/entomologia-e-zoologia-sanitarie\/\">Entomologia e Zoologia Sanitarie<\/a>, con particolare riferimento allo sviluppo delle pi\u00f9 avanzate tecnologie di lotta biologica ed integrata a basso impatto ambientale per la difesa delle colture agrarie e per il controllo di zanzare, mosche e altri artropodi di interesse medico veterinario; i <a href=\"\/attivita\/gestione-rifiuti-e-biomasse\/\">Sistemi di Gestione dei Rifiuti e delle Biomasse<\/a> con la preparazione di piani per la raccolta differenziata degli RSU e con il recupero in agricoltura di fanghi provenienti dalla depurazione delle acque; la <strong>Gestione del verde urbano e della stabilit\u00e0 delle piante arboree<\/strong>; la conduzione di <a href=\"\/attivita\/palinologia-e-archeobotanica\/monitoraggio-aereobiologico\/\">Biomonitoraggi<\/a> dell\u2019atmosfera e della qualit\u00e0 dell\u2019aria.<\/p>\n<p>[\/vc_column_text][\/vc_column][vc_column offset=&#8221;vc_col-md-offset-1 vc_col-md-6&#8243; css=&#8221;.vc_custom_1760625759831{padding-top: 0px !important;background-image: url(https:\/\/www.caa.it\/wp-content\/uploads\/2019\/02\/centro_caa_1.jpg?id=767) !important;background-position: center !important;background-repeat: no-repeat !important;background-size: cover !important;}&#8221;]<div title=\"Centro agricoltura Ambiente - Insetti\" class=\"image-wrapper\">\r\n\t\t\t\t<figure class=\"aspect-image\" style=\"background-image:url('https:\/\/www.caa.it\/wp-content\/themes\/aitec\/img\/transparent-placeholder.png'); aspect-ratio: 4 \/ 3; \">\r\n\t\t\t\t\t<img decoding=\"async\" src=\"https:\/\/www.caa.it\/wp-content\/themes\/aitec\/img\/transparent-placeholder.png\" alt=\"Centro agricoltura Ambiente - Insetti\"> \r\n\t\t\t\t\t<figcaption>Centro agricoltura Ambiente - Insetti<\/figcaption>\r\n\t\t\t\t<\/figure>\r\n\t\t\t<\/div>[\/vc_column][\/vc_row][vc_row full_width=&#8221;stretch_row_content_no_spaces&#8221; equal_height=&#8221;yes&#8221; content_placement=&#8221;middle&#8221; css=&#8221;.vc_custom_1761035143614{padding-top: 0px !important;padding-bottom: 0px !important;background-color: #EDE9DE !important;}&#8221;][vc_column css=&#8221;.vc_custom_1760628848666{padding-top: 0px !important;background-image: url(https:\/\/www.caa.it\/wp-content\/uploads\/2019\/02\/centro_caa_2.jpg?id=768) !important;background-position: center !important;background-repeat: no-repeat !important;background-size: cover !important;}&#8221; el_class=&#8221;order-lg-1 order-2&#8243; offset=&#8221;vc_col-md-6&#8243;]<div title=\"Centro agricoltura Ambiente - Insetti\" class=\"image-wrapper\">\r\n\t\t\t\t<figure class=\"aspect-image\" style=\"background-image:url('https:\/\/www.caa.it\/wp-content\/themes\/aitec\/img\/transparent-placeholder.png'); aspect-ratio: 4 \/ 3; \">\r\n\t\t\t\t\t<img decoding=\"async\" src=\"https:\/\/www.caa.it\/wp-content\/themes\/aitec\/img\/transparent-placeholder.png\" alt=\"Centro agricoltura Ambiente - Insetti\"> \r\n\t\t\t\t\t<figcaption>Centro agricoltura Ambiente - Insetti<\/figcaption>\r\n\t\t\t\t<\/figure>\r\n\t\t\t<\/div>[\/vc_column][vc_column width=&#8221;5\/6&#8243; css=&#8221;.vc_custom_1760628877130{padding-top: 4em !important;padding-bottom: 4em !important;}&#8221; el_class=&#8221;order-lg-2 order-1&#8243; offset=&#8221;vc_col-md-offset-1 vc_col-md-4 vc_col-xs-offset-1 vc_col-xs-10&#8243;][vc_column_text css=&#8221;&#8221;]Il Centro rappresenta una struttura di eccellenza a livello europeo nel campo dell\u2019entomologia medica: co-fondatore dell\u2019Associazione Europea per la lotta alle zanzare, dal 2011 \u00e8 <a href=\"https:\/\/www.iaea.org\/\"><strong>Collaborating Centre dell\u2019Agenzia Internazionale per l\u2019Energia Atomica di Vienna<\/strong><\/a> nel campo dello sviluppo e dell\u2019applicazione della tecnologia del maschio sterile, finalizzata a spezzare la catena riproduttiva della zanzara tigre per ridurre la trasmissione di malattie come Dengue, Chikungunya e Zika. Assiste inoltre la Regione Emilia-Romagna nella gestione del piano di sorveglianza e lotta alla zanzara tigre e alle malattie da essa trasmissibili.<\/p>\n<p><strong>CAA<\/strong> \u00e8 anche Centro di Saggio accreditato dal <a href=\"https:\/\/www.politicheagricole.it\/\" target=\"_blank\" rel=\"noopener\">Mipaaf<\/a> per prove sull\u2019efficacia e sui livelli di fitotossicit\u00e0 dei prodotti fitosanitari, sullo sviluppo di resistenza a principi attivi nelle popolazioni di insetti. Le attivit\u00e0 sono svolte in stretta collaborazione col Dipartimento di Scienze Agrarie dell\u2019Universit\u00e0 di Bologna.<\/p>\n<p><strong>CAA<\/strong> si \u00e8 dotato di <strong>un impianto di stoccaggio dei fanghi biologici di depurazione<\/strong> costituito da vasche seminterrate in cemento armato con capacit\u00e0 di stoccaggio puntuale di <strong>18.000 tonnellate<\/strong> di materiale, per una potenzialit\u00e0 massima annua di trattamento, ai sensi della normativa regionale di riferimento, di <strong>55.000 tonnellate<\/strong>.<\/p>\n<p><strong>CAA \u00e8 una societ\u00e0 a responsabilit\u00e0 limitata cui partecipano per il 75,33% la cooperativa di servizi <a href=\"https:\/\/www.operosa.it\/\" target=\"_blank\" rel=\"noopener\">L\u2019Operosa<\/a> e per il 24,67% l\u2019associazione senza scopo di lucro <a href=\"http:\/\/www.agenter.it\/\" target=\"_blank\" rel=\"noopener\">Agen.Ter<\/a>.<\/strong>[\/vc_column_text][\/vc_column][\/vc_row]<\/p>\n<\/div>","protected":false},"excerpt":{"rendered":"<p>[vc_row full_width=&#8221;stretch_row_content_no_spaces&#8221; equal_height=&#8221;yes&#8221; content_placement=&#8221;middle&#8221; css=&#8221;.vc_custom_1761035138171{padding-top: 0px !important;}&#8221;][vc_column width=&#8221;5\/6&#8243; css=&#8221;.vc_custom_1760625774262{padding-top: 4em !important;padding-bottom: 4em !important;}&#8221; offset=&#8221;vc_col-md-offset-1 vc_col-md-4 vc_col-xs-offset-1 vc_col-xs-10&#8243;][vc_column_text css=&#8221;&#8221;] CAA \u00e8 un centro internazionale specializzato nella ricerca e nell\u2019innovazione e nella fornitura di servizi per la tutela ambientale, attivo in Europa da oltre 30 anni. I principali settori di intervento sono: l\u2019Agricoltura Sostenibile e l\u2019Entomologia e [&hellip;]<\/p>\n","protected":false},"author":1,"featured_media":7869,"parent":0,"menu_order":0,"comment_status":"closed","ping_status":"closed","template":"","meta":{"_acf_changed":false,"footnotes":""},"class_list":["post-122","page","type-page","status-publish","has-post-thumbnail","hentry"],"acf":[],"yoast_head":"<!-- This site is optimized with the Yoast SEO plugin v27.4 - https:\/\/yoast.com\/product\/yoast-seo-wordpress\/ -->\n<title>Il Centro - CAA Centro Agricoltura Ambiente<\/title>\n<meta name=\"robots\" content=\"index, follow, max-snippet:-1, max-image-preview:large, max-video-preview:-1\" \/>\n<link rel=\"canonical\" href=\"https:\/\/www.caa.it\/it\/il-centro\/\" \/>\n<meta property=\"og:locale\" content=\"it_IT\" \/>\n<meta property=\"og:type\" content=\"article\" \/>\n<meta property=\"og:title\" content=\"Il Centro - CAA Centro Agricoltura Ambiente\" \/>\n<meta property=\"og:description\" content=\"[vc_row full_width=&#8221;stretch_row_content_no_spaces&#8221; equal_height=&#8221;yes&#8221; content_placement=&#8221;middle&#8221; css=&#8221;.vc_custom_1761035138171{padding-top: 0px !important;}&#8221;][vc_column width=&#8221;5\/6&#8243; css=&#8221;.vc_custom_1760625774262{padding-top: 4em !important;padding-bottom: 4em !important;}&#8221; offset=&#8221;vc_col-md-offset-1 vc_col-md-4 vc_col-xs-offset-1 vc_col-xs-10&#8243;][vc_column_text css=&#8221;&#8221;] CAA \u00e8 un centro internazionale specializzato nella ricerca e nell\u2019innovazione e nella fornitura di servizi per la tutela ambientale, attivo in Europa da oltre 30 anni. I principali settori di intervento sono: l\u2019Agricoltura Sostenibile e l\u2019Entomologia e [&hellip;]\" \/>\n<meta property=\"og:url\" content=\"https:\/\/www.caa.it\/it\/il-centro\/\" \/>\n<meta property=\"og:site_name\" content=\"CAA Centro Agricoltura Ambiente\" \/>\n<meta property=\"article:publisher\" content=\"https:\/\/www.facebook.com\/centroagricolturaambiente.giorgionicoli\/\" \/>\n<meta property=\"article:modified_time\" content=\"2025-10-27T14:51:09+00:00\" \/>\n<meta property=\"og:image\" content=\"https:\/\/www.caa.it\/wp-content\/uploads\/2025\/10\/caa-il-centro.jpg\" \/>\n\t<meta property=\"og:image:width\" content=\"1920\" \/>\n\t<meta property=\"og:image:height\" content=\"1272\" \/>\n\t<meta property=\"og:image:type\" content=\"image\/jpeg\" \/>\n<meta name=\"twitter:card\" content=\"summary_large_image\" \/>\n<meta name=\"twitter:site\" content=\"@2013_caa\" \/>\n<meta name=\"twitter:label1\" content=\"Tempo di lettura stimato\" \/>\n\t<meta name=\"twitter:data1\" content=\"3 minuti\" \/>\n<script type=\"application\/ld+json\" class=\"yoast-schema-graph\">{\"@context\":\"https:\\\/\\\/schema.org\",\"@graph\":[{\"@type\":\"WebPage\",\"@id\":\"https:\\\/\\\/www.caa.it\\\/it\\\/il-centro\\\/\",\"url\":\"https:\\\/\\\/www.caa.it\\\/it\\\/il-centro\\\/\",\"name\":\"Il Centro - CAA Centro Agricoltura Ambiente\",\"isPartOf\":{\"@id\":\"https:\\\/\\\/www.caa.it\\\/it\\\/#website\"},\"primaryImageOfPage\":{\"@id\":\"https:\\\/\\\/www.caa.it\\\/it\\\/il-centro\\\/#primaryimage\"},\"image\":{\"@id\":\"https:\\\/\\\/www.caa.it\\\/it\\\/il-centro\\\/#primaryimage\"},\"thumbnailUrl\":\"https:\\\/\\\/www.caa.it\\\/wp-content\\\/uploads\\\/2025\\\/10\\\/caa-il-centro.jpg\",\"datePublished\":\"2025-09-25T13:00:29+00:00\",\"dateModified\":\"2025-10-27T14:51:09+00:00\",\"breadcrumb\":{\"@id\":\"https:\\\/\\\/www.caa.it\\\/it\\\/il-centro\\\/#breadcrumb\"},\"inLanguage\":\"it-IT\",\"potentialAction\":[{\"@type\":\"ReadAction\",\"target\":[\"https:\\\/\\\/www.caa.it\\\/it\\\/il-centro\\\/\"]}]},{\"@type\":\"ImageObject\",\"inLanguage\":\"it-IT\",\"@id\":\"https:\\\/\\\/www.caa.it\\\/it\\\/il-centro\\\/#primaryimage\",\"url\":\"https:\\\/\\\/www.caa.it\\\/wp-content\\\/uploads\\\/2025\\\/10\\\/caa-il-centro.jpg\",\"contentUrl\":\"https:\\\/\\\/www.caa.it\\\/wp-content\\\/uploads\\\/2025\\\/10\\\/caa-il-centro.jpg\",\"width\":1920,\"height\":1272},{\"@type\":\"BreadcrumbList\",\"@id\":\"https:\\\/\\\/www.caa.it\\\/it\\\/il-centro\\\/#breadcrumb\",\"itemListElement\":[{\"@type\":\"ListItem\",\"position\":1,\"name\":\"Home\",\"item\":\"https:\\\/\\\/www.caa.it\\\/it\\\/\"},{\"@type\":\"ListItem\",\"position\":2,\"name\":\"Il Centro\"}]},{\"@type\":\"WebSite\",\"@id\":\"https:\\\/\\\/www.caa.it\\\/it\\\/#website\",\"url\":\"https:\\\/\\\/www.caa.it\\\/it\\\/\",\"name\":\"CAA Centro Agricoltura Ambiente\",\"description\":\"Centro Agricoltura Ambiente &quot;Giorgio Nicoli&quot;\",\"publisher\":{\"@id\":\"https:\\\/\\\/www.caa.it\\\/it\\\/#organization\"},\"potentialAction\":[{\"@type\":\"SearchAction\",\"target\":{\"@type\":\"EntryPoint\",\"urlTemplate\":\"https:\\\/\\\/www.caa.it\\\/it\\\/?s={search_term_string}\"},\"query-input\":{\"@type\":\"PropertyValueSpecification\",\"valueRequired\":true,\"valueName\":\"search_term_string\"}}],\"inLanguage\":\"it-IT\"},{\"@type\":\"Organization\",\"@id\":\"https:\\\/\\\/www.caa.it\\\/it\\\/#organization\",\"name\":\"Centro Agricoltura Ambiente\",\"url\":\"https:\\\/\\\/www.caa.it\\\/it\\\/\",\"logo\":{\"@type\":\"ImageObject\",\"inLanguage\":\"it-IT\",\"@id\":\"https:\\\/\\\/www.caa.it\\\/it\\\/#\\\/schema\\\/logo\\\/image\\\/\",\"url\":\"https:\\\/\\\/www.caa.it\\\/wp-content\\\/uploads\\\/2019\\\/01\\\/logo_caa_centro_agricoltura_ambiente_nicoli.png\",\"contentUrl\":\"https:\\\/\\\/www.caa.it\\\/wp-content\\\/uploads\\\/2019\\\/01\\\/logo_caa_centro_agricoltura_ambiente_nicoli.png\",\"width\":567,\"height\":129,\"caption\":\"Centro Agricoltura Ambiente\"},\"image\":{\"@id\":\"https:\\\/\\\/www.caa.it\\\/it\\\/#\\\/schema\\\/logo\\\/image\\\/\"},\"sameAs\":[\"https:\\\/\\\/www.facebook.com\\\/centroagricolturaambiente.giorgionicoli\\\/\",\"https:\\\/\\\/x.com\\\/2013_caa\",\"https:\\\/\\\/www.linkedin.com\\\/company\\\/centro-agricoltura-ambiente-giorgio-nicoli-s-r-l-\\\/?originalSubdomain=it\",\"https:\\\/\\\/www.youtube.com\\\/channel\\\/UCeJ0U2Q4OY19f51sXSRPx2w\",\"https:\\\/\\\/web-cdn.bsky.app\\\/profile\\\/caasrl.bsky.social\"]}]}<\/script>\n<!-- \/ Yoast SEO plugin. -->","yoast_head_json":{"title":"Il Centro - CAA Centro Agricoltura Ambiente","robots":{"index":"index","follow":"follow","max-snippet":"max-snippet:-1","max-image-preview":"max-image-preview:large","max-video-preview":"max-video-preview:-1"},"canonical":"https:\/\/www.caa.it\/it\/il-centro\/","og_locale":"it_IT","og_type":"article","og_title":"Il Centro - CAA Centro Agricoltura Ambiente","og_description":"[vc_row full_width=&#8221;stretch_row_content_no_spaces&#8221; equal_height=&#8221;yes&#8221; content_placement=&#8221;middle&#8221; css=&#8221;.vc_custom_1761035138171{padding-top: 0px !important;}&#8221;][vc_column width=&#8221;5\/6&#8243; css=&#8221;.vc_custom_1760625774262{padding-top: 4em !important;padding-bottom: 4em !important;}&#8221; offset=&#8221;vc_col-md-offset-1 vc_col-md-4 vc_col-xs-offset-1 vc_col-xs-10&#8243;][vc_column_text css=&#8221;&#8221;] CAA \u00e8 un centro internazionale specializzato nella ricerca e nell\u2019innovazione e nella fornitura di servizi per la tutela ambientale, attivo in Europa da oltre 30 anni. I principali settori di intervento sono: l\u2019Agricoltura Sostenibile e l\u2019Entomologia e [&hellip;]","og_url":"https:\/\/www.caa.it\/it\/il-centro\/","og_site_name":"CAA Centro Agricoltura Ambiente","article_publisher":"https:\/\/www.facebook.com\/centroagricolturaambiente.giorgionicoli\/","article_modified_time":"2025-10-27T14:51:09+00:00","og_image":[{"width":1920,"height":1272,"url":"https:\/\/www.caa.it\/wp-content\/uploads\/2025\/10\/caa-il-centro.jpg","type":"image\/jpeg"}],"twitter_card":"summary_large_image","twitter_site":"@2013_caa","twitter_misc":{"Tempo di lettura stimato":"3 minuti"},"schema":{"@context":"https:\/\/schema.org","@graph":[{"@type":"WebPage","@id":"https:\/\/www.caa.it\/it\/il-centro\/","url":"https:\/\/www.caa.it\/it\/il-centro\/","name":"Il Centro - CAA Centro Agricoltura Ambiente","isPartOf":{"@id":"https:\/\/www.caa.it\/it\/#website"},"primaryImageOfPage":{"@id":"https:\/\/www.caa.it\/it\/il-centro\/#primaryimage"},"image":{"@id":"https:\/\/www.caa.it\/it\/il-centro\/#primaryimage"},"thumbnailUrl":"https:\/\/www.caa.it\/wp-content\/uploads\/2025\/10\/caa-il-centro.jpg","datePublished":"2025-09-25T13:00:29+00:00","dateModified":"2025-10-27T14:51:09+00:00","breadcrumb":{"@id":"https:\/\/www.caa.it\/it\/il-centro\/#breadcrumb"},"inLanguage":"it-IT","potentialAction":[{"@type":"ReadAction","target":["https:\/\/www.caa.it\/it\/il-centro\/"]}]},{"@type":"ImageObject","inLanguage":"it-IT","@id":"https:\/\/www.caa.it\/it\/il-centro\/#primaryimage","url":"https:\/\/www.caa.it\/wp-content\/uploads\/2025\/10\/caa-il-centro.jpg","contentUrl":"https:\/\/www.caa.it\/wp-content\/uploads\/2025\/10\/caa-il-centro.jpg","width":1920,"height":1272},{"@type":"BreadcrumbList","@id":"https:\/\/www.caa.it\/it\/il-centro\/#breadcrumb","itemListElement":[{"@type":"ListItem","position":1,"name":"Home","item":"https:\/\/www.caa.it\/it\/"},{"@type":"ListItem","position":2,"name":"Il Centro"}]},{"@type":"WebSite","@id":"https:\/\/www.caa.it\/it\/#website","url":"https:\/\/www.caa.it\/it\/","name":"CAA Centro Agricoltura Ambiente","description":"Centro Agricoltura Ambiente &quot;Giorgio Nicoli&quot;","publisher":{"@id":"https:\/\/www.caa.it\/it\/#organization"},"potentialAction":[{"@type":"SearchAction","target":{"@type":"EntryPoint","urlTemplate":"https:\/\/www.caa.it\/it\/?s={search_term_string}"},"query-input":{"@type":"PropertyValueSpecification","valueRequired":true,"valueName":"search_term_string"}}],"inLanguage":"it-IT"},{"@type":"Organization","@id":"https:\/\/www.caa.it\/it\/#organization","name":"Centro Agricoltura Ambiente","url":"https:\/\/www.caa.it\/it\/","logo":{"@type":"ImageObject","inLanguage":"it-IT","@id":"https:\/\/www.caa.it\/it\/#\/schema\/logo\/image\/","url":"https:\/\/www.caa.it\/wp-content\/uploads\/2019\/01\/logo_caa_centro_agricoltura_ambiente_nicoli.png","contentUrl":"https:\/\/www.caa.it\/wp-content\/uploads\/2019\/01\/logo_caa_centro_agricoltura_ambiente_nicoli.png","width":567,"height":129,"caption":"Centro Agricoltura Ambiente"},"image":{"@id":"https:\/\/www.caa.it\/it\/#\/schema\/logo\/image\/"},"sameAs":["https:\/\/www.facebook.com\/centroagricolturaambiente.giorgionicoli\/","https:\/\/x.com\/2013_caa","https:\/\/www.linkedin.com\/company\/centro-agricoltura-ambiente-giorgio-nicoli-s-r-l-\/?originalSubdomain=it","https:\/\/www.youtube.com\/channel\/UCeJ0U2Q4OY19f51sXSRPx2w","https:\/\/web-cdn.bsky.app\/profile\/caasrl.bsky.social"]}]}},"_links":{"self":[{"href":"https:\/\/www.caa.it\/it\/wp-json\/wp\/v2\/pages\/122","targetHints":{"allow":["GET"]}}],"collection":[{"href":"https:\/\/www.caa.it\/it\/wp-json\/wp\/v2\/pages"}],"about":[{"href":"https:\/\/www.caa.it\/it\/wp-json\/wp\/v2\/types\/page"}],"author":[{"embeddable":true,"href":"https:\/\/www.caa.it\/it\/wp-json\/wp\/v2\/users\/1"}],"replies":[{"embeddable":true,"href":"https:\/\/www.caa.it\/it\/wp-json\/wp\/v2\/comments?post=122"}],"version-history":[{"count":30,"href":"https:\/\/www.caa.it\/it\/wp-json\/wp\/v2\/pages\/122\/revisions"}],"predecessor-version":[{"id":9078,"href":"https:\/\/www.caa.it\/it\/wp-json\/wp\/v2\/pages\/122\/revisions\/9078"}],"wp:featuredmedia":[{"embeddable":true,"href":"https:\/\/www.caa.it\/it\/wp-json\/wp\/v2\/media\/7869"}],"wp:attachment":[{"href":"https:\/\/www.caa.it\/it\/wp-json\/wp\/v2\/media?parent=122"}],"curies":[{"name":"wp","href":"https:\/\/api.w.org\/{rel}","templated":true}]}}