{"id":15,"date":"2025-09-24T16:11:43","date_gmt":"2025-09-24T14:11:43","guid":{"rendered":"https:\/\/web.caa.it\/?page_id=15"},"modified":"2025-10-21T12:12:15","modified_gmt":"2025-10-21T10:12:15","slug":"certificazioni","status":"publish","type":"page","link":"https:\/\/www.caa.it\/it\/il-centro\/certificazioni\/","title":{"rendered":"Certificazioni"},"content":{"rendered":"<div class=\"wpb-content-wrapper\"><p>[vc_row content_placement=&#8221;middle&#8221; css=&#8221;.vc_custom_1759321743115{padding-top: 2em !important;padding-bottom: 2em !important;}&#8221;][vc_column width=&#8221;1\/3&#8243;]<h3 class=\"deco-title sinistra lined\"> Il Sistema di Qualit\u00e0 <\/h3>[\/vc_column][vc_column el_class=&#8221;quote-block&#8221; offset=&#8221;vc_col-md-offset-1 vc_col-md-7&#8243;][vc_column_text css=&#8221;&#8221;]<em>La Certificazione permette e organizza il miglioramento continuo, anche attraverso l\u2019applicazione di azioni correttive e preventive, e fornisce un valido aiuto alla pianificazione e alla standardizzazione delle attivit\u00e0 eliminando, almeno in parte, inadeguatezze e inefficienze.<\/em>[\/vc_column_text][\/vc_column][\/vc_row][vc_row gap=&#8221;5&#8243; equal_height=&#8221;yes&#8221;][vc_column width=&#8221;1\/3&#8243; css=&#8221;.vc_custom_1759393600085{padding: 2em !important;background-color: #F2F2F2 !important;border-radius: 2px !important;}&#8221;][vc_single_image image=&#8221;1407&#8243; img_size=&#8221;130&#215;180&#8243; alignment=&#8221;center&#8221; css=&#8221;.vc_custom_1759394176876{margin-bottom: 0px !important;padding-top: 1em !important;padding-right: 1em !important;padding-bottom: 1em !important;padding-left: 1em !important;}&#8221;][vc_column_text css=&#8221;&#8221;]<\/p>\n<h4 style=\"text-align: center;\">CERTIFICAZIONE ISO 9001<\/h4>\n<p>A partire da gennaio 2004 la societ\u00e0 ha conseguito la <strong><a class=\"lightbox\" href=\"https:\/\/www.caa.it\/wp-content\/uploads\/2025\/01\/certificazione_ISO9001_rev11.jpg\" data-url=\"https:\/\/www.caa.it\/wp-content\/uploads\/2025\/01\/certificazione_ISO9001_rev11.jpg\" data-width=\"605\" data-height=\"926\">Certificazione per la Qualit\u00e0 ISO 9001:2015<\/a><\/strong>.<\/p>\n<p>La certificazione garantisce la conformit\u00e0 del Sistema Qualit\u00e0 aziendale alla norma emessa dall\u2019International Organization for Standardization (ISO) nel 2000, quindi recepita a livello europeo dal Comit\u00e9 Europ\u00e9en de Normalisation (CEN) e infine a livello nazionale dall\u2019Ente Nazionale Italiano di Unificazione (UNI).<br \/>\nLa conformit\u00e0 viene verificata tramite ispezioni periodiche e attestata tramite l\u2019emissione di un certificato di validit\u00e0 triennale da un ente di certificazione accreditato, nel nostro caso TUV Italia.<\/p>\n<p>La norma, in sintesi, prevede:<\/p>\n<ul class=\"check\">\n<li>l\u2019organizzazione per processi delle attivit\u00e0 aziendali;<\/li>\n<li>l\u2019applicazione a ciascun processo del ciclo di pianificazione, esecuzione, analisi dei risultati, decisioni;<\/li>\n<li>l\u2019applicazione di riesami, verifiche, controlli e validazioni;<br \/>\nla documentazione scritta della Politica aziendale della qualit\u00e0, dell\u2019organizzazione aziendale, delle<\/li>\n<li>procedure del sistema di gestione per la qualit\u00e0, di tutti i controlli di qualit\u00e0 eseguiti;<\/li>\n<li>l\u2019attenzione in tutte le attivit\u00e0 aziendali alla soddisfazione del cliente;<\/li>\n<li>l\u2019attenzione alla comunicazione sia all\u2019interno che all\u2019esterno dell\u2019azienda;<\/li>\n<li>la formazione continua del personale;<\/li>\n<li>un sistema di verifiche ispettive interne che garantisce la costante adeguatezza delle procedure aziendali alla norma e alla politica aziendale della qualit\u00e0.<\/li>\n<\/ul>\n<p>L\u2019individuazione e la formalizzazione delle modalit\u00e0 operative assicura una ragionevole garanzia di conformit\u00e0 tra la qualit\u00e0 pianificata e quella effettivamente contenuta in un singolo servizio, con l\u2019obiettivo di mantenerla nel tempo.[\/vc_column_text][\/vc_column][vc_column width=&#8221;1\/3&#8243; css=&#8221;.vc_custom_1759393636164{padding-top: 2em !important;padding-right: 2em !important;padding-bottom: 2em !important;padding-left: 2em !important;background-color: #F2F2F2 !important;border-radius: 2px !important;}&#8221;][vc_single_image image=&#8221;1408&#8243; img_size=&#8221;130&#215;180&#8243; alignment=&#8221;center&#8221; css=&#8221;.vc_custom_1759394180342{margin-bottom: 0px !important;padding-top: 1em !important;padding-right: 1em !important;padding-bottom: 1em !important;padding-left: 1em !important;}&#8221;][vc_column_text css=&#8221;&#8221;]<\/p>\n<h4 style=\"text-align: center;\">CERTIFICAZIONE ISO 14001<\/h4>\n<p>Da aprile 2015 CAA ha conseguito la <strong><a class=\"lightbox\" href=\"https:\/\/www.caa.it\/wp-content\/uploads\/2025\/09\/certificazione_ISO14001_rev4.jpg\" data-url=\"https:\/\/www.caa.it\/wp-content\/uploads\/2025\/09\/certificazione_ISO14001_rev4.jpg\" data-width=\"601\" data-height=\"921\">Certificazione ambientale ISO 14001:2015<\/a><\/strong>, pertanto lavora secondo standard internazionali che garantiscono la correttezza dei programmi e delle attivit\u00e0 svolte, improntate a procedure sempre verificabili che seguono una precisa politica aziendale di qualit\u00e0 e ambiente.<\/p>\n<p>I nostri obiettivi sono:<\/p>\n<ul class=\"check\">\n<li>definire una politica per la Qualit\u00e0 e per l\u2019Ambiente che sia appropriata ai nostri scopi;<\/li>\n<li>soddisfare in generale i requisiti di legge e rispettare le prescrizioni legali e altri regolamenti applicabili in campo ambientale;<\/li>\n<li>migliorare continuamente l\u2019efficacia del nostro sistema di gestione per la qualit\u00e0 e per l\u2019ambiente;<\/li>\n<li>prevedere un quadro strutturale per definire e riesaminare gli obiettivi per la qualit\u00e0 e per l\u2019ambiente;<\/li>\n<li>comunicare e fare conoscere a coloro che sono interessati ai nostri servizi e attivit\u00e0 (personale, soci, clienti, utilizzatori e fruitori dei servizi, fornitori, organi di controllo, enti di certificazione) la nostra politica per la qualit\u00e0 e per l\u2019ambiente;<\/li>\n<li>divulgare i risultati e i dati ottenuti nei servizi e gli obiettivi ambientali raggiunti a beneficio della collettivit\u00e0;<\/li>\n<li>riesaminare la nostra politica per la qualit\u00e0 e per l\u2019ambiente per accertarne la continua idoneit\u00e0;<\/li>\n<li>affrontare e risolvere nuovi problemi intrinsecamente complessi.<\/li>\n<\/ul>\n<p>[\/vc_column_text][\/vc_column][vc_column width=&#8221;1\/3&#8243; css=&#8221;.vc_custom_1759393630821{padding: 2em !important;background-color: #F2F2F2 !important;border-radius: 2px !important;}&#8221;][vc_single_image image=&#8221;2980&#8243; img_size=&#8221;130&#215;180&#8243; alignment=&#8221;center&#8221; css=&#8221;.vc_custom_1759394184025{margin-bottom: 0px !important;padding-top: 1em !important;padding-right: 1em !important;padding-bottom: 1em !important;padding-left: 1em !important;}&#8221;][vc_column_text css=&#8221;&#8221;]<\/p>\n<h4 style=\"text-align: center;\">CERTIFICAZIONE ISO 45001<\/h4>\n<p>Da aprile 2019, CAA ha conseguito la <strong><a class=\"lightbox\" href=\"https:\/\/www.caa.it\/wp-content\/uploads\/2025\/09\/certificazione_ISO45001_rev3.jpg\" data-url=\"https:\/\/www.caa.it\/wp-content\/uploads\/2025\/09\/certificazione_ISO45001_rev3.jpg\" data-width=\"591\" data-height=\"906\">Certificazione sulla salute e sicurezza sul lavoro UNI ISO 45001:2018<\/a><\/strong>.<\/p>\n<p>La stessa fornisce un nuovo impulso alle pratiche aziendali legate alla salute e sicurezza sul lavoro e gli addetti ai lavori possono trovare nuovi spunti per il miglioramento dei processi. Questo si traduce in ulteriori opportunit\u00e0 per proteggere e promuovere la salute e le prestazioni OH6S dei lavoratori, oltre ad un incremento della loro motivazione.<\/p>\n<p>I nostri obiettivi in linea con tale certificazione sono:<\/p>\n<ul class=\"check\">\n<li>Risparmiare sui costi \u2013 riducendo quelli diretti e indiretti dovuti ad incidenti, malattie etc.<\/li>\n<li>Aumentare la produttivit\u00e0 \u2013 attraverso la riduzione dei tempi di fermo causati da malattia o infortuni dei dipendenti.<\/li>\n<li>Riduzione del rischio \u2013 per i dipendenti dell\u2019organizzazione operativi nei vari settori aziendali.<\/li>\n<li>Ottenere un vantaggio competitivo \u2013 dimostrando a tutti gli stakeholder la conformit\u00e0 dell\u2019azienda rispetto ai requisiti OH &amp; S attraverso la certificazione rilasciata da un ente terzo indipendente.<\/li>\n<li>Migliorare la trasparenza \u2013 attraverso una maggiore conoscenza dei processi di sicurezza nell\u2019organizzazione.<\/li>\n<\/ul>\n<p>[\/vc_column_text][\/vc_column][\/vc_row][vc_row full_width=&#8221;stretch_row&#8221; content_placement=&#8221;middle&#8221; css=&#8221;.vc_custom_1759394123827{padding-top: 3em !important;padding-bottom: 3em !important;}&#8221;][vc_column width=&#8221;1\/2&#8243; css=&#8221;.vc_custom_1759327698449{padding-top: 0px !important;padding-bottom: 0px !important;}&#8221;]<h3 class=\"deco-title sinistra mb-0\"> La nostra Politica Aziendale <\/h3>[\/vc_column][vc_column width=&#8221;1\/2&#8243; css=&#8221;.vc_custom_1759327702474{padding-top: 0px !important;padding-bottom: 0px !important;}&#8221;]<div class=\"button-wrapper destra\"><a class=\"btn btn-default btn-lg\" href=\"\/wp-content\/uploads\/2020\/02\/Politica_SGI_Rev14.pdf\"  target=\"_blank\" title=\"Scarica il PDF\">Scarica il PDF<\/a><\/div>[\/vc_column][\/vc_row]<\/p>\n<\/div>","protected":false},"excerpt":{"rendered":"<p>[vc_row content_placement=&#8221;middle&#8221; css=&#8221;.vc_custom_1759321743115{padding-top: 2em !important;padding-bottom: 2em !important;}&#8221;][vc_column width=&#8221;1\/3&#8243;][\/vc_column][vc_column el_class=&#8221;quote-block&#8221; offset=&#8221;vc_col-md-offset-1 vc_col-md-7&#8243;][vc_column_text css=&#8221;&#8221;]La Certificazione permette e organizza il miglioramento continuo, anche attraverso l\u2019applicazione di azioni correttive e preventive, e fornisce un valido aiuto alla pianificazione e alla standardizzazione delle attivit\u00e0 eliminando, almeno in parte, inadeguatezze e inefficienze.[\/vc_column_text][\/vc_column][\/vc_row][vc_row gap=&#8221;5&#8243; equal_height=&#8221;yes&#8221;][vc_column width=&#8221;1\/3&#8243; css=&#8221;.vc_custom_1759393600085{padding: 2em !important;background-color: #F2F2F2 !important;border-radius: 2px [&hellip;]<\/p>\n","protected":false},"author":1,"featured_media":3425,"parent":122,"menu_order":3,"comment_status":"closed","ping_status":"closed","template":"","meta":{"_acf_changed":false,"footnotes":""},"class_list":["post-15","page","type-page","status-publish","has-post-thumbnail","hentry"],"acf":[],"yoast_head":"<!-- This site is optimized with the Yoast SEO plugin v27.3 - https:\/\/yoast.com\/product\/yoast-seo-wordpress\/ -->\n<title>Certificazioni - CAA Centro Agricoltura Ambiente<\/title>\n<meta name=\"robots\" content=\"index, follow, max-snippet:-1, max-image-preview:large, max-video-preview:-1\" \/>\n<link rel=\"canonical\" href=\"https:\/\/www.caa.it\/it\/il-centro\/certificazioni\/\" \/>\n<meta property=\"og:locale\" content=\"it_IT\" \/>\n<meta property=\"og:type\" content=\"article\" \/>\n<meta property=\"og:title\" content=\"Certificazioni - CAA Centro Agricoltura Ambiente\" \/>\n<meta property=\"og:description\" content=\"[vc_row content_placement=&#8221;middle&#8221; css=&#8221;.vc_custom_1759321743115{padding-top: 2em !important;padding-bottom: 2em !important;}&#8221;][vc_column width=&#8221;1\/3&#8243;][\/vc_column][vc_column el_class=&#8221;quote-block&#8221; offset=&#8221;vc_col-md-offset-1 vc_col-md-7&#8243;][vc_column_text css=&#8221;&#8221;]La Certificazione permette e organizza il miglioramento continuo, anche attraverso l\u2019applicazione di azioni correttive e preventive, e fornisce un valido aiuto alla pianificazione e alla standardizzazione delle attivit\u00e0 eliminando, almeno in parte, inadeguatezze e inefficienze.[\/vc_column_text][\/vc_column][\/vc_row][vc_row gap=&#8221;5&#8243; equal_height=&#8221;yes&#8221;][vc_column width=&#8221;1\/3&#8243; css=&#8221;.vc_custom_1759393600085{padding: 2em !important;background-color: #F2F2F2 !important;border-radius: 2px [&hellip;]\" \/>\n<meta property=\"og:url\" content=\"https:\/\/www.caa.it\/it\/il-centro\/certificazioni\/\" \/>\n<meta property=\"og:site_name\" content=\"CAA Centro Agricoltura Ambiente\" \/>\n<meta property=\"article:publisher\" content=\"https:\/\/www.facebook.com\/centroagricolturaambiente.giorgionicoli\/\" \/>\n<meta property=\"article:modified_time\" content=\"2025-10-21T10:12:15+00:00\" \/>\n<meta property=\"og:image\" content=\"https:\/\/www.caa.it\/wp-content\/uploads\/2019\/06\/AdobeStock_135083942.jpg\" \/>\n\t<meta property=\"og:image:width\" content=\"1920\" \/>\n\t<meta property=\"og:image:height\" content=\"1280\" \/>\n\t<meta property=\"og:image:type\" content=\"image\/jpeg\" \/>\n<meta name=\"twitter:card\" content=\"summary_large_image\" \/>\n<meta name=\"twitter:site\" content=\"@2013_caa\" \/>\n<meta name=\"twitter:label1\" content=\"Tempo di lettura stimato\" \/>\n\t<meta name=\"twitter:data1\" content=\"5 minuti\" \/>\n<script type=\"application\/ld+json\" class=\"yoast-schema-graph\">{\"@context\":\"https:\\\/\\\/schema.org\",\"@graph\":[{\"@type\":\"WebPage\",\"@id\":\"https:\\\/\\\/www.caa.it\\\/it\\\/il-centro\\\/certificazioni\\\/\",\"url\":\"https:\\\/\\\/www.caa.it\\\/it\\\/il-centro\\\/certificazioni\\\/\",\"name\":\"Certificazioni - CAA Centro Agricoltura Ambiente\",\"isPartOf\":{\"@id\":\"https:\\\/\\\/www.caa.it\\\/it\\\/#website\"},\"primaryImageOfPage\":{\"@id\":\"https:\\\/\\\/www.caa.it\\\/it\\\/il-centro\\\/certificazioni\\\/#primaryimage\"},\"image\":{\"@id\":\"https:\\\/\\\/www.caa.it\\\/it\\\/il-centro\\\/certificazioni\\\/#primaryimage\"},\"thumbnailUrl\":\"https:\\\/\\\/www.caa.it\\\/wp-content\\\/uploads\\\/2019\\\/06\\\/AdobeStock_135083942.jpg\",\"datePublished\":\"2025-09-24T14:11:43+00:00\",\"dateModified\":\"2025-10-21T10:12:15+00:00\",\"breadcrumb\":{\"@id\":\"https:\\\/\\\/www.caa.it\\\/it\\\/il-centro\\\/certificazioni\\\/#breadcrumb\"},\"inLanguage\":\"it-IT\",\"potentialAction\":[{\"@type\":\"ReadAction\",\"target\":[\"https:\\\/\\\/www.caa.it\\\/it\\\/il-centro\\\/certificazioni\\\/\"]}]},{\"@type\":\"ImageObject\",\"inLanguage\":\"it-IT\",\"@id\":\"https:\\\/\\\/www.caa.it\\\/it\\\/il-centro\\\/certificazioni\\\/#primaryimage\",\"url\":\"https:\\\/\\\/www.caa.it\\\/wp-content\\\/uploads\\\/2019\\\/06\\\/AdobeStock_135083942.jpg\",\"contentUrl\":\"https:\\\/\\\/www.caa.it\\\/wp-content\\\/uploads\\\/2019\\\/06\\\/AdobeStock_135083942.jpg\",\"width\":1920,\"height\":1280},{\"@type\":\"BreadcrumbList\",\"@id\":\"https:\\\/\\\/www.caa.it\\\/it\\\/il-centro\\\/certificazioni\\\/#breadcrumb\",\"itemListElement\":[{\"@type\":\"ListItem\",\"position\":1,\"name\":\"Home\",\"item\":\"https:\\\/\\\/www.caa.it\\\/it\\\/\"},{\"@type\":\"ListItem\",\"position\":2,\"name\":\"Il Centro\",\"item\":\"https:\\\/\\\/www.caa.it\\\/it\\\/il-centro\\\/\"},{\"@type\":\"ListItem\",\"position\":3,\"name\":\"Certificazioni\"}]},{\"@type\":\"WebSite\",\"@id\":\"https:\\\/\\\/www.caa.it\\\/it\\\/#website\",\"url\":\"https:\\\/\\\/www.caa.it\\\/it\\\/\",\"name\":\"CAA Centro Agricoltura Ambiente\",\"description\":\"Centro Agricoltura Ambiente &quot;Giorgio Nicoli&quot;\",\"publisher\":{\"@id\":\"https:\\\/\\\/www.caa.it\\\/it\\\/#organization\"},\"potentialAction\":[{\"@type\":\"SearchAction\",\"target\":{\"@type\":\"EntryPoint\",\"urlTemplate\":\"https:\\\/\\\/www.caa.it\\\/it\\\/?s={search_term_string}\"},\"query-input\":{\"@type\":\"PropertyValueSpecification\",\"valueRequired\":true,\"valueName\":\"search_term_string\"}}],\"inLanguage\":\"it-IT\"},{\"@type\":\"Organization\",\"@id\":\"https:\\\/\\\/www.caa.it\\\/it\\\/#organization\",\"name\":\"Centro Agricoltura Ambiente\",\"url\":\"https:\\\/\\\/www.caa.it\\\/it\\\/\",\"logo\":{\"@type\":\"ImageObject\",\"inLanguage\":\"it-IT\",\"@id\":\"https:\\\/\\\/www.caa.it\\\/it\\\/#\\\/schema\\\/logo\\\/image\\\/\",\"url\":\"https:\\\/\\\/www.caa.it\\\/wp-content\\\/uploads\\\/2019\\\/01\\\/logo_caa_centro_agricoltura_ambiente_nicoli.png\",\"contentUrl\":\"https:\\\/\\\/www.caa.it\\\/wp-content\\\/uploads\\\/2019\\\/01\\\/logo_caa_centro_agricoltura_ambiente_nicoli.png\",\"width\":567,\"height\":129,\"caption\":\"Centro Agricoltura Ambiente\"},\"image\":{\"@id\":\"https:\\\/\\\/www.caa.it\\\/it\\\/#\\\/schema\\\/logo\\\/image\\\/\"},\"sameAs\":[\"https:\\\/\\\/www.facebook.com\\\/centroagricolturaambiente.giorgionicoli\\\/\",\"https:\\\/\\\/x.com\\\/2013_caa\",\"https:\\\/\\\/www.linkedin.com\\\/company\\\/centro-agricoltura-ambiente-giorgio-nicoli-s-r-l-\\\/?originalSubdomain=it\",\"https:\\\/\\\/www.youtube.com\\\/channel\\\/UCeJ0U2Q4OY19f51sXSRPx2w\",\"https:\\\/\\\/web-cdn.bsky.app\\\/profile\\\/caasrl.bsky.social\"]}]}<\/script>\n<!-- \/ Yoast SEO plugin. -->","yoast_head_json":{"title":"Certificazioni - CAA Centro Agricoltura Ambiente","robots":{"index":"index","follow":"follow","max-snippet":"max-snippet:-1","max-image-preview":"max-image-preview:large","max-video-preview":"max-video-preview:-1"},"canonical":"https:\/\/www.caa.it\/it\/il-centro\/certificazioni\/","og_locale":"it_IT","og_type":"article","og_title":"Certificazioni - CAA Centro Agricoltura Ambiente","og_description":"[vc_row content_placement=&#8221;middle&#8221; css=&#8221;.vc_custom_1759321743115{padding-top: 2em !important;padding-bottom: 2em !important;}&#8221;][vc_column width=&#8221;1\/3&#8243;][\/vc_column][vc_column el_class=&#8221;quote-block&#8221; offset=&#8221;vc_col-md-offset-1 vc_col-md-7&#8243;][vc_column_text css=&#8221;&#8221;]La Certificazione permette e organizza il miglioramento continuo, anche attraverso l\u2019applicazione di azioni correttive e preventive, e fornisce un valido aiuto alla pianificazione e alla standardizzazione delle attivit\u00e0 eliminando, almeno in parte, inadeguatezze e inefficienze.[\/vc_column_text][\/vc_column][\/vc_row][vc_row gap=&#8221;5&#8243; equal_height=&#8221;yes&#8221;][vc_column width=&#8221;1\/3&#8243; css=&#8221;.vc_custom_1759393600085{padding: 2em !important;background-color: #F2F2F2 !important;border-radius: 2px [&hellip;]","og_url":"https:\/\/www.caa.it\/it\/il-centro\/certificazioni\/","og_site_name":"CAA Centro Agricoltura Ambiente","article_publisher":"https:\/\/www.facebook.com\/centroagricolturaambiente.giorgionicoli\/","article_modified_time":"2025-10-21T10:12:15+00:00","og_image":[{"width":1920,"height":1280,"url":"https:\/\/www.caa.it\/wp-content\/uploads\/2019\/06\/AdobeStock_135083942.jpg","type":"image\/jpeg"}],"twitter_card":"summary_large_image","twitter_site":"@2013_caa","twitter_misc":{"Tempo di lettura stimato":"5 minuti"},"schema":{"@context":"https:\/\/schema.org","@graph":[{"@type":"WebPage","@id":"https:\/\/www.caa.it\/it\/il-centro\/certificazioni\/","url":"https:\/\/www.caa.it\/it\/il-centro\/certificazioni\/","name":"Certificazioni - CAA Centro Agricoltura Ambiente","isPartOf":{"@id":"https:\/\/www.caa.it\/it\/#website"},"primaryImageOfPage":{"@id":"https:\/\/www.caa.it\/it\/il-centro\/certificazioni\/#primaryimage"},"image":{"@id":"https:\/\/www.caa.it\/it\/il-centro\/certificazioni\/#primaryimage"},"thumbnailUrl":"https:\/\/www.caa.it\/wp-content\/uploads\/2019\/06\/AdobeStock_135083942.jpg","datePublished":"2025-09-24T14:11:43+00:00","dateModified":"2025-10-21T10:12:15+00:00","breadcrumb":{"@id":"https:\/\/www.caa.it\/it\/il-centro\/certificazioni\/#breadcrumb"},"inLanguage":"it-IT","potentialAction":[{"@type":"ReadAction","target":["https:\/\/www.caa.it\/it\/il-centro\/certificazioni\/"]}]},{"@type":"ImageObject","inLanguage":"it-IT","@id":"https:\/\/www.caa.it\/it\/il-centro\/certificazioni\/#primaryimage","url":"https:\/\/www.caa.it\/wp-content\/uploads\/2019\/06\/AdobeStock_135083942.jpg","contentUrl":"https:\/\/www.caa.it\/wp-content\/uploads\/2019\/06\/AdobeStock_135083942.jpg","width":1920,"height":1280},{"@type":"BreadcrumbList","@id":"https:\/\/www.caa.it\/it\/il-centro\/certificazioni\/#breadcrumb","itemListElement":[{"@type":"ListItem","position":1,"name":"Home","item":"https:\/\/www.caa.it\/it\/"},{"@type":"ListItem","position":2,"name":"Il Centro","item":"https:\/\/www.caa.it\/it\/il-centro\/"},{"@type":"ListItem","position":3,"name":"Certificazioni"}]},{"@type":"WebSite","@id":"https:\/\/www.caa.it\/it\/#website","url":"https:\/\/www.caa.it\/it\/","name":"CAA Centro Agricoltura Ambiente","description":"Centro Agricoltura Ambiente &quot;Giorgio Nicoli&quot;","publisher":{"@id":"https:\/\/www.caa.it\/it\/#organization"},"potentialAction":[{"@type":"SearchAction","target":{"@type":"EntryPoint","urlTemplate":"https:\/\/www.caa.it\/it\/?s={search_term_string}"},"query-input":{"@type":"PropertyValueSpecification","valueRequired":true,"valueName":"search_term_string"}}],"inLanguage":"it-IT"},{"@type":"Organization","@id":"https:\/\/www.caa.it\/it\/#organization","name":"Centro Agricoltura Ambiente","url":"https:\/\/www.caa.it\/it\/","logo":{"@type":"ImageObject","inLanguage":"it-IT","@id":"https:\/\/www.caa.it\/it\/#\/schema\/logo\/image\/","url":"https:\/\/www.caa.it\/wp-content\/uploads\/2019\/01\/logo_caa_centro_agricoltura_ambiente_nicoli.png","contentUrl":"https:\/\/www.caa.it\/wp-content\/uploads\/2019\/01\/logo_caa_centro_agricoltura_ambiente_nicoli.png","width":567,"height":129,"caption":"Centro Agricoltura Ambiente"},"image":{"@id":"https:\/\/www.caa.it\/it\/#\/schema\/logo\/image\/"},"sameAs":["https:\/\/www.facebook.com\/centroagricolturaambiente.giorgionicoli\/","https:\/\/x.com\/2013_caa","https:\/\/www.linkedin.com\/company\/centro-agricoltura-ambiente-giorgio-nicoli-s-r-l-\/?originalSubdomain=it","https:\/\/www.youtube.com\/channel\/UCeJ0U2Q4OY19f51sXSRPx2w","https:\/\/web-cdn.bsky.app\/profile\/caasrl.bsky.social"]}]}},"_links":{"self":[{"href":"https:\/\/www.caa.it\/it\/wp-json\/wp\/v2\/pages\/15","targetHints":{"allow":["GET"]}}],"collection":[{"href":"https:\/\/www.caa.it\/it\/wp-json\/wp\/v2\/pages"}],"about":[{"href":"https:\/\/www.caa.it\/it\/wp-json\/wp\/v2\/types\/page"}],"author":[{"embeddable":true,"href":"https:\/\/www.caa.it\/it\/wp-json\/wp\/v2\/users\/1"}],"replies":[{"embeddable":true,"href":"https:\/\/www.caa.it\/it\/wp-json\/wp\/v2\/comments?post=15"}],"version-history":[{"count":17,"href":"https:\/\/www.caa.it\/it\/wp-json\/wp\/v2\/pages\/15\/revisions"}],"predecessor-version":[{"id":9031,"href":"https:\/\/www.caa.it\/it\/wp-json\/wp\/v2\/pages\/15\/revisions\/9031"}],"up":[{"embeddable":true,"href":"https:\/\/www.caa.it\/it\/wp-json\/wp\/v2\/pages\/122"}],"wp:featuredmedia":[{"embeddable":true,"href":"https:\/\/www.caa.it\/it\/wp-json\/wp\/v2\/media\/3425"}],"wp:attachment":[{"href":"https:\/\/www.caa.it\/it\/wp-json\/wp\/v2\/media?parent=15"}],"curies":[{"name":"wp","href":"https:\/\/api.w.org\/{rel}","templated":true}]}}