{"id":17,"date":"2025-09-24T16:11:53","date_gmt":"2025-09-24T14:11:53","guid":{"rendered":"https:\/\/web.caa.it\/?page_id=17"},"modified":"2025-10-17T18:41:40","modified_gmt":"2025-10-17T16:41:40","slug":"modello-231","status":"publish","type":"page","link":"https:\/\/www.caa.it\/it\/il-centro\/modello-231\/","title":{"rendered":"Modello 231"},"content":{"rendered":"<div class=\"wpb-content-wrapper\"><p>[vc_row full_width=&#8221;stretch_row_content_no_spaces&#8221; content_placement=&#8221;middle&#8221; css=&#8221;.vc_custom_1759399065304{padding-top: 0px !important;padding-bottom: 0px !important;}&#8221;][vc_column width=&#8221;5\/6&#8243; el_class=&#8221;order-lg-1 order-1&#8243; offset=&#8221;vc_col-md-offset-1 vc_col-md-4 vc_col-xs-offset-1 vc_col-xs-10&#8243; css=&#8221;.vc_custom_1760718860145{padding-top: 4em !important;padding-bottom: 4em !important;}&#8221;]<h2 class=\"deco-title sinistra lined\"> Organismo di sorveglianza <\/h2>[vc_column_text css=&#8221;&#8221;]Soggetto responsabile di sorvegliare e di verificare regolarmente l\u2019efficacia del Modello 231, di segnalare eventuali deficienze del Modello 231, di aggiornare il Modello 231 in seguito a modifiche normative o d organizzative; ha l\u2019obbligo di informazione nei confronti del Consiglio di Amministrazione, organizza l\u2019informazione e formazione.[\/vc_column_text][\/vc_column][vc_column el_class=&#8221;order-lg-2 order-2&#8243; css=&#8221;.vc_custom_1760718842808{padding-top: 0px !important;background-image: url(https:\/\/www.caa.it\/wp-content\/uploads\/2019\/06\/AdobeStock_135083942.jpg?id=3425) !important;background-position: center !important;background-repeat: no-repeat !important;background-size: cover !important;}&#8221; offset=&#8221;vc_col-md-offset-1 vc_col-md-6 vc_col-xs-12&#8243;]<div title=\"CAA Organismo di sorveglianza\" class=\"image-wrapper\">\r\n\t\t\t\t<figure class=\"aspect-image\" style=\"background-image:url('https:\/\/www.caa.it\/wp-content\/themes\/aitec\/img\/transparent-placeholder.png'); aspect-ratio: 4 \/ 3; \">\r\n\t\t\t\t\t<img decoding=\"async\" src=\"https:\/\/www.caa.it\/wp-content\/themes\/aitec\/img\/transparent-placeholder.png\" alt=\"CAA Organismo di sorveglianza\"> \r\n\t\t\t\t\t<figcaption>CAA Organismo di sorveglianza<\/figcaption>\r\n\t\t\t\t<\/figure>\r\n\t\t\t<\/div>[\/vc_column][\/vc_row][vc_row full_width=&#8221;stretch_row_content_no_spaces&#8221; content_placement=&#8221;middle&#8221; css=&#8221;.vc_custom_1759399231367{padding-top: 0px !important;padding-bottom: 0px !important;background-color: #EDE9DE !important;}&#8221;][vc_column width=&#8221;2\/3&#8243; css=&#8221;.vc_custom_1760718966650{padding-top: 0px !important;background-image: url(https:\/\/www.caa.it\/wp-content\/uploads\/2019\/06\/AdobeStock_112736706.jpg?id=3421) !important;background-position: center !important;background-repeat: no-repeat !important;background-size: cover !important;}&#8221; offset=&#8221;vc_col-md-6 vc_col-xs-12&#8243; el_class=&#8221;order-lg-1 order-2&#8243;]<div title=\"CAA Modello 321\" class=\"image-wrapper\">\r\n\t\t\t\t<figure class=\"aspect-image\" style=\"background-image:url('https:\/\/www.caa.it\/wp-content\/themes\/aitec\/img\/transparent-placeholder.png'); aspect-ratio: 4 \/ 3; \">\r\n\t\t\t\t\t<img decoding=\"async\" src=\"https:\/\/www.caa.it\/wp-content\/themes\/aitec\/img\/transparent-placeholder.png\" alt=\"CAA Modello 321\"> \r\n\t\t\t\t\t<figcaption>CAA Modello 321<\/figcaption>\r\n\t\t\t\t<\/figure>\r\n\t\t\t<\/div>[\/vc_column][vc_column width=&#8221;1\/3&#8243; el_class=&#8221;order-lg-2 order-1&#8243; css=&#8221;.vc_custom_1760719000455{padding-top: 4em !important;padding-bottom: 4em !important;}&#8221; offset=&#8221;vc_col-md-offset-1 vc_col-md-4 vc_col-xs-offset-1 vc_col-xs-10&#8243;]<h2 class=\"deco-title sinistra lined\"> Modello 231 <\/h2>[vc_column_text css=&#8221;&#8221;]<strong>Il decreto legislativo 8 giugno 2001, n. 231<\/strong> ha rappresentato una grande novit\u00e0 per il diritto d\u2019impresa perch\u00e9 ha introdotto, per la prima volta nel nostro ordinamento, la responsabilit\u00e0 degli enti in sede penale che si aggiunge a quella della persona fisica che ha realizzato materialmente il fatto illecito.[\/vc_column_text]<div class=\"button-wrapper sinistra\"><a class=\"btn btn-default\" href=\"\/wp-content\/uploads\/2023\/11\/MOG_231_CAA_Parte_generale_Rev01.pdf\"  target=\"_blank\" title=\"Scarica modello 231\">Scarica modello 231<\/a><\/div>[\/vc_column][\/vc_row][vc_row full_width=&#8221;stretch_row_content_no_spaces&#8221; content_placement=&#8221;middle&#8221; css=&#8221;.vc_custom_1759399065304{padding-top: 0px !important;padding-bottom: 0px !important;}&#8221;][vc_column width=&#8221;5\/6&#8243; el_class=&#8221;order-lg-1 order-1&#8243; offset=&#8221;vc_col-md-offset-1 vc_col-md-4 vc_col-xs-offset-1 vc_col-xs-10&#8243; css=&#8221;.vc_custom_1760719295859{padding-top: 4em !important;padding-bottom: 4em !important;}&#8221;]<h3 class=\"deco-title sinistra lined\"> Codice etico <\/h3>[vc_column_text css=&#8221;&#8221;]CAA Srl riconosce l\u2019importanza della responsabilit\u00e0 etico-sociale e della salvaguardia ambientale nella conduzione degli affari e delle attivit\u00e0. A questo scopo, promuove una gestione della societ\u00e0 orientata al bilanciamento dei legittimi interessi dei propri stakeholder e della collettivit\u00e0 in cui opera.[\/vc_column_text]<div class=\"button-wrapper sinistra\"><a class=\"btn btn-default\" href=\"\/wp-content\/uploads\/2023\/11\/MOG_231_CAA_Parte_generale_Rev01.pdf\"  target=\"_blank\" title=\"Scarica Codice Etico\">Scarica Codice Etico<\/a><\/div>[\/vc_column][vc_column el_class=&#8221;order-lg-2 order-2&#8243; css=&#8221;.vc_custom_1760719256518{padding-top: 0px !important;background-image: url(https:\/\/www.caa.it\/wp-content\/uploads\/2019\/06\/AdobeStock_133653623.jpg?id=3423) !important;background-position: center !important;background-repeat: no-repeat !important;background-size: cover !important;}&#8221; offset=&#8221;vc_col-md-offset-1 vc_col-md-6 vc_col-xs-12&#8243;]<div title=\"CAA Codice Etico\" class=\"image-wrapper\">\r\n\t\t\t\t<figure class=\"aspect-image\" style=\"background-image:url('https:\/\/www.caa.it\/wp-content\/themes\/aitec\/img\/transparent-placeholder.png'); aspect-ratio: 4 \/ 3; \">\r\n\t\t\t\t\t<img decoding=\"async\" src=\"https:\/\/www.caa.it\/wp-content\/themes\/aitec\/img\/transparent-placeholder.png\" alt=\"CAA Codice Etico\"> \r\n\t\t\t\t\t<figcaption>CAA Codice Etico<\/figcaption>\r\n\t\t\t\t<\/figure>\r\n\t\t\t<\/div>[\/vc_column][\/vc_row]<\/p>\n<\/div>","protected":false},"excerpt":{"rendered":"<p>[vc_row full_width=&#8221;stretch_row_content_no_spaces&#8221; content_placement=&#8221;middle&#8221; css=&#8221;.vc_custom_1759399065304{padding-top: 0px !important;padding-bottom: 0px !important;}&#8221;][vc_column width=&#8221;5\/6&#8243; el_class=&#8221;order-lg-1 order-1&#8243; offset=&#8221;vc_col-md-offset-1 vc_col-md-4 vc_col-xs-offset-1 vc_col-xs-10&#8243; css=&#8221;.vc_custom_1760718860145{padding-top: 4em !important;padding-bottom: 4em !important;}&#8221;][vc_column_text css=&#8221;&#8221;]Soggetto responsabile di sorvegliare e di verificare regolarmente l\u2019efficacia del Modello 231, di segnalare eventuali deficienze del Modello 231, di aggiornare il Modello 231 in seguito a modifiche normative o d organizzative; ha l\u2019obbligo di [&hellip;]<\/p>\n","protected":false},"author":1,"featured_media":3646,"parent":122,"menu_order":4,"comment_status":"closed","ping_status":"closed","template":"","meta":{"_acf_changed":false,"footnotes":""},"class_list":["post-17","page","type-page","status-publish","has-post-thumbnail","hentry"],"acf":[],"yoast_head":"<!-- This site is optimized with the Yoast SEO plugin v27.4 - https:\/\/yoast.com\/product\/yoast-seo-wordpress\/ -->\n<title>Modello 231 - CAA Centro Agricoltura Ambiente<\/title>\n<meta name=\"robots\" content=\"index, follow, max-snippet:-1, max-image-preview:large, max-video-preview:-1\" \/>\n<link rel=\"canonical\" href=\"https:\/\/www.caa.it\/it\/il-centro\/modello-231\/\" \/>\n<meta property=\"og:locale\" content=\"it_IT\" \/>\n<meta property=\"og:type\" content=\"article\" \/>\n<meta property=\"og:title\" content=\"Modello 231 - CAA Centro Agricoltura Ambiente\" \/>\n<meta property=\"og:description\" content=\"[vc_row full_width=&#8221;stretch_row_content_no_spaces&#8221; content_placement=&#8221;middle&#8221; css=&#8221;.vc_custom_1759399065304{padding-top: 0px !important;padding-bottom: 0px !important;}&#8221;][vc_column width=&#8221;5\/6&#8243; el_class=&#8221;order-lg-1 order-1&#8243; offset=&#8221;vc_col-md-offset-1 vc_col-md-4 vc_col-xs-offset-1 vc_col-xs-10&#8243; css=&#8221;.vc_custom_1760718860145{padding-top: 4em !important;padding-bottom: 4em !important;}&#8221;][vc_column_text css=&#8221;&#8221;]Soggetto responsabile di sorvegliare e di verificare regolarmente l\u2019efficacia del Modello 231, di segnalare eventuali deficienze del Modello 231, di aggiornare il Modello 231 in seguito a modifiche normative o d organizzative; ha l\u2019obbligo di [&hellip;]\" \/>\n<meta property=\"og:url\" content=\"https:\/\/www.caa.it\/it\/il-centro\/modello-231\/\" \/>\n<meta property=\"og:site_name\" content=\"CAA Centro Agricoltura Ambiente\" \/>\n<meta property=\"article:publisher\" content=\"https:\/\/www.facebook.com\/centroagricolturaambiente.giorgionicoli\/\" \/>\n<meta property=\"article:modified_time\" content=\"2025-10-17T16:41:40+00:00\" \/>\n<meta property=\"og:image\" content=\"https:\/\/www.caa.it\/wp-content\/uploads\/2019\/10\/header_organizzazione-e1572359612449.jpg\" \/>\n\t<meta property=\"og:image:width\" content=\"1920\" \/>\n\t<meta property=\"og:image:height\" content=\"604\" \/>\n\t<meta property=\"og:image:type\" content=\"image\/jpeg\" \/>\n<meta name=\"twitter:card\" content=\"summary_large_image\" \/>\n<meta name=\"twitter:site\" content=\"@2013_caa\" \/>\n<meta name=\"twitter:label1\" content=\"Tempo di lettura stimato\" \/>\n\t<meta name=\"twitter:data1\" content=\"3 minuti\" \/>\n<script type=\"application\/ld+json\" class=\"yoast-schema-graph\">{\"@context\":\"https:\\\/\\\/schema.org\",\"@graph\":[{\"@type\":\"WebPage\",\"@id\":\"https:\\\/\\\/www.caa.it\\\/it\\\/il-centro\\\/modello-231\\\/\",\"url\":\"https:\\\/\\\/www.caa.it\\\/it\\\/il-centro\\\/modello-231\\\/\",\"name\":\"Modello 231 - CAA Centro Agricoltura Ambiente\",\"isPartOf\":{\"@id\":\"https:\\\/\\\/www.caa.it\\\/it\\\/#website\"},\"primaryImageOfPage\":{\"@id\":\"https:\\\/\\\/www.caa.it\\\/it\\\/il-centro\\\/modello-231\\\/#primaryimage\"},\"image\":{\"@id\":\"https:\\\/\\\/www.caa.it\\\/it\\\/il-centro\\\/modello-231\\\/#primaryimage\"},\"thumbnailUrl\":\"https:\\\/\\\/www.caa.it\\\/wp-content\\\/uploads\\\/2019\\\/10\\\/header_organizzazione-e1572359612449.jpg\",\"datePublished\":\"2025-09-24T14:11:53+00:00\",\"dateModified\":\"2025-10-17T16:41:40+00:00\",\"breadcrumb\":{\"@id\":\"https:\\\/\\\/www.caa.it\\\/it\\\/il-centro\\\/modello-231\\\/#breadcrumb\"},\"inLanguage\":\"it-IT\",\"potentialAction\":[{\"@type\":\"ReadAction\",\"target\":[\"https:\\\/\\\/www.caa.it\\\/it\\\/il-centro\\\/modello-231\\\/\"]}]},{\"@type\":\"ImageObject\",\"inLanguage\":\"it-IT\",\"@id\":\"https:\\\/\\\/www.caa.it\\\/it\\\/il-centro\\\/modello-231\\\/#primaryimage\",\"url\":\"https:\\\/\\\/www.caa.it\\\/wp-content\\\/uploads\\\/2019\\\/10\\\/header_organizzazione-e1572359612449.jpg\",\"contentUrl\":\"https:\\\/\\\/www.caa.it\\\/wp-content\\\/uploads\\\/2019\\\/10\\\/header_organizzazione-e1572359612449.jpg\",\"width\":1920,\"height\":604},{\"@type\":\"BreadcrumbList\",\"@id\":\"https:\\\/\\\/www.caa.it\\\/it\\\/il-centro\\\/modello-231\\\/#breadcrumb\",\"itemListElement\":[{\"@type\":\"ListItem\",\"position\":1,\"name\":\"Home\",\"item\":\"https:\\\/\\\/www.caa.it\\\/it\\\/\"},{\"@type\":\"ListItem\",\"position\":2,\"name\":\"Il Centro\",\"item\":\"https:\\\/\\\/www.caa.it\\\/it\\\/il-centro\\\/\"},{\"@type\":\"ListItem\",\"position\":3,\"name\":\"Modello 231\"}]},{\"@type\":\"WebSite\",\"@id\":\"https:\\\/\\\/www.caa.it\\\/it\\\/#website\",\"url\":\"https:\\\/\\\/www.caa.it\\\/it\\\/\",\"name\":\"CAA Centro Agricoltura Ambiente\",\"description\":\"Centro Agricoltura Ambiente &quot;Giorgio Nicoli&quot;\",\"publisher\":{\"@id\":\"https:\\\/\\\/www.caa.it\\\/it\\\/#organization\"},\"potentialAction\":[{\"@type\":\"SearchAction\",\"target\":{\"@type\":\"EntryPoint\",\"urlTemplate\":\"https:\\\/\\\/www.caa.it\\\/it\\\/?s={search_term_string}\"},\"query-input\":{\"@type\":\"PropertyValueSpecification\",\"valueRequired\":true,\"valueName\":\"search_term_string\"}}],\"inLanguage\":\"it-IT\"},{\"@type\":\"Organization\",\"@id\":\"https:\\\/\\\/www.caa.it\\\/it\\\/#organization\",\"name\":\"Centro Agricoltura Ambiente\",\"url\":\"https:\\\/\\\/www.caa.it\\\/it\\\/\",\"logo\":{\"@type\":\"ImageObject\",\"inLanguage\":\"it-IT\",\"@id\":\"https:\\\/\\\/www.caa.it\\\/it\\\/#\\\/schema\\\/logo\\\/image\\\/\",\"url\":\"https:\\\/\\\/www.caa.it\\\/wp-content\\\/uploads\\\/2019\\\/01\\\/logo_caa_centro_agricoltura_ambiente_nicoli.png\",\"contentUrl\":\"https:\\\/\\\/www.caa.it\\\/wp-content\\\/uploads\\\/2019\\\/01\\\/logo_caa_centro_agricoltura_ambiente_nicoli.png\",\"width\":567,\"height\":129,\"caption\":\"Centro Agricoltura Ambiente\"},\"image\":{\"@id\":\"https:\\\/\\\/www.caa.it\\\/it\\\/#\\\/schema\\\/logo\\\/image\\\/\"},\"sameAs\":[\"https:\\\/\\\/www.facebook.com\\\/centroagricolturaambiente.giorgionicoli\\\/\",\"https:\\\/\\\/x.com\\\/2013_caa\",\"https:\\\/\\\/www.linkedin.com\\\/company\\\/centro-agricoltura-ambiente-giorgio-nicoli-s-r-l-\\\/?originalSubdomain=it\",\"https:\\\/\\\/www.youtube.com\\\/channel\\\/UCeJ0U2Q4OY19f51sXSRPx2w\",\"https:\\\/\\\/web-cdn.bsky.app\\\/profile\\\/caasrl.bsky.social\"]}]}<\/script>\n<!-- \/ Yoast SEO plugin. -->","yoast_head_json":{"title":"Modello 231 - CAA Centro Agricoltura Ambiente","robots":{"index":"index","follow":"follow","max-snippet":"max-snippet:-1","max-image-preview":"max-image-preview:large","max-video-preview":"max-video-preview:-1"},"canonical":"https:\/\/www.caa.it\/it\/il-centro\/modello-231\/","og_locale":"it_IT","og_type":"article","og_title":"Modello 231 - CAA Centro Agricoltura Ambiente","og_description":"[vc_row full_width=&#8221;stretch_row_content_no_spaces&#8221; content_placement=&#8221;middle&#8221; css=&#8221;.vc_custom_1759399065304{padding-top: 0px !important;padding-bottom: 0px !important;}&#8221;][vc_column width=&#8221;5\/6&#8243; el_class=&#8221;order-lg-1 order-1&#8243; offset=&#8221;vc_col-md-offset-1 vc_col-md-4 vc_col-xs-offset-1 vc_col-xs-10&#8243; css=&#8221;.vc_custom_1760718860145{padding-top: 4em !important;padding-bottom: 4em !important;}&#8221;][vc_column_text css=&#8221;&#8221;]Soggetto responsabile di sorvegliare e di verificare regolarmente l\u2019efficacia del Modello 231, di segnalare eventuali deficienze del Modello 231, di aggiornare il Modello 231 in seguito a modifiche normative o d organizzative; ha l\u2019obbligo di [&hellip;]","og_url":"https:\/\/www.caa.it\/it\/il-centro\/modello-231\/","og_site_name":"CAA Centro Agricoltura Ambiente","article_publisher":"https:\/\/www.facebook.com\/centroagricolturaambiente.giorgionicoli\/","article_modified_time":"2025-10-17T16:41:40+00:00","og_image":[{"width":1920,"height":604,"url":"https:\/\/www.caa.it\/wp-content\/uploads\/2019\/10\/header_organizzazione-e1572359612449.jpg","type":"image\/jpeg"}],"twitter_card":"summary_large_image","twitter_site":"@2013_caa","twitter_misc":{"Tempo di lettura stimato":"3 minuti"},"schema":{"@context":"https:\/\/schema.org","@graph":[{"@type":"WebPage","@id":"https:\/\/www.caa.it\/it\/il-centro\/modello-231\/","url":"https:\/\/www.caa.it\/it\/il-centro\/modello-231\/","name":"Modello 231 - CAA Centro Agricoltura Ambiente","isPartOf":{"@id":"https:\/\/www.caa.it\/it\/#website"},"primaryImageOfPage":{"@id":"https:\/\/www.caa.it\/it\/il-centro\/modello-231\/#primaryimage"},"image":{"@id":"https:\/\/www.caa.it\/it\/il-centro\/modello-231\/#primaryimage"},"thumbnailUrl":"https:\/\/www.caa.it\/wp-content\/uploads\/2019\/10\/header_organizzazione-e1572359612449.jpg","datePublished":"2025-09-24T14:11:53+00:00","dateModified":"2025-10-17T16:41:40+00:00","breadcrumb":{"@id":"https:\/\/www.caa.it\/it\/il-centro\/modello-231\/#breadcrumb"},"inLanguage":"it-IT","potentialAction":[{"@type":"ReadAction","target":["https:\/\/www.caa.it\/it\/il-centro\/modello-231\/"]}]},{"@type":"ImageObject","inLanguage":"it-IT","@id":"https:\/\/www.caa.it\/it\/il-centro\/modello-231\/#primaryimage","url":"https:\/\/www.caa.it\/wp-content\/uploads\/2019\/10\/header_organizzazione-e1572359612449.jpg","contentUrl":"https:\/\/www.caa.it\/wp-content\/uploads\/2019\/10\/header_organizzazione-e1572359612449.jpg","width":1920,"height":604},{"@type":"BreadcrumbList","@id":"https:\/\/www.caa.it\/it\/il-centro\/modello-231\/#breadcrumb","itemListElement":[{"@type":"ListItem","position":1,"name":"Home","item":"https:\/\/www.caa.it\/it\/"},{"@type":"ListItem","position":2,"name":"Il Centro","item":"https:\/\/www.caa.it\/it\/il-centro\/"},{"@type":"ListItem","position":3,"name":"Modello 231"}]},{"@type":"WebSite","@id":"https:\/\/www.caa.it\/it\/#website","url":"https:\/\/www.caa.it\/it\/","name":"CAA Centro Agricoltura Ambiente","description":"Centro Agricoltura Ambiente &quot;Giorgio Nicoli&quot;","publisher":{"@id":"https:\/\/www.caa.it\/it\/#organization"},"potentialAction":[{"@type":"SearchAction","target":{"@type":"EntryPoint","urlTemplate":"https:\/\/www.caa.it\/it\/?s={search_term_string}"},"query-input":{"@type":"PropertyValueSpecification","valueRequired":true,"valueName":"search_term_string"}}],"inLanguage":"it-IT"},{"@type":"Organization","@id":"https:\/\/www.caa.it\/it\/#organization","name":"Centro Agricoltura Ambiente","url":"https:\/\/www.caa.it\/it\/","logo":{"@type":"ImageObject","inLanguage":"it-IT","@id":"https:\/\/www.caa.it\/it\/#\/schema\/logo\/image\/","url":"https:\/\/www.caa.it\/wp-content\/uploads\/2019\/01\/logo_caa_centro_agricoltura_ambiente_nicoli.png","contentUrl":"https:\/\/www.caa.it\/wp-content\/uploads\/2019\/01\/logo_caa_centro_agricoltura_ambiente_nicoli.png","width":567,"height":129,"caption":"Centro Agricoltura Ambiente"},"image":{"@id":"https:\/\/www.caa.it\/it\/#\/schema\/logo\/image\/"},"sameAs":["https:\/\/www.facebook.com\/centroagricolturaambiente.giorgionicoli\/","https:\/\/x.com\/2013_caa","https:\/\/www.linkedin.com\/company\/centro-agricoltura-ambiente-giorgio-nicoli-s-r-l-\/?originalSubdomain=it","https:\/\/www.youtube.com\/channel\/UCeJ0U2Q4OY19f51sXSRPx2w","https:\/\/web-cdn.bsky.app\/profile\/caasrl.bsky.social"]}]}},"_links":{"self":[{"href":"https:\/\/www.caa.it\/it\/wp-json\/wp\/v2\/pages\/17","targetHints":{"allow":["GET"]}}],"collection":[{"href":"https:\/\/www.caa.it\/it\/wp-json\/wp\/v2\/pages"}],"about":[{"href":"https:\/\/www.caa.it\/it\/wp-json\/wp\/v2\/types\/page"}],"author":[{"embeddable":true,"href":"https:\/\/www.caa.it\/it\/wp-json\/wp\/v2\/users\/1"}],"replies":[{"embeddable":true,"href":"https:\/\/www.caa.it\/it\/wp-json\/wp\/v2\/comments?post=17"}],"version-history":[{"count":13,"href":"https:\/\/www.caa.it\/it\/wp-json\/wp\/v2\/pages\/17\/revisions"}],"predecessor-version":[{"id":9015,"href":"https:\/\/www.caa.it\/it\/wp-json\/wp\/v2\/pages\/17\/revisions\/9015"}],"up":[{"embeddable":true,"href":"https:\/\/www.caa.it\/it\/wp-json\/wp\/v2\/pages\/122"}],"wp:featuredmedia":[{"embeddable":true,"href":"https:\/\/www.caa.it\/it\/wp-json\/wp\/v2\/media\/3646"}],"wp:attachment":[{"href":"https:\/\/www.caa.it\/it\/wp-json\/wp\/v2\/media?parent=17"}],"curies":[{"name":"wp","href":"https:\/\/api.w.org\/{rel}","templated":true}]}}