{"id":29,"date":"2025-09-24T16:14:28","date_gmt":"2025-09-24T14:14:28","guid":{"rendered":"https:\/\/web.caa.it\/?page_id=29"},"modified":"2025-10-23T17:25:08","modified_gmt":"2025-10-23T15:25:08","slug":"laboratorio-di-entomologia","status":"publish","type":"page","link":"https:\/\/www.caa.it\/it\/attivita\/aree-di-ricerca-innovazione\/laboratorio-di-entomologia\/","title":{"rendered":"Laboratorio di entomologia"},"content":{"rendered":"<div class=\"wpb-content-wrapper\"><p>[vc_row][vc_column width=&#8221;1\/2&#8243;][vc_column_text css=&#8221;&#8221;]Nel laboratorio EZS, dal 2008 accreditato anche per prove con organismi patogeni a livello di <strong>biosicurezza BSL3<\/strong>, da oltre 15 anni opera personale specializzato.<\/p>\n<p>Il laboratorio \u00e8 attrezzato per l\u2019allevamento di insetti e per la <a href=\"\/entomologia-e-zoologia-sanitarie\/saggi-biologici\/\">conduzione di biosaggi<\/a> al fine di valutare l\u2019efficacia dei principi attivi e formulati commerciali a base microbiologica, chimica e ormono-simile.<\/p>\n<p>La gestione complessiva del Laboratorio \u00e8 condotta secondo le prescrizioni del <a href=\"\/it\/il-centro\/certificazioni\/\">Sistema qualit\u00e0 aziendale UNI EN ISO 9001<\/a>. Da Aprile 2015 CAA ha conseguito la <a href=\"\/it\/il-centro\/certificazioni\/\">certificazione ambientale ISO 14001<\/a> pertanto lavora secondo standard internazionali che garantiscono la correttezza dei programmi e delle attivit\u00e0 svolte, improntate a procedure sempre verificabili che seguono una precisa politica aziendale di Qualit\u00e0 e Ambiente. I principi e le procedure del sistema qualit\u00e0 applicate alla gestione del laboratorio garantiscono la rintracciabilit\u00e0 delle prove condotte e la qualit\u00e0 dei risultati delle stesse.[\/vc_column_text][\/vc_column][vc_column width=&#8221;1\/2&#8243;][vc_single_image image=&#8221;5510&#8243; img_size=&#8221;full&#8221; css=&#8221;&#8221;][\/vc_column][\/vc_row][vc_row][vc_column][vc_tta_tabs][vc_tta_section title=&#8221;Il Collaborating Centre IAEA&#8221; tab_id=&#8221;1760445322473-f2e65974-3e02&#8243;][vc_single_image image=&#8221;5518&#8243; img_size=&#8221;full&#8221; css=&#8221;&#8221;][vc_column_text css=&#8221;&#8221;]<\/p>\n<h4>Il Collaborating Centre IAEA<\/h4>\n<p>Centro Agricoltura Ambiente \u201cG. Nicoli\u201d \u00e8 stato designato Collaborating Centre dell\u2019<a href=\"https:\/\/www.iaea.org\/\" target=\"_blank\" rel=\"noopener\">Agenzia Internazionale per l\u2019Energia Atomica<\/a> (IAEA) di Vienna dal 2011 ed \u00e8 stato recentemente riconfermato fino al 2026.<\/p>\n<p>Il Collaborating Centre IAEA (CC IAEA) \u00e8 un\u2019istituzione scientifica che assiste IAEA nell\u2019attuazione del suo programma attraverso la ricerca, lo sviluppo applicativo e la formazione nell\u2019ambito di importanti filoni di impiego di tecnologie nucleari.[\/vc_column_text][vc_column_text css=&#8221;&#8221; el_class=&#8221;quote-block&#8221;]<em>La designazione di Collaborating Centre \u00e8 un riconoscimento internazionale dell\u2019importanza scientifica del lavoro che una determinata istituzione sta conducendo e come espressione di salda collaborazione da parte dell\u2019Agenzia.<\/em>[\/vc_column_text][vc_column_text css=&#8221;&#8221;]Il nuovo progetto di lavoro condiviso con IAEA verr\u00e0 sviluppato su 5 anni (2022-2026) e riguarder\u00e0 il proseguimento sullo sviluppo di tecnologie e metodi per l\u2019applicazione della tecnica dell\u2019insetto sterile (SIT) per il controllo genetico delle zanzare del genere Aedes, vettori di malattie.<\/p>\n<p>L\u2019obiettivo generale di questa collaborazione \u00e8 quello di sviluppare ulteriormente e migliorare la tecnologia SIT per le zanzare Aedes, compresi i metodi di controllo della qualit\u00e0, allevamento massale, trasporto a lunga distanza di zanzare sterilizzate e monitoraggio\/competitivit\u00e0 in campo dei maschi sterilizzati, metodi di rilascio (via terra ed aerea tramite droni).<\/p>\n<ul>\n<li><a href=\"http:\/\/www.caa.it\/wp-content\/uploads\/2019\/03\/brochure_IAEA_CC_CAA.pdf\" target=\"_blank\" rel=\"noopener\">Scarica Brochure CAA IAEA CC<\/a><\/li>\n<li><a href=\"https:\/\/www.iaea.org\/sites\/default\/files\/19\/09\/collaborating-centres.pdf\" target=\"_blank\" rel=\"noopener\">Lista Collaborating Centres IAEA<\/a><\/li>\n<\/ul>\n<p>[\/vc_column_text][\/vc_tta_section][vc_tta_section title=&#8221;Il laboratorio&#8221; tab_id=&#8221;1760445322478-37b094a9-bd7a&#8221;][vc_single_image image=&#8221;5514&#8243; img_size=&#8221;full&#8221; css=&#8221;&#8221;][vc_column_text css=&#8221;&#8221;]<\/p>\n<h4>Il laboratorio<\/h4>\n<p>Il materiale biologico disponibile nel laboratorio \u00e8 ottenuto da allevamenti a ciclo chiuso e continuo di specie di zanzare quali <em>Culex pipiens molestus<\/em> (Zanzara Comune) e <em>Aedes albopictus<\/em> (Zanzara Tigre) e di microcrostacei predatori quali <em>Macrocyclops albidus<\/em>.<br \/>\nInoltre vi si svolgono regolarmente saggi per la determinazione dei livelli di resistenza delle popolazioni larvali culicidiche dei territori sottoposti da anni a lotta con <em>Bacillus thuringiensis var. israelensis e Diflubenzuron<\/em>.<br \/>\nLa disponibilit\u00e0 <strong>3 celle climatizzate indipendenti<\/strong> (10,2 mq) progettate per garantire il perfetto funzionamento e la stabilit\u00e0 delle condizioni impostate (Temperatura, Umidit\u00e0 Relativa e Fotoperiodo), consente l\u2019allevamento in sicurezza di maschi di <em>Ae. albopictus<\/em> da utilizzare nei lanci di maschi sterili nell\u2019ambito di prove di lotta con la <a href=\"\/entomologia-e-zoologia-sanitarie\/lotta-alle-zanzare\/sterile-insect-technique\/\">metodica SIT<\/a>.<\/p>\n<p>Il laboratorio BL3 \u00e8 dotato di attrezzature che consentono ai tecnici di operare in sicurezza:<\/p>\n<ul class=\"check\">\n<li>Gabbie di sicurezza per il mantenimento di insetti infettati e\/o infettivi;<\/li>\n<li>Cappa di sicurezza biologica di classe II;<\/li>\n<li>Autoclave per decontaminazione di attrezzature e materiali;<\/li>\n<li>Sistema di decontaminazione e di smaltimento dei rifiuti biologici secondo le normative vigenti.<\/li>\n<\/ul>\n<p>[\/vc_column_text][\/vc_tta_section][vc_tta_section title=&#8221;Il modulo di allevamento&#8221; tab_id=&#8221;1760445384896-f294e275-15c7&#8243;][vc_single_image image=&#8221;5458&#8243; img_size=&#8221;full&#8221; css=&#8221;&#8221;][vc_column_text css=&#8221;&#8221;]<\/p>\n<h4>Modulo sperimentale di allevamento massale<\/h4>\n<p>Al fine di aumentare la produzione di maschi sterili di Aedes albopictus, CAA ha sviluppato un modulo SIT con una capacit\u00e0 di produzione massima di <strong>circa 1.000.000 di maschi sterili a settimana<\/strong>. Il modulo ha due grandi camere climatizzate controllate di 18 mq ciascuna e una superficie di laboratorio di circa 45 mq. Il modulo \u00e8 dotato di un addolcitore d\u2019acqua, un sistema di controllo dello scaldabagno e un filtro dell\u2019acqua riutilizzabile meccanico da 200 micron per assicurare il confinamento degli stadi larvali nell\u2019unit\u00e0 di allevamento.<\/p>\n<p>Il modulo ha un accesso controllato e un sistema di circolazione dell\u2019aria filtrata per evitare la fuga di stadi di insetti adulti. Il modulo ha quindi un livello di <strong>contenimento della biosicurezza BSL2<\/strong> in grado di consentire la produzione in serie di specie Aedes invasive.[\/vc_column_text][vc_column_text css=&#8221;&#8221; el_class=&#8221;quote-block&#8221;]Il modulo CAA SIT, dotato di carrelli, vassoi e gabbie per la produzione massale di adulti raggiunger\u00e0 la sua capacit\u00e0 massima di produzione nel 2021.[\/vc_column_text][vc_single_image image=&#8221;4108&#8243; img_size=&#8221;full&#8221; css=&#8221;&#8221;][vc_column_text css=&#8221;&#8221;]Dal 2022 i maschi prodotti dal modulo possono essere sterilizzati tramite la <strong>macchina a raggi X<\/strong> acquistata permettendo quindi di ridurre i tempi di preparazione delle zanzare sterilizzate e consentendo di effettue prove sulla sterilizzazione con raggi X.[\/vc_column_text][\/vc_tta_section][\/vc_tta_tabs][\/vc_column][\/vc_row]<\/p>\n<\/div>","protected":false},"excerpt":{"rendered":"<p>[vc_row][vc_column width=&#8221;1\/2&#8243;][vc_column_text css=&#8221;&#8221;]Nel laboratorio EZS, dal 2008 accreditato anche per prove con organismi patogeni a livello di biosicurezza BSL3, da oltre 15 anni opera personale specializzato. Il laboratorio \u00e8 attrezzato per l\u2019allevamento di insetti e per la conduzione di biosaggi al fine di valutare l\u2019efficacia dei principi attivi e formulati commerciali a base microbiologica, chimica [&hellip;]<\/p>\n","protected":false},"author":1,"featured_media":1573,"parent":27,"menu_order":0,"comment_status":"closed","ping_status":"closed","template":"","meta":{"_acf_changed":false,"footnotes":""},"class_list":["post-29","page","type-page","status-publish","has-post-thumbnail","hentry"],"acf":[],"yoast_head":"<!-- This site is optimized with the Yoast SEO plugin v27.4 - https:\/\/yoast.com\/product\/yoast-seo-wordpress\/ -->\n<title>Laboratorio di entomologia - CAA Centro Agricoltura Ambiente<\/title>\n<meta name=\"robots\" content=\"index, follow, max-snippet:-1, max-image-preview:large, max-video-preview:-1\" \/>\n<link rel=\"canonical\" href=\"https:\/\/www.caa.it\/it\/attivita\/aree-di-ricerca-innovazione\/laboratorio-di-entomologia\/\" \/>\n<meta property=\"og:locale\" content=\"it_IT\" \/>\n<meta property=\"og:type\" content=\"article\" \/>\n<meta property=\"og:title\" content=\"Laboratorio di entomologia - CAA Centro Agricoltura Ambiente\" \/>\n<meta property=\"og:description\" content=\"[vc_row][vc_column width=&#8221;1\/2&#8243;][vc_column_text css=&#8221;&#8221;]Nel laboratorio EZS, dal 2008 accreditato anche per prove con organismi patogeni a livello di biosicurezza BSL3, da oltre 15 anni opera personale specializzato. Il laboratorio \u00e8 attrezzato per l\u2019allevamento di insetti e per la conduzione di biosaggi al fine di valutare l\u2019efficacia dei principi attivi e formulati commerciali a base microbiologica, chimica [&hellip;]\" \/>\n<meta property=\"og:url\" content=\"https:\/\/www.caa.it\/it\/attivita\/aree-di-ricerca-innovazione\/laboratorio-di-entomologia\/\" \/>\n<meta property=\"og:site_name\" content=\"CAA Centro Agricoltura Ambiente\" \/>\n<meta property=\"article:publisher\" content=\"https:\/\/www.facebook.com\/centroagricolturaambiente.giorgionicoli\/\" \/>\n<meta property=\"article:modified_time\" content=\"2025-10-23T15:25:08+00:00\" \/>\n<meta property=\"og:image\" content=\"https:\/\/www.caa.it\/wp-content\/uploads\/2019\/03\/laboratorio_slide_caa.jpg\" \/>\n\t<meta property=\"og:image:width\" content=\"1920\" \/>\n\t<meta property=\"og:image:height\" content=\"1105\" \/>\n\t<meta property=\"og:image:type\" content=\"image\/jpeg\" \/>\n<meta name=\"twitter:card\" content=\"summary_large_image\" \/>\n<meta name=\"twitter:site\" content=\"@2013_caa\" \/>\n<meta name=\"twitter:label1\" content=\"Tempo di lettura stimato\" \/>\n\t<meta name=\"twitter:data1\" content=\"6 minuti\" \/>\n<script type=\"application\/ld+json\" class=\"yoast-schema-graph\">{\"@context\":\"https:\\\/\\\/schema.org\",\"@graph\":[{\"@type\":\"WebPage\",\"@id\":\"https:\\\/\\\/www.caa.it\\\/it\\\/attivita\\\/aree-di-ricerca-innovazione\\\/laboratorio-di-entomologia\\\/\",\"url\":\"https:\\\/\\\/www.caa.it\\\/it\\\/attivita\\\/aree-di-ricerca-innovazione\\\/laboratorio-di-entomologia\\\/\",\"name\":\"Laboratorio di entomologia - CAA Centro Agricoltura Ambiente\",\"isPartOf\":{\"@id\":\"https:\\\/\\\/www.caa.it\\\/it\\\/#website\"},\"primaryImageOfPage\":{\"@id\":\"https:\\\/\\\/www.caa.it\\\/it\\\/attivita\\\/aree-di-ricerca-innovazione\\\/laboratorio-di-entomologia\\\/#primaryimage\"},\"image\":{\"@id\":\"https:\\\/\\\/www.caa.it\\\/it\\\/attivita\\\/aree-di-ricerca-innovazione\\\/laboratorio-di-entomologia\\\/#primaryimage\"},\"thumbnailUrl\":\"https:\\\/\\\/www.caa.it\\\/wp-content\\\/uploads\\\/2019\\\/03\\\/laboratorio_slide_caa.jpg\",\"datePublished\":\"2025-09-24T14:14:28+00:00\",\"dateModified\":\"2025-10-23T15:25:08+00:00\",\"breadcrumb\":{\"@id\":\"https:\\\/\\\/www.caa.it\\\/it\\\/attivita\\\/aree-di-ricerca-innovazione\\\/laboratorio-di-entomologia\\\/#breadcrumb\"},\"inLanguage\":\"it-IT\",\"potentialAction\":[{\"@type\":\"ReadAction\",\"target\":[\"https:\\\/\\\/www.caa.it\\\/it\\\/attivita\\\/aree-di-ricerca-innovazione\\\/laboratorio-di-entomologia\\\/\"]}]},{\"@type\":\"ImageObject\",\"inLanguage\":\"it-IT\",\"@id\":\"https:\\\/\\\/www.caa.it\\\/it\\\/attivita\\\/aree-di-ricerca-innovazione\\\/laboratorio-di-entomologia\\\/#primaryimage\",\"url\":\"https:\\\/\\\/www.caa.it\\\/wp-content\\\/uploads\\\/2019\\\/03\\\/laboratorio_slide_caa.jpg\",\"contentUrl\":\"https:\\\/\\\/www.caa.it\\\/wp-content\\\/uploads\\\/2019\\\/03\\\/laboratorio_slide_caa.jpg\",\"width\":1920,\"height\":1105},{\"@type\":\"BreadcrumbList\",\"@id\":\"https:\\\/\\\/www.caa.it\\\/it\\\/attivita\\\/aree-di-ricerca-innovazione\\\/laboratorio-di-entomologia\\\/#breadcrumb\",\"itemListElement\":[{\"@type\":\"ListItem\",\"position\":1,\"name\":\"Home\",\"item\":\"https:\\\/\\\/www.caa.it\\\/it\\\/\"},{\"@type\":\"ListItem\",\"position\":2,\"name\":\"Attivit\u00e0\",\"item\":\"https:\\\/\\\/www.caa.it\\\/it\\\/attivita\\\/\"},{\"@type\":\"ListItem\",\"position\":3,\"name\":\"Aree di Ricerca &#038; Innovazione\",\"item\":\"https:\\\/\\\/www.caa.it\\\/it\\\/attivita\\\/aree-di-ricerca-innovazione\\\/\"},{\"@type\":\"ListItem\",\"position\":4,\"name\":\"Laboratorio di entomologia\"}]},{\"@type\":\"WebSite\",\"@id\":\"https:\\\/\\\/www.caa.it\\\/it\\\/#website\",\"url\":\"https:\\\/\\\/www.caa.it\\\/it\\\/\",\"name\":\"CAA Centro Agricoltura Ambiente\",\"description\":\"Centro Agricoltura Ambiente &quot;Giorgio Nicoli&quot;\",\"publisher\":{\"@id\":\"https:\\\/\\\/www.caa.it\\\/it\\\/#organization\"},\"potentialAction\":[{\"@type\":\"SearchAction\",\"target\":{\"@type\":\"EntryPoint\",\"urlTemplate\":\"https:\\\/\\\/www.caa.it\\\/it\\\/?s={search_term_string}\"},\"query-input\":{\"@type\":\"PropertyValueSpecification\",\"valueRequired\":true,\"valueName\":\"search_term_string\"}}],\"inLanguage\":\"it-IT\"},{\"@type\":\"Organization\",\"@id\":\"https:\\\/\\\/www.caa.it\\\/it\\\/#organization\",\"name\":\"Centro Agricoltura Ambiente\",\"url\":\"https:\\\/\\\/www.caa.it\\\/it\\\/\",\"logo\":{\"@type\":\"ImageObject\",\"inLanguage\":\"it-IT\",\"@id\":\"https:\\\/\\\/www.caa.it\\\/it\\\/#\\\/schema\\\/logo\\\/image\\\/\",\"url\":\"https:\\\/\\\/www.caa.it\\\/wp-content\\\/uploads\\\/2019\\\/01\\\/logo_caa_centro_agricoltura_ambiente_nicoli.png\",\"contentUrl\":\"https:\\\/\\\/www.caa.it\\\/wp-content\\\/uploads\\\/2019\\\/01\\\/logo_caa_centro_agricoltura_ambiente_nicoli.png\",\"width\":567,\"height\":129,\"caption\":\"Centro Agricoltura Ambiente\"},\"image\":{\"@id\":\"https:\\\/\\\/www.caa.it\\\/it\\\/#\\\/schema\\\/logo\\\/image\\\/\"},\"sameAs\":[\"https:\\\/\\\/www.facebook.com\\\/centroagricolturaambiente.giorgionicoli\\\/\",\"https:\\\/\\\/x.com\\\/2013_caa\",\"https:\\\/\\\/www.linkedin.com\\\/company\\\/centro-agricoltura-ambiente-giorgio-nicoli-s-r-l-\\\/?originalSubdomain=it\",\"https:\\\/\\\/www.youtube.com\\\/channel\\\/UCeJ0U2Q4OY19f51sXSRPx2w\",\"https:\\\/\\\/web-cdn.bsky.app\\\/profile\\\/caasrl.bsky.social\"]}]}<\/script>\n<!-- \/ Yoast SEO plugin. -->","yoast_head_json":{"title":"Laboratorio di entomologia - CAA Centro Agricoltura Ambiente","robots":{"index":"index","follow":"follow","max-snippet":"max-snippet:-1","max-image-preview":"max-image-preview:large","max-video-preview":"max-video-preview:-1"},"canonical":"https:\/\/www.caa.it\/it\/attivita\/aree-di-ricerca-innovazione\/laboratorio-di-entomologia\/","og_locale":"it_IT","og_type":"article","og_title":"Laboratorio di entomologia - CAA Centro Agricoltura Ambiente","og_description":"[vc_row][vc_column width=&#8221;1\/2&#8243;][vc_column_text css=&#8221;&#8221;]Nel laboratorio EZS, dal 2008 accreditato anche per prove con organismi patogeni a livello di biosicurezza BSL3, da oltre 15 anni opera personale specializzato. Il laboratorio \u00e8 attrezzato per l\u2019allevamento di insetti e per la conduzione di biosaggi al fine di valutare l\u2019efficacia dei principi attivi e formulati commerciali a base microbiologica, chimica [&hellip;]","og_url":"https:\/\/www.caa.it\/it\/attivita\/aree-di-ricerca-innovazione\/laboratorio-di-entomologia\/","og_site_name":"CAA Centro Agricoltura Ambiente","article_publisher":"https:\/\/www.facebook.com\/centroagricolturaambiente.giorgionicoli\/","article_modified_time":"2025-10-23T15:25:08+00:00","og_image":[{"width":1920,"height":1105,"url":"https:\/\/www.caa.it\/wp-content\/uploads\/2019\/03\/laboratorio_slide_caa.jpg","type":"image\/jpeg"}],"twitter_card":"summary_large_image","twitter_site":"@2013_caa","twitter_misc":{"Tempo di lettura stimato":"6 minuti"},"schema":{"@context":"https:\/\/schema.org","@graph":[{"@type":"WebPage","@id":"https:\/\/www.caa.it\/it\/attivita\/aree-di-ricerca-innovazione\/laboratorio-di-entomologia\/","url":"https:\/\/www.caa.it\/it\/attivita\/aree-di-ricerca-innovazione\/laboratorio-di-entomologia\/","name":"Laboratorio di entomologia - CAA Centro Agricoltura Ambiente","isPartOf":{"@id":"https:\/\/www.caa.it\/it\/#website"},"primaryImageOfPage":{"@id":"https:\/\/www.caa.it\/it\/attivita\/aree-di-ricerca-innovazione\/laboratorio-di-entomologia\/#primaryimage"},"image":{"@id":"https:\/\/www.caa.it\/it\/attivita\/aree-di-ricerca-innovazione\/laboratorio-di-entomologia\/#primaryimage"},"thumbnailUrl":"https:\/\/www.caa.it\/wp-content\/uploads\/2019\/03\/laboratorio_slide_caa.jpg","datePublished":"2025-09-24T14:14:28+00:00","dateModified":"2025-10-23T15:25:08+00:00","breadcrumb":{"@id":"https:\/\/www.caa.it\/it\/attivita\/aree-di-ricerca-innovazione\/laboratorio-di-entomologia\/#breadcrumb"},"inLanguage":"it-IT","potentialAction":[{"@type":"ReadAction","target":["https:\/\/www.caa.it\/it\/attivita\/aree-di-ricerca-innovazione\/laboratorio-di-entomologia\/"]}]},{"@type":"ImageObject","inLanguage":"it-IT","@id":"https:\/\/www.caa.it\/it\/attivita\/aree-di-ricerca-innovazione\/laboratorio-di-entomologia\/#primaryimage","url":"https:\/\/www.caa.it\/wp-content\/uploads\/2019\/03\/laboratorio_slide_caa.jpg","contentUrl":"https:\/\/www.caa.it\/wp-content\/uploads\/2019\/03\/laboratorio_slide_caa.jpg","width":1920,"height":1105},{"@type":"BreadcrumbList","@id":"https:\/\/www.caa.it\/it\/attivita\/aree-di-ricerca-innovazione\/laboratorio-di-entomologia\/#breadcrumb","itemListElement":[{"@type":"ListItem","position":1,"name":"Home","item":"https:\/\/www.caa.it\/it\/"},{"@type":"ListItem","position":2,"name":"Attivit\u00e0","item":"https:\/\/www.caa.it\/it\/attivita\/"},{"@type":"ListItem","position":3,"name":"Aree di Ricerca &#038; Innovazione","item":"https:\/\/www.caa.it\/it\/attivita\/aree-di-ricerca-innovazione\/"},{"@type":"ListItem","position":4,"name":"Laboratorio di entomologia"}]},{"@type":"WebSite","@id":"https:\/\/www.caa.it\/it\/#website","url":"https:\/\/www.caa.it\/it\/","name":"CAA Centro Agricoltura Ambiente","description":"Centro Agricoltura Ambiente &quot;Giorgio Nicoli&quot;","publisher":{"@id":"https:\/\/www.caa.it\/it\/#organization"},"potentialAction":[{"@type":"SearchAction","target":{"@type":"EntryPoint","urlTemplate":"https:\/\/www.caa.it\/it\/?s={search_term_string}"},"query-input":{"@type":"PropertyValueSpecification","valueRequired":true,"valueName":"search_term_string"}}],"inLanguage":"it-IT"},{"@type":"Organization","@id":"https:\/\/www.caa.it\/it\/#organization","name":"Centro Agricoltura Ambiente","url":"https:\/\/www.caa.it\/it\/","logo":{"@type":"ImageObject","inLanguage":"it-IT","@id":"https:\/\/www.caa.it\/it\/#\/schema\/logo\/image\/","url":"https:\/\/www.caa.it\/wp-content\/uploads\/2019\/01\/logo_caa_centro_agricoltura_ambiente_nicoli.png","contentUrl":"https:\/\/www.caa.it\/wp-content\/uploads\/2019\/01\/logo_caa_centro_agricoltura_ambiente_nicoli.png","width":567,"height":129,"caption":"Centro Agricoltura Ambiente"},"image":{"@id":"https:\/\/www.caa.it\/it\/#\/schema\/logo\/image\/"},"sameAs":["https:\/\/www.facebook.com\/centroagricolturaambiente.giorgionicoli\/","https:\/\/x.com\/2013_caa","https:\/\/www.linkedin.com\/company\/centro-agricoltura-ambiente-giorgio-nicoli-s-r-l-\/?originalSubdomain=it","https:\/\/www.youtube.com\/channel\/UCeJ0U2Q4OY19f51sXSRPx2w","https:\/\/web-cdn.bsky.app\/profile\/caasrl.bsky.social"]}]}},"_links":{"self":[{"href":"https:\/\/www.caa.it\/it\/wp-json\/wp\/v2\/pages\/29","targetHints":{"allow":["GET"]}}],"collection":[{"href":"https:\/\/www.caa.it\/it\/wp-json\/wp\/v2\/pages"}],"about":[{"href":"https:\/\/www.caa.it\/it\/wp-json\/wp\/v2\/types\/page"}],"author":[{"embeddable":true,"href":"https:\/\/www.caa.it\/it\/wp-json\/wp\/v2\/users\/1"}],"replies":[{"embeddable":true,"href":"https:\/\/www.caa.it\/it\/wp-json\/wp\/v2\/comments?post=29"}],"version-history":[{"count":7,"href":"https:\/\/www.caa.it\/it\/wp-json\/wp\/v2\/pages\/29\/revisions"}],"predecessor-version":[{"id":8202,"href":"https:\/\/www.caa.it\/it\/wp-json\/wp\/v2\/pages\/29\/revisions\/8202"}],"up":[{"embeddable":true,"href":"https:\/\/www.caa.it\/it\/wp-json\/wp\/v2\/pages\/27"}],"wp:featuredmedia":[{"embeddable":true,"href":"https:\/\/www.caa.it\/it\/wp-json\/wp\/v2\/media\/1573"}],"wp:attachment":[{"href":"https:\/\/www.caa.it\/it\/wp-json\/wp\/v2\/media?parent=29"}],"curies":[{"name":"wp","href":"https:\/\/api.w.org\/{rel}","templated":true}]}}