{"id":38,"date":"2025-09-24T16:15:54","date_gmt":"2025-09-24T14:15:54","guid":{"rendered":"https:\/\/web.caa.it\/?page_id=38"},"modified":"2025-10-14T14:53:58","modified_gmt":"2025-10-14T12:53:58","slug":"entomologia-e-zoologia-sanitarie","status":"publish","type":"page","link":"https:\/\/www.caa.it\/it\/attivita\/entomologia-e-zoologia-sanitarie\/","title":{"rendered":"Entomologia e zoologia sanitarie"},"content":{"rendered":"<div class=\"wpb-content-wrapper\"><p>[vc_row][vc_column][vc_column_text css=&#8221;&#8221;]Il settore si occupa della messa a punto di nuove tecniche di sorveglianza e controllo degli <strong>artropodi ematofagi<\/strong> e dell\u2019applicazione su vasta scala territoriale delle pi\u00f9 avanzate tecnologie di lotta biologica e integrata a basso impatto ambientale per il contenimento delle popolazioni di zanzare e di <strong>altri organismi infestanti<\/strong> come per esempio: mosche, muridi (topi e ratti), blattoidei, uccelli sinantropi (es. colombi).<\/p>\n<p>CAA \u00e8 da anni membro delle pi\u00f9 importanti societ\u00e0 scientifiche del settore, a livello internazionale: <a href=\"https:\/\/www.entsoc.org\/\">Entomological Society of America<\/a>, <a href=\"http:\/\/www.sove.org\/\">Society of Vector Ecology (SOVE)<\/a>, <a href=\"https:\/\/www.mosquito.org\/\">American Mosquito Control Association (AMCA)<\/a>, Societ\u00e0 italiana di Parassitologia, Centro italiano Studi di Biologia Ambientale, <a href=\"http:\/\/www.emca-online.eu\/\">European Mosquito Control Association (EMCA)<\/a>.[\/vc_column_text][\/vc_column][\/vc_row][vc_row][vc_column][vc_tta_tabs][vc_tta_section title=&#8221;Zanzare indigene&#8221; tab_id=&#8221;1760446368397-380aa87d-61cb&#8221;][vc_single_image image=&#8221;782&#8243; img_size=&#8221;full&#8221; alignment=&#8221;center&#8221; css=&#8221;&#8221;][vc_column_text css=&#8221;&#8221;]<\/p>\n<h4>Zanzare indigene<\/h4>\n<p>[\/vc_column_text][vc_column_text css=&#8221;&#8221;]<\/p>\n<ul class=\"check\">\n<li>Mappatura standardizzata dei focolai larvali e successiva archiviazione e visualizzazione dei dati mediante <a href=\"\/attivita\/aree-di-ricerca-innovazione\/sviluppo-gis\/\">Desktop GIS<\/a> open source (QGIS 3 \u2013 www.qgis.org) e <a href=\"\/attivita\/aree-di-ricerca-innovazione\/sviluppo-gis\/\">WebGIS<\/a> (QGIS server).<\/li>\n<li>Organizzazione di progetti di lotta biologica integrata basati primariamente su sistemi di gestione territoriale, sull\u2019utilizzo di larvicidi selettivi a basso impatto ambientale (Bacillus thuringiensis israelensis) e di predatori (Gambusia holbrooki).<\/li>\n<li>Direzione tecnica e supporto tecnico-scientifico nella realizzazione di interventi coordinati di lotta alle zanzare su ampi territori, in collaborazione con enti pubblici e aziende di servizio.<\/li>\n<li>Assistenza tecnica e controllo degli interventi larvicidi su particolari focolai larvali quali risaie, vasche di zuccherifici, bacini di lagunaggio, aziende faunistico venatorie.<\/li>\n<li>Consulenza agli enti pubblici nella fase di definizione dei capitolati e bandi di gara per l\u2019affidamento del servizio di disinfestazione e l\u2019acquisto prodotti.<\/li>\n<li>Assistenza, coordinamento e controllo delle ditte cui sono affidati gli interventi di disinfestazione. Verifica dei risultati mediante sistemi standardizzati di monitoraggio degli adulti e analisi costi\/benefici dei progetti di lotta.<\/li>\n<li>Sperimentazione in laboratorio e in campo di nuove tecniche e prodotti al fine di migliorare le strategie di lotta attualmente disponibili.<\/li>\n<li>Gestione in continuo per fini sperimentali di allevamenti di zanzara in celle climatizzate senza l\u2019utilizzo di animali di laboratorio.<\/li>\n<\/ul>\n<p>[\/vc_column_text][\/vc_tta_section][vc_tta_section title=&#8221;Aedes albopictus&#8221; tab_id=&#8221;1760446368409-29e2f7e1-6275&#8243;][vc_single_image image=&#8221;781&#8243; img_size=&#8221;full&#8221; alignment=&#8221;center&#8221; css=&#8221;&#8221;][vc_column_text css=&#8221;&#8221;]<\/p>\n<h4>Aedes albopictus (zanzara tigre)<\/h4>\n<p>[\/vc_column_text][vc_column_text css=&#8221;&#8221;]<\/p>\n<ul class=\"check\">\n<li>Sviluppo e applicazione in campo di metodi di sorveglianza e contenimento specificamente rivolti alla eliminazione della zanzara tigre.<\/li>\n<li>Coordinamento scientifico delle reti di sorveglianza regionali attivate da Regione Emilia-Romagna.<\/li>\n<li>Sperimentazione di nuove tecniche di controllo e monitoraggio della popolazione culicidica quali <a href=\"\/attivita\/entomologia-e-zoologia-sanitarie\/lotta-alle-zanzare\/sterile-insect-technique\/\">S.I.T.<\/a> (Tecniche di Sterilizzazione Insetti) e <a href=\"\/attivita\/aree-di-ricerca-innovazione\/sviluppo-gis\/\">analisi spaziali e geostatistiche<\/a>.<\/li>\n<\/ul>\n<p>[\/vc_column_text][\/vc_tta_section][vc_tta_section title=&#8221;Altre specie&#8221; tab_id=&#8221;1760446374912-a1338dcd-686d&#8221;][vc_single_image image=&#8221;1550&#8243; img_size=&#8221;full&#8221; alignment=&#8221;center&#8221; css=&#8221;&#8221;][vc_column_text css=&#8221;&#8221;]<\/p>\n<h4>Altre specie di interesse sanitario (flebotomi, ceratopogonidi, zecche, blatte, mosche e chironomidi)<\/h4>\n<p>[\/vc_column_text][vc_column_text css=&#8221;&#8221;]<\/p>\n<ul class=\"check\">\n<li>Supporto tecnico-scientifico ad Asl e Comuni nella lotta agli infestanti le abitazioni.<\/li>\n<li>Attivit\u00e0 di ricerca e sperimentazione nel settore della lotta biologica e integrata contro le mosche negli allevamenti zootecnici e impianti di trattamento rifiuti.<\/li>\n<li>Studi di distribuzione territoriale e valutazione dei rischi sanitari legati alla presenza di flebotomi, culicoidi e zecche.<\/li>\n<\/ul>\n<p>[\/vc_column_text][\/vc_tta_section][\/vc_tta_tabs][\/vc_column][\/vc_row]<\/p>\n<\/div>","protected":false},"excerpt":{"rendered":"<p>[vc_row][vc_column][vc_column_text css=&#8221;&#8221;]Il settore si occupa della messa a punto di nuove tecniche di sorveglianza e controllo degli artropodi ematofagi e dell\u2019applicazione su vasta scala territoriale delle pi\u00f9 avanzate tecnologie di lotta biologica e integrata a basso impatto ambientale per il contenimento delle popolazioni di zanzare e di altri organismi infestanti come per esempio: mosche, muridi [&hellip;]<\/p>\n","protected":false},"author":1,"featured_media":679,"parent":124,"menu_order":1,"comment_status":"closed","ping_status":"closed","template":"","meta":{"_acf_changed":false,"footnotes":""},"class_list":["post-38","page","type-page","status-publish","has-post-thumbnail","hentry"],"acf":[],"yoast_head":"<!-- This site is optimized with the Yoast SEO plugin v27.4 - https:\/\/yoast.com\/product\/yoast-seo-wordpress\/ -->\n<title>Entomologia e zoologia sanitarie - CAA Centro Agricoltura Ambiente<\/title>\n<meta name=\"robots\" content=\"index, follow, max-snippet:-1, max-image-preview:large, max-video-preview:-1\" \/>\n<link rel=\"canonical\" href=\"https:\/\/www.caa.it\/it\/attivita\/entomologia-e-zoologia-sanitarie\/\" \/>\n<meta property=\"og:locale\" content=\"it_IT\" \/>\n<meta property=\"og:type\" content=\"article\" \/>\n<meta property=\"og:title\" content=\"Entomologia e zoologia sanitarie - CAA Centro Agricoltura Ambiente\" \/>\n<meta property=\"og:description\" content=\"[vc_row][vc_column][vc_column_text css=&#8221;&#8221;]Il settore si occupa della messa a punto di nuove tecniche di sorveglianza e controllo degli artropodi ematofagi e dell\u2019applicazione su vasta scala territoriale delle pi\u00f9 avanzate tecnologie di lotta biologica e integrata a basso impatto ambientale per il contenimento delle popolazioni di zanzare e di altri organismi infestanti come per esempio: mosche, muridi [&hellip;]\" \/>\n<meta property=\"og:url\" content=\"https:\/\/www.caa.it\/it\/attivita\/entomologia-e-zoologia-sanitarie\/\" \/>\n<meta property=\"og:site_name\" content=\"CAA Centro Agricoltura Ambiente\" \/>\n<meta property=\"article:publisher\" content=\"https:\/\/www.facebook.com\/centroagricolturaambiente.giorgionicoli\/\" \/>\n<meta property=\"article:modified_time\" content=\"2025-10-14T12:53:58+00:00\" \/>\n<meta property=\"og:image\" content=\"https:\/\/www.caa.it\/wp-content\/uploads\/2019\/02\/slide_caa_centro_agricoltura_ambiente.jpg\" \/>\n\t<meta property=\"og:image:width\" content=\"1920\" \/>\n\t<meta property=\"og:image:height\" content=\"1105\" \/>\n\t<meta property=\"og:image:type\" content=\"image\/jpeg\" \/>\n<meta name=\"twitter:card\" content=\"summary_large_image\" \/>\n<meta name=\"twitter:site\" content=\"@2013_caa\" \/>\n<meta name=\"twitter:label1\" content=\"Tempo di lettura stimato\" \/>\n\t<meta name=\"twitter:data1\" content=\"4 minuti\" \/>\n<script type=\"application\/ld+json\" class=\"yoast-schema-graph\">{\"@context\":\"https:\\\/\\\/schema.org\",\"@graph\":[{\"@type\":\"WebPage\",\"@id\":\"https:\\\/\\\/www.caa.it\\\/it\\\/attivita\\\/entomologia-e-zoologia-sanitarie\\\/\",\"url\":\"https:\\\/\\\/www.caa.it\\\/it\\\/attivita\\\/entomologia-e-zoologia-sanitarie\\\/\",\"name\":\"Entomologia e zoologia sanitarie - CAA Centro Agricoltura Ambiente\",\"isPartOf\":{\"@id\":\"https:\\\/\\\/www.caa.it\\\/it\\\/#website\"},\"primaryImageOfPage\":{\"@id\":\"https:\\\/\\\/www.caa.it\\\/it\\\/attivita\\\/entomologia-e-zoologia-sanitarie\\\/#primaryimage\"},\"image\":{\"@id\":\"https:\\\/\\\/www.caa.it\\\/it\\\/attivita\\\/entomologia-e-zoologia-sanitarie\\\/#primaryimage\"},\"thumbnailUrl\":\"https:\\\/\\\/www.caa.it\\\/wp-content\\\/uploads\\\/2019\\\/02\\\/slide_caa_centro_agricoltura_ambiente.jpg\",\"datePublished\":\"2025-09-24T14:15:54+00:00\",\"dateModified\":\"2025-10-14T12:53:58+00:00\",\"breadcrumb\":{\"@id\":\"https:\\\/\\\/www.caa.it\\\/it\\\/attivita\\\/entomologia-e-zoologia-sanitarie\\\/#breadcrumb\"},\"inLanguage\":\"it-IT\",\"potentialAction\":[{\"@type\":\"ReadAction\",\"target\":[\"https:\\\/\\\/www.caa.it\\\/it\\\/attivita\\\/entomologia-e-zoologia-sanitarie\\\/\"]}]},{\"@type\":\"ImageObject\",\"inLanguage\":\"it-IT\",\"@id\":\"https:\\\/\\\/www.caa.it\\\/it\\\/attivita\\\/entomologia-e-zoologia-sanitarie\\\/#primaryimage\",\"url\":\"https:\\\/\\\/www.caa.it\\\/wp-content\\\/uploads\\\/2019\\\/02\\\/slide_caa_centro_agricoltura_ambiente.jpg\",\"contentUrl\":\"https:\\\/\\\/www.caa.it\\\/wp-content\\\/uploads\\\/2019\\\/02\\\/slide_caa_centro_agricoltura_ambiente.jpg\",\"width\":1920,\"height\":1105},{\"@type\":\"BreadcrumbList\",\"@id\":\"https:\\\/\\\/www.caa.it\\\/it\\\/attivita\\\/entomologia-e-zoologia-sanitarie\\\/#breadcrumb\",\"itemListElement\":[{\"@type\":\"ListItem\",\"position\":1,\"name\":\"Home\",\"item\":\"https:\\\/\\\/www.caa.it\\\/it\\\/\"},{\"@type\":\"ListItem\",\"position\":2,\"name\":\"Attivit\u00e0\",\"item\":\"https:\\\/\\\/www.caa.it\\\/it\\\/attivita\\\/\"},{\"@type\":\"ListItem\",\"position\":3,\"name\":\"Entomologia e zoologia sanitarie\"}]},{\"@type\":\"WebSite\",\"@id\":\"https:\\\/\\\/www.caa.it\\\/it\\\/#website\",\"url\":\"https:\\\/\\\/www.caa.it\\\/it\\\/\",\"name\":\"CAA Centro Agricoltura Ambiente\",\"description\":\"Centro Agricoltura Ambiente &quot;Giorgio Nicoli&quot;\",\"publisher\":{\"@id\":\"https:\\\/\\\/www.caa.it\\\/it\\\/#organization\"},\"potentialAction\":[{\"@type\":\"SearchAction\",\"target\":{\"@type\":\"EntryPoint\",\"urlTemplate\":\"https:\\\/\\\/www.caa.it\\\/it\\\/?s={search_term_string}\"},\"query-input\":{\"@type\":\"PropertyValueSpecification\",\"valueRequired\":true,\"valueName\":\"search_term_string\"}}],\"inLanguage\":\"it-IT\"},{\"@type\":\"Organization\",\"@id\":\"https:\\\/\\\/www.caa.it\\\/it\\\/#organization\",\"name\":\"Centro Agricoltura Ambiente\",\"url\":\"https:\\\/\\\/www.caa.it\\\/it\\\/\",\"logo\":{\"@type\":\"ImageObject\",\"inLanguage\":\"it-IT\",\"@id\":\"https:\\\/\\\/www.caa.it\\\/it\\\/#\\\/schema\\\/logo\\\/image\\\/\",\"url\":\"https:\\\/\\\/www.caa.it\\\/wp-content\\\/uploads\\\/2019\\\/01\\\/logo_caa_centro_agricoltura_ambiente_nicoli.png\",\"contentUrl\":\"https:\\\/\\\/www.caa.it\\\/wp-content\\\/uploads\\\/2019\\\/01\\\/logo_caa_centro_agricoltura_ambiente_nicoli.png\",\"width\":567,\"height\":129,\"caption\":\"Centro Agricoltura Ambiente\"},\"image\":{\"@id\":\"https:\\\/\\\/www.caa.it\\\/it\\\/#\\\/schema\\\/logo\\\/image\\\/\"},\"sameAs\":[\"https:\\\/\\\/www.facebook.com\\\/centroagricolturaambiente.giorgionicoli\\\/\",\"https:\\\/\\\/x.com\\\/2013_caa\",\"https:\\\/\\\/www.linkedin.com\\\/company\\\/centro-agricoltura-ambiente-giorgio-nicoli-s-r-l-\\\/?originalSubdomain=it\",\"https:\\\/\\\/www.youtube.com\\\/channel\\\/UCeJ0U2Q4OY19f51sXSRPx2w\",\"https:\\\/\\\/web-cdn.bsky.app\\\/profile\\\/caasrl.bsky.social\"]}]}<\/script>\n<!-- \/ Yoast SEO plugin. -->","yoast_head_json":{"title":"Entomologia e zoologia sanitarie - CAA Centro Agricoltura Ambiente","robots":{"index":"index","follow":"follow","max-snippet":"max-snippet:-1","max-image-preview":"max-image-preview:large","max-video-preview":"max-video-preview:-1"},"canonical":"https:\/\/www.caa.it\/it\/attivita\/entomologia-e-zoologia-sanitarie\/","og_locale":"it_IT","og_type":"article","og_title":"Entomologia e zoologia sanitarie - CAA Centro Agricoltura Ambiente","og_description":"[vc_row][vc_column][vc_column_text css=&#8221;&#8221;]Il settore si occupa della messa a punto di nuove tecniche di sorveglianza e controllo degli artropodi ematofagi e dell\u2019applicazione su vasta scala territoriale delle pi\u00f9 avanzate tecnologie di lotta biologica e integrata a basso impatto ambientale per il contenimento delle popolazioni di zanzare e di altri organismi infestanti come per esempio: mosche, muridi [&hellip;]","og_url":"https:\/\/www.caa.it\/it\/attivita\/entomologia-e-zoologia-sanitarie\/","og_site_name":"CAA Centro Agricoltura Ambiente","article_publisher":"https:\/\/www.facebook.com\/centroagricolturaambiente.giorgionicoli\/","article_modified_time":"2025-10-14T12:53:58+00:00","og_image":[{"width":1920,"height":1105,"url":"https:\/\/www.caa.it\/wp-content\/uploads\/2019\/02\/slide_caa_centro_agricoltura_ambiente.jpg","type":"image\/jpeg"}],"twitter_card":"summary_large_image","twitter_site":"@2013_caa","twitter_misc":{"Tempo di lettura stimato":"4 minuti"},"schema":{"@context":"https:\/\/schema.org","@graph":[{"@type":"WebPage","@id":"https:\/\/www.caa.it\/it\/attivita\/entomologia-e-zoologia-sanitarie\/","url":"https:\/\/www.caa.it\/it\/attivita\/entomologia-e-zoologia-sanitarie\/","name":"Entomologia e zoologia sanitarie - CAA Centro Agricoltura Ambiente","isPartOf":{"@id":"https:\/\/www.caa.it\/it\/#website"},"primaryImageOfPage":{"@id":"https:\/\/www.caa.it\/it\/attivita\/entomologia-e-zoologia-sanitarie\/#primaryimage"},"image":{"@id":"https:\/\/www.caa.it\/it\/attivita\/entomologia-e-zoologia-sanitarie\/#primaryimage"},"thumbnailUrl":"https:\/\/www.caa.it\/wp-content\/uploads\/2019\/02\/slide_caa_centro_agricoltura_ambiente.jpg","datePublished":"2025-09-24T14:15:54+00:00","dateModified":"2025-10-14T12:53:58+00:00","breadcrumb":{"@id":"https:\/\/www.caa.it\/it\/attivita\/entomologia-e-zoologia-sanitarie\/#breadcrumb"},"inLanguage":"it-IT","potentialAction":[{"@type":"ReadAction","target":["https:\/\/www.caa.it\/it\/attivita\/entomologia-e-zoologia-sanitarie\/"]}]},{"@type":"ImageObject","inLanguage":"it-IT","@id":"https:\/\/www.caa.it\/it\/attivita\/entomologia-e-zoologia-sanitarie\/#primaryimage","url":"https:\/\/www.caa.it\/wp-content\/uploads\/2019\/02\/slide_caa_centro_agricoltura_ambiente.jpg","contentUrl":"https:\/\/www.caa.it\/wp-content\/uploads\/2019\/02\/slide_caa_centro_agricoltura_ambiente.jpg","width":1920,"height":1105},{"@type":"BreadcrumbList","@id":"https:\/\/www.caa.it\/it\/attivita\/entomologia-e-zoologia-sanitarie\/#breadcrumb","itemListElement":[{"@type":"ListItem","position":1,"name":"Home","item":"https:\/\/www.caa.it\/it\/"},{"@type":"ListItem","position":2,"name":"Attivit\u00e0","item":"https:\/\/www.caa.it\/it\/attivita\/"},{"@type":"ListItem","position":3,"name":"Entomologia e zoologia sanitarie"}]},{"@type":"WebSite","@id":"https:\/\/www.caa.it\/it\/#website","url":"https:\/\/www.caa.it\/it\/","name":"CAA Centro Agricoltura Ambiente","description":"Centro Agricoltura Ambiente &quot;Giorgio Nicoli&quot;","publisher":{"@id":"https:\/\/www.caa.it\/it\/#organization"},"potentialAction":[{"@type":"SearchAction","target":{"@type":"EntryPoint","urlTemplate":"https:\/\/www.caa.it\/it\/?s={search_term_string}"},"query-input":{"@type":"PropertyValueSpecification","valueRequired":true,"valueName":"search_term_string"}}],"inLanguage":"it-IT"},{"@type":"Organization","@id":"https:\/\/www.caa.it\/it\/#organization","name":"Centro Agricoltura Ambiente","url":"https:\/\/www.caa.it\/it\/","logo":{"@type":"ImageObject","inLanguage":"it-IT","@id":"https:\/\/www.caa.it\/it\/#\/schema\/logo\/image\/","url":"https:\/\/www.caa.it\/wp-content\/uploads\/2019\/01\/logo_caa_centro_agricoltura_ambiente_nicoli.png","contentUrl":"https:\/\/www.caa.it\/wp-content\/uploads\/2019\/01\/logo_caa_centro_agricoltura_ambiente_nicoli.png","width":567,"height":129,"caption":"Centro Agricoltura Ambiente"},"image":{"@id":"https:\/\/www.caa.it\/it\/#\/schema\/logo\/image\/"},"sameAs":["https:\/\/www.facebook.com\/centroagricolturaambiente.giorgionicoli\/","https:\/\/x.com\/2013_caa","https:\/\/www.linkedin.com\/company\/centro-agricoltura-ambiente-giorgio-nicoli-s-r-l-\/?originalSubdomain=it","https:\/\/www.youtube.com\/channel\/UCeJ0U2Q4OY19f51sXSRPx2w","https:\/\/web-cdn.bsky.app\/profile\/caasrl.bsky.social"]}]}},"_links":{"self":[{"href":"https:\/\/www.caa.it\/it\/wp-json\/wp\/v2\/pages\/38","targetHints":{"allow":["GET"]}}],"collection":[{"href":"https:\/\/www.caa.it\/it\/wp-json\/wp\/v2\/pages"}],"about":[{"href":"https:\/\/www.caa.it\/it\/wp-json\/wp\/v2\/types\/page"}],"author":[{"embeddable":true,"href":"https:\/\/www.caa.it\/it\/wp-json\/wp\/v2\/users\/1"}],"replies":[{"embeddable":true,"href":"https:\/\/www.caa.it\/it\/wp-json\/wp\/v2\/comments?post=38"}],"version-history":[{"count":7,"href":"https:\/\/www.caa.it\/it\/wp-json\/wp\/v2\/pages\/38\/revisions"}],"predecessor-version":[{"id":8952,"href":"https:\/\/www.caa.it\/it\/wp-json\/wp\/v2\/pages\/38\/revisions\/8952"}],"up":[{"embeddable":true,"href":"https:\/\/www.caa.it\/it\/wp-json\/wp\/v2\/pages\/124"}],"wp:featuredmedia":[{"embeddable":true,"href":"https:\/\/www.caa.it\/it\/wp-json\/wp\/v2\/media\/679"}],"wp:attachment":[{"href":"https:\/\/www.caa.it\/it\/wp-json\/wp\/v2\/media?parent=38"}],"curies":[{"name":"wp","href":"https:\/\/api.w.org\/{rel}","templated":true}]}}