{"id":40,"date":"2025-09-24T16:16:25","date_gmt":"2025-09-24T14:16:25","guid":{"rendered":"https:\/\/web.caa.it\/?page_id=40"},"modified":"2025-10-14T14:56:12","modified_gmt":"2025-10-14T12:56:12","slug":"monitoraggio-e-mappatura","status":"publish","type":"page","link":"https:\/\/www.caa.it\/it\/attivita\/entomologia-e-zoologia-sanitarie\/monitoraggio-e-mappatura\/","title":{"rendered":"Monitoraggio e Mappatura"},"content":{"rendered":"<div class=\"wpb-content-wrapper\"><p>[vc_row][vc_column][vc_column_text css=&#8221;&#8221;]Punto fondamentale per ridurre al minimo i costi di disinfestazione e aumentare l\u2019efficacia dei trattamenti larvicidi \u00e8 la <strong>mappatura<\/strong> annua del territorio atta ad individuare i focolai di zanzare.<\/p>\n<p>Un focolaio larvale pu\u00f2 essere costituito da una qualsiasi raccolta d\u2019acqua, naturale o artificiale, il cui ristagno persista per oltre una settimana. I focolai larvali possono essere quindi di grandi dimensioni come aree umide naturali o di pi\u00f9 ridotta superficie come canali, fossi stradali o scarichi fognari.<\/p>\n<p>Inoltre l\u2019attivit\u00e0 di monitoraggio delle popolazioni culicidiche \u00e8 da considerare parte integrante di ogni programma di lotta che intenda muoversi su basi scientifiche.<\/p>\n<p>La finalit\u00e0 \u00e8 quella di disporre di uno strumento conoscitivo per l\u2019acquisizione di dati sulla presenza, distribuzione spaziale e stagionale e densit\u00e0 delle specie nocive in un dato territorio. La scelta della metodica pi\u00f9 idonea non \u00e8 cosa semplice e univoca ma si basa sulla conoscenza delle specie target e dipende anche dal livello organizzativo generale in cui si trova ad operare il programma di lotta.[\/vc_column_text][\/vc_column][\/vc_row][vc_row][vc_column][vc_tta_tabs][vc_tta_section title=&#8221;Monitoraggio&#8221; tab_id=&#8221;1760446494936-5b897046-34d6&#8243;][vc_row_inner][vc_column_inner width=&#8221;1\/2&#8243;][vc_column_text css=&#8221;&#8221;]<\/p>\n<h4>Monitoraggio degli adulti<\/h4>\n<p>L\u2019utilizzo delle trappole per il monitoraggio degli adulti di zanzara permette di:<\/p>\n<ul class=\"check\">\n<li>individuare le specie culicidiche nocive presenti nel territorio;<\/li>\n<li>valutare l\u2019andamento temporale e spaziale delle popolazioni culicidiche nocive nel corso della stagione;<\/li>\n<li>valutare l\u2019eventuale presenza e densit\u00e0 di altri insetti ematofagi (ad es. flebotomi, culicoidi);<\/li>\n<li>stimare se la presenza di zanzare autoctone in un dato territorio \u00e8 sotto o sopra la soglia di molestia in modo da guidare il ricorso agli interventi adulticidi.<\/li>\n<\/ul>\n<p>Le principali trappole utilizzate per il monitoraggio degli adulti dal settore EZS sono le <strong>trappole CO2<\/strong> e le <strong>Gravid traps<\/strong>.<\/p>\n<p>A queste vanno aggiunte le trappole <strong>BG-sentinel<\/strong> utilizzate principalmente per il monitoraggio di adulti di specie invasive quali <em>Aedes albopictus<\/em>, <em>Aedes koreikus<\/em>, <em>Aedes japonicus<\/em>.[\/vc_column_text][\/vc_column_inner][vc_column_inner width=&#8221;1\/2&#8243;][vc_single_image image=&#8221;1904&#8243; img_size=&#8221;large&#8221; css=&#8221;&#8221;][\/vc_column_inner][\/vc_row_inner][\/vc_tta_section][vc_tta_section title=&#8221;Mappatura&#8221; tab_id=&#8221;1760446494943-5bde025b-c46d&#8221;][vc_row_inner][vc_column_inner width=&#8221;1\/2&#8243;][vc_column_text css=&#8221;&#8221;]<\/p>\n<h4>Mappatura focolai<\/h4>\n<p>La mappatura dei focolai larvali viene eseguita attraverso sopralluoghi in campo svolti in diversi periodi stagionali.<\/p>\n<p>In ogni luogo potenziale di sviluppo larvale vengono prelevati campioni d\u2019acqua per la classificazione ed il conteggio delle larve di zanzara. Inoltre per ogni focolaio viene compilata una scheda di rilevamento nella quale sono riportati i dati riguardanti le specie e le densit\u00e0 dei Culicidi presenti, la tipologia e la descrizione del focolaio.<\/p>\n<p>I dati della mappatura, per una rapida consultazione ed analisi, vengono raccolti in banche dati e visualizzati con l\u2019ausilio di programmi Desktop GIS (Sistemi Geografici Informativi) e WebGIS.[\/vc_column_text][\/vc_column_inner][vc_column_inner width=&#8221;1\/2&#8243;][vc_single_image image=&#8221;1906&#8243; img_size=&#8221;large&#8221; css=&#8221;&#8221;][\/vc_column_inner][\/vc_row_inner][\/vc_tta_section][\/vc_tta_tabs][\/vc_column][\/vc_row]<\/p>\n<\/div>","protected":false},"excerpt":{"rendered":"<p>[vc_row][vc_column][vc_column_text css=&#8221;&#8221;]Punto fondamentale per ridurre al minimo i costi di disinfestazione e aumentare l\u2019efficacia dei trattamenti larvicidi \u00e8 la mappatura annua del territorio atta ad individuare i focolai di zanzare. Un focolaio larvale pu\u00f2 essere costituito da una qualsiasi raccolta d\u2019acqua, naturale o artificiale, il cui ristagno persista per oltre una settimana. I focolai larvali [&hellip;]<\/p>\n","protected":false},"author":1,"featured_media":679,"parent":38,"menu_order":0,"comment_status":"closed","ping_status":"closed","template":"","meta":{"_acf_changed":false,"footnotes":""},"class_list":["post-40","page","type-page","status-publish","has-post-thumbnail","hentry"],"acf":[],"yoast_head":"<!-- This site is optimized with the Yoast SEO plugin v27.5 - https:\/\/yoast.com\/product\/yoast-seo-wordpress\/ -->\n<title>Monitoraggio e Mappatura - CAA Centro Agricoltura Ambiente<\/title>\n<meta name=\"robots\" content=\"index, follow, max-snippet:-1, max-image-preview:large, max-video-preview:-1\" \/>\n<link rel=\"canonical\" href=\"https:\/\/www.caa.it\/it\/attivita\/entomologia-e-zoologia-sanitarie\/monitoraggio-e-mappatura\/\" \/>\n<meta property=\"og:locale\" content=\"it_IT\" \/>\n<meta property=\"og:type\" content=\"article\" \/>\n<meta property=\"og:title\" content=\"Monitoraggio e Mappatura - CAA Centro Agricoltura Ambiente\" \/>\n<meta property=\"og:description\" content=\"[vc_row][vc_column][vc_column_text css=&#8221;&#8221;]Punto fondamentale per ridurre al minimo i costi di disinfestazione e aumentare l\u2019efficacia dei trattamenti larvicidi \u00e8 la mappatura annua del territorio atta ad individuare i focolai di zanzare. Un focolaio larvale pu\u00f2 essere costituito da una qualsiasi raccolta d\u2019acqua, naturale o artificiale, il cui ristagno persista per oltre una settimana. I focolai larvali [&hellip;]\" \/>\n<meta property=\"og:url\" content=\"https:\/\/www.caa.it\/it\/attivita\/entomologia-e-zoologia-sanitarie\/monitoraggio-e-mappatura\/\" \/>\n<meta property=\"og:site_name\" content=\"CAA Centro Agricoltura Ambiente\" \/>\n<meta property=\"article:publisher\" content=\"https:\/\/www.facebook.com\/centroagricolturaambiente.giorgionicoli\/\" \/>\n<meta property=\"article:modified_time\" content=\"2025-10-14T12:56:12+00:00\" \/>\n<meta property=\"og:image\" content=\"https:\/\/www.caa.it\/wp-content\/uploads\/2019\/02\/slide_caa_centro_agricoltura_ambiente.jpg\" \/>\n\t<meta property=\"og:image:width\" content=\"1920\" \/>\n\t<meta property=\"og:image:height\" content=\"1105\" \/>\n\t<meta property=\"og:image:type\" content=\"image\/jpeg\" \/>\n<meta name=\"twitter:card\" content=\"summary_large_image\" \/>\n<meta name=\"twitter:site\" content=\"@2013_caa\" \/>\n<meta name=\"twitter:label1\" content=\"Tempo di lettura stimato\" \/>\n\t<meta name=\"twitter:data1\" content=\"3 minuti\" \/>\n<script type=\"application\/ld+json\" class=\"yoast-schema-graph\">{\"@context\":\"https:\\\/\\\/schema.org\",\"@graph\":[{\"@type\":\"WebPage\",\"@id\":\"https:\\\/\\\/www.caa.it\\\/it\\\/attivita\\\/entomologia-e-zoologia-sanitarie\\\/monitoraggio-e-mappatura\\\/\",\"url\":\"https:\\\/\\\/www.caa.it\\\/it\\\/attivita\\\/entomologia-e-zoologia-sanitarie\\\/monitoraggio-e-mappatura\\\/\",\"name\":\"Monitoraggio e Mappatura - CAA Centro Agricoltura Ambiente\",\"isPartOf\":{\"@id\":\"https:\\\/\\\/www.caa.it\\\/it\\\/#website\"},\"primaryImageOfPage\":{\"@id\":\"https:\\\/\\\/www.caa.it\\\/it\\\/attivita\\\/entomologia-e-zoologia-sanitarie\\\/monitoraggio-e-mappatura\\\/#primaryimage\"},\"image\":{\"@id\":\"https:\\\/\\\/www.caa.it\\\/it\\\/attivita\\\/entomologia-e-zoologia-sanitarie\\\/monitoraggio-e-mappatura\\\/#primaryimage\"},\"thumbnailUrl\":\"https:\\\/\\\/www.caa.it\\\/wp-content\\\/uploads\\\/2019\\\/02\\\/slide_caa_centro_agricoltura_ambiente.jpg\",\"datePublished\":\"2025-09-24T14:16:25+00:00\",\"dateModified\":\"2025-10-14T12:56:12+00:00\",\"breadcrumb\":{\"@id\":\"https:\\\/\\\/www.caa.it\\\/it\\\/attivita\\\/entomologia-e-zoologia-sanitarie\\\/monitoraggio-e-mappatura\\\/#breadcrumb\"},\"inLanguage\":\"it-IT\",\"potentialAction\":[{\"@type\":\"ReadAction\",\"target\":[\"https:\\\/\\\/www.caa.it\\\/it\\\/attivita\\\/entomologia-e-zoologia-sanitarie\\\/monitoraggio-e-mappatura\\\/\"]}]},{\"@type\":\"ImageObject\",\"inLanguage\":\"it-IT\",\"@id\":\"https:\\\/\\\/www.caa.it\\\/it\\\/attivita\\\/entomologia-e-zoologia-sanitarie\\\/monitoraggio-e-mappatura\\\/#primaryimage\",\"url\":\"https:\\\/\\\/www.caa.it\\\/wp-content\\\/uploads\\\/2019\\\/02\\\/slide_caa_centro_agricoltura_ambiente.jpg\",\"contentUrl\":\"https:\\\/\\\/www.caa.it\\\/wp-content\\\/uploads\\\/2019\\\/02\\\/slide_caa_centro_agricoltura_ambiente.jpg\",\"width\":1920,\"height\":1105},{\"@type\":\"BreadcrumbList\",\"@id\":\"https:\\\/\\\/www.caa.it\\\/it\\\/attivita\\\/entomologia-e-zoologia-sanitarie\\\/monitoraggio-e-mappatura\\\/#breadcrumb\",\"itemListElement\":[{\"@type\":\"ListItem\",\"position\":1,\"name\":\"Home\",\"item\":\"https:\\\/\\\/www.caa.it\\\/it\\\/\"},{\"@type\":\"ListItem\",\"position\":2,\"name\":\"Attivit\u00e0\",\"item\":\"https:\\\/\\\/www.caa.it\\\/it\\\/attivita\\\/\"},{\"@type\":\"ListItem\",\"position\":3,\"name\":\"Entomologia e zoologia sanitarie\",\"item\":\"https:\\\/\\\/www.caa.it\\\/it\\\/attivita\\\/entomologia-e-zoologia-sanitarie\\\/\"},{\"@type\":\"ListItem\",\"position\":4,\"name\":\"Monitoraggio e Mappatura\"}]},{\"@type\":\"WebSite\",\"@id\":\"https:\\\/\\\/www.caa.it\\\/it\\\/#website\",\"url\":\"https:\\\/\\\/www.caa.it\\\/it\\\/\",\"name\":\"CAA Centro Agricoltura Ambiente\",\"description\":\"Centro Agricoltura Ambiente &quot;Giorgio Nicoli&quot;\",\"publisher\":{\"@id\":\"https:\\\/\\\/www.caa.it\\\/it\\\/#organization\"},\"potentialAction\":[{\"@type\":\"SearchAction\",\"target\":{\"@type\":\"EntryPoint\",\"urlTemplate\":\"https:\\\/\\\/www.caa.it\\\/it\\\/?s={search_term_string}\"},\"query-input\":{\"@type\":\"PropertyValueSpecification\",\"valueRequired\":true,\"valueName\":\"search_term_string\"}}],\"inLanguage\":\"it-IT\"},{\"@type\":\"Organization\",\"@id\":\"https:\\\/\\\/www.caa.it\\\/it\\\/#organization\",\"name\":\"Centro Agricoltura Ambiente\",\"url\":\"https:\\\/\\\/www.caa.it\\\/it\\\/\",\"logo\":{\"@type\":\"ImageObject\",\"inLanguage\":\"it-IT\",\"@id\":\"https:\\\/\\\/www.caa.it\\\/it\\\/#\\\/schema\\\/logo\\\/image\\\/\",\"url\":\"https:\\\/\\\/www.caa.it\\\/wp-content\\\/uploads\\\/2019\\\/01\\\/logo_caa_centro_agricoltura_ambiente_nicoli.png\",\"contentUrl\":\"https:\\\/\\\/www.caa.it\\\/wp-content\\\/uploads\\\/2019\\\/01\\\/logo_caa_centro_agricoltura_ambiente_nicoli.png\",\"width\":567,\"height\":129,\"caption\":\"Centro Agricoltura Ambiente\"},\"image\":{\"@id\":\"https:\\\/\\\/www.caa.it\\\/it\\\/#\\\/schema\\\/logo\\\/image\\\/\"},\"sameAs\":[\"https:\\\/\\\/www.facebook.com\\\/centroagricolturaambiente.giorgionicoli\\\/\",\"https:\\\/\\\/x.com\\\/2013_caa\",\"https:\\\/\\\/www.linkedin.com\\\/company\\\/centro-agricoltura-ambiente-giorgio-nicoli-s-r-l-\\\/?originalSubdomain=it\",\"https:\\\/\\\/www.youtube.com\\\/channel\\\/UCeJ0U2Q4OY19f51sXSRPx2w\",\"https:\\\/\\\/web-cdn.bsky.app\\\/profile\\\/caasrl.bsky.social\"]}]}<\/script>\n<!-- \/ Yoast SEO plugin. -->","yoast_head_json":{"title":"Monitoraggio e Mappatura - CAA Centro Agricoltura Ambiente","robots":{"index":"index","follow":"follow","max-snippet":"max-snippet:-1","max-image-preview":"max-image-preview:large","max-video-preview":"max-video-preview:-1"},"canonical":"https:\/\/www.caa.it\/it\/attivita\/entomologia-e-zoologia-sanitarie\/monitoraggio-e-mappatura\/","og_locale":"it_IT","og_type":"article","og_title":"Monitoraggio e Mappatura - CAA Centro Agricoltura Ambiente","og_description":"[vc_row][vc_column][vc_column_text css=&#8221;&#8221;]Punto fondamentale per ridurre al minimo i costi di disinfestazione e aumentare l\u2019efficacia dei trattamenti larvicidi \u00e8 la mappatura annua del territorio atta ad individuare i focolai di zanzare. Un focolaio larvale pu\u00f2 essere costituito da una qualsiasi raccolta d\u2019acqua, naturale o artificiale, il cui ristagno persista per oltre una settimana. I focolai larvali [&hellip;]","og_url":"https:\/\/www.caa.it\/it\/attivita\/entomologia-e-zoologia-sanitarie\/monitoraggio-e-mappatura\/","og_site_name":"CAA Centro Agricoltura Ambiente","article_publisher":"https:\/\/www.facebook.com\/centroagricolturaambiente.giorgionicoli\/","article_modified_time":"2025-10-14T12:56:12+00:00","og_image":[{"width":1920,"height":1105,"url":"https:\/\/www.caa.it\/wp-content\/uploads\/2019\/02\/slide_caa_centro_agricoltura_ambiente.jpg","type":"image\/jpeg"}],"twitter_card":"summary_large_image","twitter_site":"@2013_caa","twitter_misc":{"Tempo di lettura stimato":"3 minuti"},"schema":{"@context":"https:\/\/schema.org","@graph":[{"@type":"WebPage","@id":"https:\/\/www.caa.it\/it\/attivita\/entomologia-e-zoologia-sanitarie\/monitoraggio-e-mappatura\/","url":"https:\/\/www.caa.it\/it\/attivita\/entomologia-e-zoologia-sanitarie\/monitoraggio-e-mappatura\/","name":"Monitoraggio e Mappatura - CAA Centro Agricoltura Ambiente","isPartOf":{"@id":"https:\/\/www.caa.it\/it\/#website"},"primaryImageOfPage":{"@id":"https:\/\/www.caa.it\/it\/attivita\/entomologia-e-zoologia-sanitarie\/monitoraggio-e-mappatura\/#primaryimage"},"image":{"@id":"https:\/\/www.caa.it\/it\/attivita\/entomologia-e-zoologia-sanitarie\/monitoraggio-e-mappatura\/#primaryimage"},"thumbnailUrl":"https:\/\/www.caa.it\/wp-content\/uploads\/2019\/02\/slide_caa_centro_agricoltura_ambiente.jpg","datePublished":"2025-09-24T14:16:25+00:00","dateModified":"2025-10-14T12:56:12+00:00","breadcrumb":{"@id":"https:\/\/www.caa.it\/it\/attivita\/entomologia-e-zoologia-sanitarie\/monitoraggio-e-mappatura\/#breadcrumb"},"inLanguage":"it-IT","potentialAction":[{"@type":"ReadAction","target":["https:\/\/www.caa.it\/it\/attivita\/entomologia-e-zoologia-sanitarie\/monitoraggio-e-mappatura\/"]}]},{"@type":"ImageObject","inLanguage":"it-IT","@id":"https:\/\/www.caa.it\/it\/attivita\/entomologia-e-zoologia-sanitarie\/monitoraggio-e-mappatura\/#primaryimage","url":"https:\/\/www.caa.it\/wp-content\/uploads\/2019\/02\/slide_caa_centro_agricoltura_ambiente.jpg","contentUrl":"https:\/\/www.caa.it\/wp-content\/uploads\/2019\/02\/slide_caa_centro_agricoltura_ambiente.jpg","width":1920,"height":1105},{"@type":"BreadcrumbList","@id":"https:\/\/www.caa.it\/it\/attivita\/entomologia-e-zoologia-sanitarie\/monitoraggio-e-mappatura\/#breadcrumb","itemListElement":[{"@type":"ListItem","position":1,"name":"Home","item":"https:\/\/www.caa.it\/it\/"},{"@type":"ListItem","position":2,"name":"Attivit\u00e0","item":"https:\/\/www.caa.it\/it\/attivita\/"},{"@type":"ListItem","position":3,"name":"Entomologia e zoologia sanitarie","item":"https:\/\/www.caa.it\/it\/attivita\/entomologia-e-zoologia-sanitarie\/"},{"@type":"ListItem","position":4,"name":"Monitoraggio e Mappatura"}]},{"@type":"WebSite","@id":"https:\/\/www.caa.it\/it\/#website","url":"https:\/\/www.caa.it\/it\/","name":"CAA Centro Agricoltura Ambiente","description":"Centro Agricoltura Ambiente &quot;Giorgio Nicoli&quot;","publisher":{"@id":"https:\/\/www.caa.it\/it\/#organization"},"potentialAction":[{"@type":"SearchAction","target":{"@type":"EntryPoint","urlTemplate":"https:\/\/www.caa.it\/it\/?s={search_term_string}"},"query-input":{"@type":"PropertyValueSpecification","valueRequired":true,"valueName":"search_term_string"}}],"inLanguage":"it-IT"},{"@type":"Organization","@id":"https:\/\/www.caa.it\/it\/#organization","name":"Centro Agricoltura Ambiente","url":"https:\/\/www.caa.it\/it\/","logo":{"@type":"ImageObject","inLanguage":"it-IT","@id":"https:\/\/www.caa.it\/it\/#\/schema\/logo\/image\/","url":"https:\/\/www.caa.it\/wp-content\/uploads\/2019\/01\/logo_caa_centro_agricoltura_ambiente_nicoli.png","contentUrl":"https:\/\/www.caa.it\/wp-content\/uploads\/2019\/01\/logo_caa_centro_agricoltura_ambiente_nicoli.png","width":567,"height":129,"caption":"Centro Agricoltura Ambiente"},"image":{"@id":"https:\/\/www.caa.it\/it\/#\/schema\/logo\/image\/"},"sameAs":["https:\/\/www.facebook.com\/centroagricolturaambiente.giorgionicoli\/","https:\/\/x.com\/2013_caa","https:\/\/www.linkedin.com\/company\/centro-agricoltura-ambiente-giorgio-nicoli-s-r-l-\/?originalSubdomain=it","https:\/\/www.youtube.com\/channel\/UCeJ0U2Q4OY19f51sXSRPx2w","https:\/\/web-cdn.bsky.app\/profile\/caasrl.bsky.social"]}]}},"_links":{"self":[{"href":"https:\/\/www.caa.it\/it\/wp-json\/wp\/v2\/pages\/40","targetHints":{"allow":["GET"]}}],"collection":[{"href":"https:\/\/www.caa.it\/it\/wp-json\/wp\/v2\/pages"}],"about":[{"href":"https:\/\/www.caa.it\/it\/wp-json\/wp\/v2\/types\/page"}],"author":[{"embeddable":true,"href":"https:\/\/www.caa.it\/it\/wp-json\/wp\/v2\/users\/1"}],"replies":[{"embeddable":true,"href":"https:\/\/www.caa.it\/it\/wp-json\/wp\/v2\/comments?post=40"}],"version-history":[{"count":4,"href":"https:\/\/www.caa.it\/it\/wp-json\/wp\/v2\/pages\/40\/revisions"}],"predecessor-version":[{"id":8955,"href":"https:\/\/www.caa.it\/it\/wp-json\/wp\/v2\/pages\/40\/revisions\/8955"}],"up":[{"embeddable":true,"href":"https:\/\/www.caa.it\/it\/wp-json\/wp\/v2\/pages\/38"}],"wp:featuredmedia":[{"embeddable":true,"href":"https:\/\/www.caa.it\/it\/wp-json\/wp\/v2\/media\/679"}],"wp:attachment":[{"href":"https:\/\/www.caa.it\/it\/wp-json\/wp\/v2\/media?parent=40"}],"curies":[{"name":"wp","href":"https:\/\/api.w.org\/{rel}","templated":true}]}}