{"id":44,"date":"2025-09-24T16:18:54","date_gmt":"2025-09-24T14:18:54","guid":{"rendered":"https:\/\/web.caa.it\/?page_id=44"},"modified":"2026-01-16T15:08:19","modified_gmt":"2026-01-16T14:08:19","slug":"sterile-insect-technique","status":"publish","type":"page","link":"https:\/\/www.caa.it\/it\/attivita\/entomologia-e-zoologia-sanitarie\/lotta-alle-zanzare\/sterile-insect-technique\/","title":{"rendered":"Sterile Insect Technique"},"content":{"rendered":"<div class=\"wpb-content-wrapper\"><p>[vc_row][vc_column width=&#8221;1\/2&#8243;][vc_column_text css=&#8221;&#8221;]<\/p>\n<h4>Obiettivo Zanzara Tigre (Aedes albopictus)<\/h4>\n<p><img loading=\"lazy\" decoding=\"async\" class=\"alignleft wp-image-5905 size-medium\" src=\"https:\/\/www.caa.it\/wp-content\/uploads\/2023\/10\/albopictus_2023-300x200.jpg\" alt=\"\" width=\"300\" height=\"200\" srcset=\"https:\/\/www.caa.it\/wp-content\/uploads\/2023\/10\/albopictus_2023-300x200.jpg 300w, https:\/\/www.caa.it\/wp-content\/uploads\/2023\/10\/albopictus_2023-1024x683.jpg 1024w, https:\/\/www.caa.it\/wp-content\/uploads\/2023\/10\/albopictus_2023-768x512.jpg 768w, https:\/\/www.caa.it\/wp-content\/uploads\/2023\/10\/albopictus_2023.jpg 1200w\" sizes=\"auto, (max-width: 300px) 100vw, 300px\" \/><\/p>\n<p>La <strong>Zanzara Tigre<\/strong> \u00e8 una specie esotica introdotta accidentalmente all\u2019inizio degli anni \u201990 che ha rapidamente colonizzato ilnostro Paese. Attualmente \u00e8 la zanzara pi\u00f9 pericolosa per la salute in quanto vettrice di virus agenti eziologici di malattie dell\u2019uomo quali <strong>Chikungunya, Dengue e Zika<\/strong>. In Italia abbiamo fatto esperienza diretta di questo rischio con due epidemie di Chikungunya (nel 2007 in Romagna, nel 2017 in Lazio e Calabria, nel 2025 in provincia di Modena) e focolai epidemici di Dengue (Vicenza nel 2020, Fano e Cavezzo nel 2024). Inoltre la Zanzara Tigre essendo molto aggressiva nei confronti dell\u2019uomo crea forti disagi soprattutto nelle aree urbane.<\/p>\n<p>Dopo molti anni di tentativi ricorrendo alle pratiche disponibili (lotta larvicida, rimozione dei focolai e ordinanze sindacali) \u00e8 ormai chiaro che anche nelle realt\u00e0 dove sono in atto notevoli sforzi pubblici per contrastare la zanzara, i risultati sono comunque insufficienti a garantire un buon livello di qualit\u00e0 di vita.<\/p>\n<p>Consapevole della criticit\u00e0 della situazione, CAA, a partire dal 1999, ha avviato un filone di ricerca rivolto allo sviluppo di tecnologie di lotta genetica. La Zanzara Tigre ha infatti caratteristiche biologiche che la rendono un target idoneo per l\u2019applicazione di un metodo di lotta biologica noto come \u201cMaschio Sterile\u201d (SIT \u2013 Sterile Insect Technique).<\/p>\n<ul class=\"check\">\n<li>La Zanzara Tigre \u00e8 presente con elevate densit\u00e0 nelle zone urbane, mentre \u00e8 quasi assente nelle zone rurali e naturali, con una distribuzione a \u201cisole\u201d;<\/li>\n<li>la capacit\u00e0 di dispersione attiva della specie risulta limitata a poche centinaia di metri;<\/li>\n<li>i metodi di lotta convenzionali, basati sugli insetticidi e la rimozione dei focolai, non raggiungono risultati soddisfacenti;<\/li>\n<li>la specie si presta all\u2019allevamento massale in strutture artificiali.<\/li>\n<\/ul>\n<p>[\/vc_column_text][vc_column_text css=&#8221;&#8221; el_class=&#8221;quote-block no-img&#8221;]<strong>La strategia del Maschio Sterile<\/strong> si basa sull\u2019allevamento della specie nociva, sulla separazione dei maschi dalle femmine, sulla sterilizzazione dei maschi attraverso raggi X e loro rilascio in ambiente dove, accoppiandosi con le femmine vergini selvatiche, le rendono sterili in modo definitivo. <strong>Si tratta di una metodica assolutamente priva di impatti negativi sull\u2019ambiente, sugli animali e sulla salute pubblica.<\/strong>[\/vc_column_text][vc_column_text css=&#8221;&#8221;]Si tratta di un metodo noto da tempo e applicato su vasti territori per proteggere le colture agricole e gli animali allevati da insetti dannosi, ma ancora in fase sperimentale nel caso delle zanzare.<\/p>\n<p><strong>L\u2019ente di riferimento mondiale in questo campo \u00e8 l\u2019Agenzia Internazionale per Energia Atomica (IAEA) che si occupa dell\u2019uso pacifico delle radiazioni.<\/strong>[\/vc_column_text][vc_single_image image=&#8221;4674&#8243; img_size=&#8221;full&#8221; css=&#8221;&#8221;][vc_column_text css=&#8221;&#8221;]<\/p>\n<h5>Collaborazioni<\/h5>\n<p>CAA ha iniziato la ricerca su <strong>questo filone nel 1999<\/strong> attivando collaborazioni con altri enti di ricerca:<\/p>\n<ul class=\"check\">\n<li><a href=\"http:\/\/www-naweb.iaea.org\/nafa\/ipc\/index.html\" target=\"_blank\" rel=\"noopener\">Agenzia Internazionale per l\u2019Energia Atomica<\/a> (IAEA)<\/li>\n<li>Benaki Phytopathological Institute, Atene<\/li>\n<li><a href=\"http:\/\/www.scienzeagrarie.unibo.it\/it\" target=\"_blank\" rel=\"noopener\">Dipartimento di Scienze Agrarie<\/a> (DipSA) Universit\u00e0 di Bologna<\/li>\n<li>Dipartimento di Genetica e Biologia Molecolare, Universit\u00e0 La Sapienza Roma<\/li>\n<li>Dipartimento di Biologia dell\u2019Universit\u00e0 Federico II di Napoli<\/li>\n<li><a href=\"https:\/\/bioagro.sostenibilita.enea.it\/\" target=\"_blank\" rel=\"noopener\">ENEA-CR Casaccia Sez. Biotec-Agro<\/a><\/li>\n<li>German Mosquito Control Association (GFS)<\/li>\n<li>Servizio Fisica Sanitaria Arcispedale S. Anna Ferrara<\/li>\n<li>Scuola Universitaria Professionale della Svizzera Italiana (SUPSI)<\/li>\n<\/ul>\n<p>[\/vc_column_text][\/vc_column][vc_column width=&#8221;1\/2&#8243;][vc_column_text css=&#8221;&#8221;]<\/p>\n<h4>Stato di avanzamento del progetto Maschio Sterile (SIT) su Aedes albopictus<\/h4>\n<p><iframe loading=\"lazy\" title=\"Il Maschio Sterile per il controllo della Zanzara Tigre\" width=\"500\" height=\"281\" src=\"https:\/\/www.youtube.com\/embed\/HKRnDULbyvg?feature=oembed\" frameborder=\"0\" allow=\"accelerometer; autoplay; clipboard-write; encrypted-media; gyroscope; picture-in-picture; web-share\" referrerpolicy=\"strict-origin-when-cross-origin\" allowfullscreen><\/iframe><br \/>\nNel corso degli anni CAA ha sviluppato la tecnologia utile per rendere il metodo applicabile e accessibile, affrontando tutte le fasi che compongono il ciclo di produzione nel <a href=\"https:\/\/www.caa.it\/it\/attivita\/aree-di-ricerca-innovazione\/laboratorio-di-entomologia\/\">modulo sperimentale<\/a> e il rilascio in campo:<\/p>\n<ul>\n<li><strong>allevamento delle larve<\/strong> condotto in ambienti perfettamente climatizzati con protocolli standard che assicurano tempi di sviluppo, produttivit\u00e0 e qualit\u00e0 dei maschi ottimali;<\/li>\n<li><strong>separazione dei sessi<\/strong> in modo da rilasciare nell\u2019ambiente i maschi, che non essendo in grado di pungere non creano alcun problema. La separazione viene condotta sullo stadio di pupa sfruttando la diversit\u00e0 di dimensioni tra maschi e femmine;<\/li>\n<li><strong>sterilizzazione<\/strong> dei maschi mediante <strong>irradiazione con raggi X<\/strong> delle pupe maschio in acqua. Dalle prove dosimetriche effettuate si \u00e8 potuta stabilire la dose minima utile di raggi X;<\/li>\n<li><strong>verifica della qualit\u00e0 dei maschi sterili<\/strong> mediante protocolli standardizzati che ne assicurano longevit\u00e0, capacit\u00e0 di volo e sterilit\u00e0;<\/li>\n<li><strong>sistema di imballaggio<\/strong> dei maschi sterili idoneo per la spedizione aerea con corriere espresso;<\/li>\n<li>prove di efficacia in campo per la definizione della dose e periodicit\u00e0 di lancio ottimali nel contesto specifico;<\/li>\n<li>sviluppo di sistemi di distribuzione aerea mediante <a href=\"\/news\/prove-di-rilascio-di-maschi-sterili-tramite-drone\/\">drone<\/a>.<\/li>\n<\/ul>\n<p>[\/vc_column_text][vc_single_image image=&#8221;5458&#8243; img_size=&#8221;large&#8221; css=&#8221;&#8221;][vc_column_text css=&#8221;.vc_custom_1759761692326{margin-top: 1em !important;margin-bottom: 1em !important;border-top-width: 8px !important;border-right-width: 8px !important;border-bottom-width: 8px !important;border-left-width: 8px !important;padding-top: 2em !important;padding-right: 2em !important;padding-bottom: 2em !important;padding-left: 2em !important;border-left-style: solid !important;border-right-style: solid !important;border-top-style: solid !important;border-bottom-style: solid !important;border-radius: 5px !important;border-color: #F2F2F2 !important;}&#8221;]<\/p>\n<h5 style=\"text-align: center;\"><\/h5>\n<h5 style=\"text-align: center;\"><img loading=\"lazy\" decoding=\"async\" class=\"size-full wp-image-8234 aligncenter\" src=\"https:\/\/www.caa.it\/wp-content\/uploads\/2025\/10\/thumb-up.png\" alt=\"\" width=\"41\" height=\"41\" \/><\/h5>\n<h5 style=\"text-align: center;\">Stato dell&#8217;arte<\/h5>\n<p style=\"text-align: center;\">Attualmente \u00e8 in funzione un prototipo modulare di impianto di allevamento con capacit\u00e0 produttiva di un milione di maschi sterili di Aedes albopictus alla settimana. I maschi sterili prodotti servono per condurre progetti pilota dimostrativi in condizioni reali in Italia (Bologna, isola di Procida) e paesi europei (Germania, Grecia, Svizzera).<\/p>\n<p style=\"text-align: center;\">CAA, designato centro di collaborazione IAEA dal 2011, ospita ricercatori stranieri interessati a formarsi ed acquisire competenze sulla tecnologia del Maschio Sterile applicata alle specie del genere Aedes.<\/p>\n<p style=\"text-align: center;\"><strong>E\u2019 in fase di progettazione esecutiva un impianto per la produzione di 10 milioni di maschi sterili\/settimana.<\/strong><\/p>\n<p>[\/vc_column_text][vc_single_image image=&#8221;6406&#8243; img_size=&#8221;large&#8221; css=&#8221;&#8221;][vc_column_text css=&#8221;&#8221;]<\/p>\n<h5>Finanziamenti nazionali ed internazionali<\/h5>\n<ul class=\"check\">\n<li>Ministero Italiano Universit\u00e0 e Ricerca (2001-2002)<\/li>\n<li>ASL di Brescia (1999-2000)<\/li>\n<li>Comuni di Desenzano d.G. (1999-2003)<\/li>\n<li>Comune di Rimini (2004)<\/li>\n<li>Comune di Bologna (2021-2025)<\/li>\n<li>Hera Rimini Srl (2004-2005)<\/li>\n<li>ENIA Reggio Emilia (2008-2009)<\/li>\n<li>IAEA (dal 2007 in corso)<\/li>\n<li>Progetto FP7 INFRAVEC (2009-2014)<\/li>\n<li>Progetto LIFE CONOPS (2013-2018)<\/li>\n<li>Progetto Horizon2020 INFRAVEC2 (2017-2020)<\/li>\n<li>Progetto Horizon-INFRA-2021-EMERGENCY ISIDORe (2022-2025)<\/li>\n<li>Regione Emilia-Romagna (dal 2005 al 2015)<\/li>\n<\/ul>\n<p>[\/vc_column_text][\/vc_column][\/vc_row]<\/p>\n<\/div>","protected":false},"excerpt":{"rendered":"<p>[vc_row][vc_column width=&#8221;1\/2&#8243;][vc_column_text css=&#8221;&#8221;] Obiettivo Zanzara Tigre (Aedes albopictus) La Zanzara Tigre \u00e8 una specie esotica introdotta accidentalmente all\u2019inizio degli anni \u201990 che ha rapidamente colonizzato ilnostro Paese. Attualmente \u00e8 la zanzara pi\u00f9 pericolosa per la salute in quanto vettrice di virus agenti eziologici di malattie dell\u2019uomo quali Chikungunya, Dengue e Zika. In Italia abbiamo fatto [&hellip;]<\/p>\n","protected":false},"author":1,"featured_media":679,"parent":42,"menu_order":0,"comment_status":"closed","ping_status":"closed","template":"","meta":{"_acf_changed":false,"footnotes":""},"class_list":["post-44","page","type-page","status-publish","has-post-thumbnail","hentry"],"acf":[],"yoast_head":"<!-- This site is optimized with the Yoast SEO plugin v27.3 - https:\/\/yoast.com\/product\/yoast-seo-wordpress\/ -->\n<title>Sterile Insect Technique - CAA Centro Agricoltura Ambiente<\/title>\n<meta name=\"robots\" content=\"index, follow, max-snippet:-1, max-image-preview:large, max-video-preview:-1\" \/>\n<link rel=\"canonical\" href=\"https:\/\/www.caa.it\/it\/attivita\/entomologia-e-zoologia-sanitarie\/lotta-alle-zanzare\/sterile-insect-technique\/\" \/>\n<meta property=\"og:locale\" content=\"it_IT\" \/>\n<meta property=\"og:type\" content=\"article\" \/>\n<meta property=\"og:title\" content=\"Sterile Insect Technique - CAA Centro Agricoltura Ambiente\" \/>\n<meta property=\"og:description\" content=\"[vc_row][vc_column width=&#8221;1\/2&#8243;][vc_column_text css=&#8221;&#8221;] Obiettivo Zanzara Tigre (Aedes albopictus) La Zanzara Tigre \u00e8 una specie esotica introdotta accidentalmente all\u2019inizio degli anni \u201990 che ha rapidamente colonizzato ilnostro Paese. Attualmente \u00e8 la zanzara pi\u00f9 pericolosa per la salute in quanto vettrice di virus agenti eziologici di malattie dell\u2019uomo quali Chikungunya, Dengue e Zika. In Italia abbiamo fatto [&hellip;]\" \/>\n<meta property=\"og:url\" content=\"https:\/\/www.caa.it\/it\/attivita\/entomologia-e-zoologia-sanitarie\/lotta-alle-zanzare\/sterile-insect-technique\/\" \/>\n<meta property=\"og:site_name\" content=\"CAA Centro Agricoltura Ambiente\" \/>\n<meta property=\"article:publisher\" content=\"https:\/\/www.facebook.com\/centroagricolturaambiente.giorgionicoli\/\" \/>\n<meta property=\"article:modified_time\" content=\"2026-01-16T14:08:19+00:00\" \/>\n<meta property=\"og:image\" content=\"https:\/\/www.caa.it\/wp-content\/uploads\/2019\/02\/slide_caa_centro_agricoltura_ambiente.jpg\" \/>\n\t<meta property=\"og:image:width\" content=\"1920\" \/>\n\t<meta property=\"og:image:height\" content=\"1105\" \/>\n\t<meta property=\"og:image:type\" content=\"image\/jpeg\" \/>\n<meta name=\"twitter:card\" content=\"summary_large_image\" \/>\n<meta name=\"twitter:site\" content=\"@2013_caa\" \/>\n<meta name=\"twitter:label1\" content=\"Tempo di lettura stimato\" \/>\n\t<meta name=\"twitter:data1\" content=\"6 minuti\" \/>\n<script type=\"application\/ld+json\" class=\"yoast-schema-graph\">{\"@context\":\"https:\\\/\\\/schema.org\",\"@graph\":[{\"@type\":\"WebPage\",\"@id\":\"https:\\\/\\\/www.caa.it\\\/it\\\/attivita\\\/entomologia-e-zoologia-sanitarie\\\/lotta-alle-zanzare\\\/sterile-insect-technique\\\/\",\"url\":\"https:\\\/\\\/www.caa.it\\\/it\\\/attivita\\\/entomologia-e-zoologia-sanitarie\\\/lotta-alle-zanzare\\\/sterile-insect-technique\\\/\",\"name\":\"Sterile Insect Technique - CAA Centro Agricoltura Ambiente\",\"isPartOf\":{\"@id\":\"https:\\\/\\\/www.caa.it\\\/it\\\/#website\"},\"primaryImageOfPage\":{\"@id\":\"https:\\\/\\\/www.caa.it\\\/it\\\/attivita\\\/entomologia-e-zoologia-sanitarie\\\/lotta-alle-zanzare\\\/sterile-insect-technique\\\/#primaryimage\"},\"image\":{\"@id\":\"https:\\\/\\\/www.caa.it\\\/it\\\/attivita\\\/entomologia-e-zoologia-sanitarie\\\/lotta-alle-zanzare\\\/sterile-insect-technique\\\/#primaryimage\"},\"thumbnailUrl\":\"https:\\\/\\\/www.caa.it\\\/wp-content\\\/uploads\\\/2019\\\/02\\\/slide_caa_centro_agricoltura_ambiente.jpg\",\"datePublished\":\"2025-09-24T14:18:54+00:00\",\"dateModified\":\"2026-01-16T14:08:19+00:00\",\"breadcrumb\":{\"@id\":\"https:\\\/\\\/www.caa.it\\\/it\\\/attivita\\\/entomologia-e-zoologia-sanitarie\\\/lotta-alle-zanzare\\\/sterile-insect-technique\\\/#breadcrumb\"},\"inLanguage\":\"it-IT\",\"potentialAction\":[{\"@type\":\"ReadAction\",\"target\":[\"https:\\\/\\\/www.caa.it\\\/it\\\/attivita\\\/entomologia-e-zoologia-sanitarie\\\/lotta-alle-zanzare\\\/sterile-insect-technique\\\/\"]}]},{\"@type\":\"ImageObject\",\"inLanguage\":\"it-IT\",\"@id\":\"https:\\\/\\\/www.caa.it\\\/it\\\/attivita\\\/entomologia-e-zoologia-sanitarie\\\/lotta-alle-zanzare\\\/sterile-insect-technique\\\/#primaryimage\",\"url\":\"https:\\\/\\\/www.caa.it\\\/wp-content\\\/uploads\\\/2019\\\/02\\\/slide_caa_centro_agricoltura_ambiente.jpg\",\"contentUrl\":\"https:\\\/\\\/www.caa.it\\\/wp-content\\\/uploads\\\/2019\\\/02\\\/slide_caa_centro_agricoltura_ambiente.jpg\",\"width\":1920,\"height\":1105},{\"@type\":\"BreadcrumbList\",\"@id\":\"https:\\\/\\\/www.caa.it\\\/it\\\/attivita\\\/entomologia-e-zoologia-sanitarie\\\/lotta-alle-zanzare\\\/sterile-insect-technique\\\/#breadcrumb\",\"itemListElement\":[{\"@type\":\"ListItem\",\"position\":1,\"name\":\"Home\",\"item\":\"https:\\\/\\\/www.caa.it\\\/it\\\/\"},{\"@type\":\"ListItem\",\"position\":2,\"name\":\"Attivit\u00e0\",\"item\":\"https:\\\/\\\/www.caa.it\\\/it\\\/attivita\\\/\"},{\"@type\":\"ListItem\",\"position\":3,\"name\":\"Entomologia e zoologia sanitarie\",\"item\":\"https:\\\/\\\/www.caa.it\\\/it\\\/attivita\\\/entomologia-e-zoologia-sanitarie\\\/\"},{\"@type\":\"ListItem\",\"position\":4,\"name\":\"Lotta alle zanzare\",\"item\":\"https:\\\/\\\/www.caa.it\\\/it\\\/attivita\\\/entomologia-e-zoologia-sanitarie\\\/lotta-alle-zanzare\\\/\"},{\"@type\":\"ListItem\",\"position\":5,\"name\":\"Sterile Insect Technique\"}]},{\"@type\":\"WebSite\",\"@id\":\"https:\\\/\\\/www.caa.it\\\/it\\\/#website\",\"url\":\"https:\\\/\\\/www.caa.it\\\/it\\\/\",\"name\":\"CAA Centro Agricoltura Ambiente\",\"description\":\"Centro Agricoltura Ambiente &quot;Giorgio Nicoli&quot;\",\"publisher\":{\"@id\":\"https:\\\/\\\/www.caa.it\\\/it\\\/#organization\"},\"potentialAction\":[{\"@type\":\"SearchAction\",\"target\":{\"@type\":\"EntryPoint\",\"urlTemplate\":\"https:\\\/\\\/www.caa.it\\\/it\\\/?s={search_term_string}\"},\"query-input\":{\"@type\":\"PropertyValueSpecification\",\"valueRequired\":true,\"valueName\":\"search_term_string\"}}],\"inLanguage\":\"it-IT\"},{\"@type\":\"Organization\",\"@id\":\"https:\\\/\\\/www.caa.it\\\/it\\\/#organization\",\"name\":\"Centro Agricoltura Ambiente\",\"url\":\"https:\\\/\\\/www.caa.it\\\/it\\\/\",\"logo\":{\"@type\":\"ImageObject\",\"inLanguage\":\"it-IT\",\"@id\":\"https:\\\/\\\/www.caa.it\\\/it\\\/#\\\/schema\\\/logo\\\/image\\\/\",\"url\":\"https:\\\/\\\/www.caa.it\\\/wp-content\\\/uploads\\\/2019\\\/01\\\/logo_caa_centro_agricoltura_ambiente_nicoli.png\",\"contentUrl\":\"https:\\\/\\\/www.caa.it\\\/wp-content\\\/uploads\\\/2019\\\/01\\\/logo_caa_centro_agricoltura_ambiente_nicoli.png\",\"width\":567,\"height\":129,\"caption\":\"Centro Agricoltura Ambiente\"},\"image\":{\"@id\":\"https:\\\/\\\/www.caa.it\\\/it\\\/#\\\/schema\\\/logo\\\/image\\\/\"},\"sameAs\":[\"https:\\\/\\\/www.facebook.com\\\/centroagricolturaambiente.giorgionicoli\\\/\",\"https:\\\/\\\/x.com\\\/2013_caa\",\"https:\\\/\\\/www.linkedin.com\\\/company\\\/centro-agricoltura-ambiente-giorgio-nicoli-s-r-l-\\\/?originalSubdomain=it\",\"https:\\\/\\\/www.youtube.com\\\/channel\\\/UCeJ0U2Q4OY19f51sXSRPx2w\",\"https:\\\/\\\/web-cdn.bsky.app\\\/profile\\\/caasrl.bsky.social\"]}]}<\/script>\n<!-- \/ Yoast SEO plugin. -->","yoast_head_json":{"title":"Sterile Insect Technique - CAA Centro Agricoltura Ambiente","robots":{"index":"index","follow":"follow","max-snippet":"max-snippet:-1","max-image-preview":"max-image-preview:large","max-video-preview":"max-video-preview:-1"},"canonical":"https:\/\/www.caa.it\/it\/attivita\/entomologia-e-zoologia-sanitarie\/lotta-alle-zanzare\/sterile-insect-technique\/","og_locale":"it_IT","og_type":"article","og_title":"Sterile Insect Technique - CAA Centro Agricoltura Ambiente","og_description":"[vc_row][vc_column width=&#8221;1\/2&#8243;][vc_column_text css=&#8221;&#8221;] Obiettivo Zanzara Tigre (Aedes albopictus) La Zanzara Tigre \u00e8 una specie esotica introdotta accidentalmente all\u2019inizio degli anni \u201990 che ha rapidamente colonizzato ilnostro Paese. Attualmente \u00e8 la zanzara pi\u00f9 pericolosa per la salute in quanto vettrice di virus agenti eziologici di malattie dell\u2019uomo quali Chikungunya, Dengue e Zika. In Italia abbiamo fatto [&hellip;]","og_url":"https:\/\/www.caa.it\/it\/attivita\/entomologia-e-zoologia-sanitarie\/lotta-alle-zanzare\/sterile-insect-technique\/","og_site_name":"CAA Centro Agricoltura Ambiente","article_publisher":"https:\/\/www.facebook.com\/centroagricolturaambiente.giorgionicoli\/","article_modified_time":"2026-01-16T14:08:19+00:00","og_image":[{"width":1920,"height":1105,"url":"https:\/\/www.caa.it\/wp-content\/uploads\/2019\/02\/slide_caa_centro_agricoltura_ambiente.jpg","type":"image\/jpeg"}],"twitter_card":"summary_large_image","twitter_site":"@2013_caa","twitter_misc":{"Tempo di lettura stimato":"6 minuti"},"schema":{"@context":"https:\/\/schema.org","@graph":[{"@type":"WebPage","@id":"https:\/\/www.caa.it\/it\/attivita\/entomologia-e-zoologia-sanitarie\/lotta-alle-zanzare\/sterile-insect-technique\/","url":"https:\/\/www.caa.it\/it\/attivita\/entomologia-e-zoologia-sanitarie\/lotta-alle-zanzare\/sterile-insect-technique\/","name":"Sterile Insect Technique - CAA Centro Agricoltura Ambiente","isPartOf":{"@id":"https:\/\/www.caa.it\/it\/#website"},"primaryImageOfPage":{"@id":"https:\/\/www.caa.it\/it\/attivita\/entomologia-e-zoologia-sanitarie\/lotta-alle-zanzare\/sterile-insect-technique\/#primaryimage"},"image":{"@id":"https:\/\/www.caa.it\/it\/attivita\/entomologia-e-zoologia-sanitarie\/lotta-alle-zanzare\/sterile-insect-technique\/#primaryimage"},"thumbnailUrl":"https:\/\/www.caa.it\/wp-content\/uploads\/2019\/02\/slide_caa_centro_agricoltura_ambiente.jpg","datePublished":"2025-09-24T14:18:54+00:00","dateModified":"2026-01-16T14:08:19+00:00","breadcrumb":{"@id":"https:\/\/www.caa.it\/it\/attivita\/entomologia-e-zoologia-sanitarie\/lotta-alle-zanzare\/sterile-insect-technique\/#breadcrumb"},"inLanguage":"it-IT","potentialAction":[{"@type":"ReadAction","target":["https:\/\/www.caa.it\/it\/attivita\/entomologia-e-zoologia-sanitarie\/lotta-alle-zanzare\/sterile-insect-technique\/"]}]},{"@type":"ImageObject","inLanguage":"it-IT","@id":"https:\/\/www.caa.it\/it\/attivita\/entomologia-e-zoologia-sanitarie\/lotta-alle-zanzare\/sterile-insect-technique\/#primaryimage","url":"https:\/\/www.caa.it\/wp-content\/uploads\/2019\/02\/slide_caa_centro_agricoltura_ambiente.jpg","contentUrl":"https:\/\/www.caa.it\/wp-content\/uploads\/2019\/02\/slide_caa_centro_agricoltura_ambiente.jpg","width":1920,"height":1105},{"@type":"BreadcrumbList","@id":"https:\/\/www.caa.it\/it\/attivita\/entomologia-e-zoologia-sanitarie\/lotta-alle-zanzare\/sterile-insect-technique\/#breadcrumb","itemListElement":[{"@type":"ListItem","position":1,"name":"Home","item":"https:\/\/www.caa.it\/it\/"},{"@type":"ListItem","position":2,"name":"Attivit\u00e0","item":"https:\/\/www.caa.it\/it\/attivita\/"},{"@type":"ListItem","position":3,"name":"Entomologia e zoologia sanitarie","item":"https:\/\/www.caa.it\/it\/attivita\/entomologia-e-zoologia-sanitarie\/"},{"@type":"ListItem","position":4,"name":"Lotta alle zanzare","item":"https:\/\/www.caa.it\/it\/attivita\/entomologia-e-zoologia-sanitarie\/lotta-alle-zanzare\/"},{"@type":"ListItem","position":5,"name":"Sterile Insect Technique"}]},{"@type":"WebSite","@id":"https:\/\/www.caa.it\/it\/#website","url":"https:\/\/www.caa.it\/it\/","name":"CAA Centro Agricoltura Ambiente","description":"Centro Agricoltura Ambiente &quot;Giorgio Nicoli&quot;","publisher":{"@id":"https:\/\/www.caa.it\/it\/#organization"},"potentialAction":[{"@type":"SearchAction","target":{"@type":"EntryPoint","urlTemplate":"https:\/\/www.caa.it\/it\/?s={search_term_string}"},"query-input":{"@type":"PropertyValueSpecification","valueRequired":true,"valueName":"search_term_string"}}],"inLanguage":"it-IT"},{"@type":"Organization","@id":"https:\/\/www.caa.it\/it\/#organization","name":"Centro Agricoltura Ambiente","url":"https:\/\/www.caa.it\/it\/","logo":{"@type":"ImageObject","inLanguage":"it-IT","@id":"https:\/\/www.caa.it\/it\/#\/schema\/logo\/image\/","url":"https:\/\/www.caa.it\/wp-content\/uploads\/2019\/01\/logo_caa_centro_agricoltura_ambiente_nicoli.png","contentUrl":"https:\/\/www.caa.it\/wp-content\/uploads\/2019\/01\/logo_caa_centro_agricoltura_ambiente_nicoli.png","width":567,"height":129,"caption":"Centro Agricoltura Ambiente"},"image":{"@id":"https:\/\/www.caa.it\/it\/#\/schema\/logo\/image\/"},"sameAs":["https:\/\/www.facebook.com\/centroagricolturaambiente.giorgionicoli\/","https:\/\/x.com\/2013_caa","https:\/\/www.linkedin.com\/company\/centro-agricoltura-ambiente-giorgio-nicoli-s-r-l-\/?originalSubdomain=it","https:\/\/www.youtube.com\/channel\/UCeJ0U2Q4OY19f51sXSRPx2w","https:\/\/web-cdn.bsky.app\/profile\/caasrl.bsky.social"]}]}},"_links":{"self":[{"href":"https:\/\/www.caa.it\/it\/wp-json\/wp\/v2\/pages\/44","targetHints":{"allow":["GET"]}}],"collection":[{"href":"https:\/\/www.caa.it\/it\/wp-json\/wp\/v2\/pages"}],"about":[{"href":"https:\/\/www.caa.it\/it\/wp-json\/wp\/v2\/types\/page"}],"author":[{"embeddable":true,"href":"https:\/\/www.caa.it\/it\/wp-json\/wp\/v2\/users\/1"}],"replies":[{"embeddable":true,"href":"https:\/\/www.caa.it\/it\/wp-json\/wp\/v2\/comments?post=44"}],"version-history":[{"count":18,"href":"https:\/\/www.caa.it\/it\/wp-json\/wp\/v2\/pages\/44\/revisions"}],"predecessor-version":[{"id":9259,"href":"https:\/\/www.caa.it\/it\/wp-json\/wp\/v2\/pages\/44\/revisions\/9259"}],"up":[{"embeddable":true,"href":"https:\/\/www.caa.it\/it\/wp-json\/wp\/v2\/pages\/42"}],"wp:featuredmedia":[{"embeddable":true,"href":"https:\/\/www.caa.it\/it\/wp-json\/wp\/v2\/media\/679"}],"wp:attachment":[{"href":"https:\/\/www.caa.it\/it\/wp-json\/wp\/v2\/media?parent=44"}],"curies":[{"name":"wp","href":"https:\/\/api.w.org\/{rel}","templated":true}]}}