{"id":52,"date":"2025-09-24T16:20:09","date_gmt":"2025-09-24T14:20:09","guid":{"rendered":"https:\/\/web.caa.it\/?page_id=52"},"modified":"2026-02-27T10:50:40","modified_gmt":"2026-02-27T09:50:40","slug":"formazione","status":"publish","type":"page","link":"https:\/\/www.caa.it\/it\/attivita\/entomologia-e-zoologia-sanitarie\/formazione\/","title":{"rendered":"Formazione"},"content":{"rendered":"<div class=\"wpb-content-wrapper\"><p>[vc_row][vc_column][vc_column_text css=&#8221;&#8221;]La gestione artropodi e altri organismi di interesse sanitario richiede <strong data-start=\"324\" data-end=\"391\">competenza tecnica, aggiornamento continuo e capacit\u00e0 operativa<\/strong>.<\/p>\n<p>Per questo il settore Entomologia e Zoologia Sanitarie propone percorsi formativi specialistici progettati e condotti da <strong data-start=\"501\" data-end=\"578\">entomologi professionisti attivi nella ricerca e nel controllo dei vettori<\/strong>, con un valore distintivo: la disponibilit\u00e0 di un <strong data-start=\"629\" data-end=\"668\">laboratorio entomologico attrezzato<\/strong> a supporto della didattica.<\/p>\n<p>I corsi formativi teorici e pratici sono rivolti a operatori della disinfestazione, operatori e tecnici AUSL, municipalizzate, enti locali che si occupano di disinfestazione nonch\u00e9 si propongono lezioni pratico-teoriche in progetti in <strong>scuole primarie, secondarie e superiori<\/strong>.<\/p>\n<p data-start=\"698\" data-end=\"788\">Non solo teoria.<br data-start=\"714\" data-end=\"717\" \/><strong data-start=\"717\" data-end=\"788\">Formazione concreta, basata su esperienza reale e attivit\u00e0 pratica.<\/strong><\/p>\n<h3>Proposte Corsi<\/h3>\n<p>I corsi organizzati dal settore EZS vertono su svariati argomenti (<strong>corsi anche da remoto<\/strong> via Skype\/Zoom\/Google Meet\/Teams):<\/p>\n<ul class=\"check\">\n<li>classificazione Culicidi ed Ematofagi<\/li>\n<li>allevamento delle zanzare in laboratorio<\/li>\n<li>controllo di Aedes albopictus (compresa la Sterile Insect Technique &#8211; SIT) e delle zanzare autoctone<\/li>\n<li>controllo delle popolazioni di muridi (topi e ratti) e lotta agli insetti infestanti<\/li>\n<li>utilizzo GIS Open Source e Mobile GIS nel campo del Pest Control<\/li>\n<li>controlli di qualit\u00e0 dei trattamenti larvicidi contro le zanzare<\/li>\n<\/ul>\n<p>[\/vc_column_text][vc_column_text css=&#8221;&#8221; el_class=&#8221;quote-block&#8221;]Nell\u2019ambito dei progetti di lotta alla Zanzara Tigre i tecnici Entomologi organizzano corsi di base per volontari coinvolti in attivit\u00e0 \u201cpeer-to-peer\u201d, incontri pubblici informativi sulle attivit\u00e0 di lotta alle zanzare o su progetti specifici di <a href=\"\/attivita\/entomologia-e-zoologia-sanitarie\/lotta-alle-zanzare\/strategia-porta-a-porta\/\">Porta-A-Porta<\/a> e\/o <a href=\"\/attivita\/entomologia-e-zoologia-sanitarie\/lotta-alle-zanzare\/sterile-insect-technique\/\">SIT<\/a>.[\/vc_column_text][vc_column_text css=&#8221;&#8221;]<\/p>\n<h3>Principali corsi strutturati<\/h3>\n<p>[\/vc_column_text][vc_tta_accordion title_tag=&#8221;h3&#8243; section_title_tag=&#8221;h5&#8243; color=&#8221;green&#8221; active_section=&#8221;&#8221; css=&#8221;.vc_custom_1772184328624{border-radius: 1px !important;border-color: #1E73BE !important;}&#8221;][vc_tta_section i_icon_fontawesome=&#8221;fa fa-solid fa-bug&#8221; add_icon=&#8221;true&#8221; title=&#8221;La tecnica del Maschio Sterile (SIT) per il controllo della Zanzara Tigre&#8221; tab_id=&#8221;1772182251500-8ad5ee31-1dc1&#8243;][vc_column_text css=&#8221;&#8221;]La Zanzara Tigre (<em>Aedes albopictus<\/em>) \u00e8 annoverata tra le zanzare pi\u00f9 pericolose per la salute pubblica per la capacit\u00e0 di trasmettere virus che causano gravi malattie, in particolare Dengue, Chikungunya e Zika. Essendo anche molto aggressiva \u00e8 fonte di elevata nocivit\u00e0 soprattutto nelle aree urbane residenziali dove trova ideali condizioni di sviluppo.<\/p>\n<p>Le attivit\u00e0 di lotta contro la Zanzara Tigre attualmente disponibili permettono risultati assai modesti e le imprese di disinfestazione devono ricorrere a trattamenti insetticidi adulticidi non privi di impatto sanitario e ambientale nonch\u00e9 di efficacia temporanea.<\/p>\n<p>La tecnologia del \u201cmaschio sterile (SIT)\u201d \u00e8 un metodo di lotta biologica totalmente innocuo per l\u2019ambiente, la salute pubblica e degli operatori addetti del <em>pest control<\/em>.<\/p>\n<p>Il corso fornisce gli elementi base per l\u2019applicazione del metodo SIT sviluppando competenze specifiche affinch\u00e9 tale metodologia possa essere applicata con efficacia nell\u2019ambito della strategia di lotta integrata (Integrated Pest Management) per il contrasto alla Zanzara Tigre.<\/p>\n<p><strong>Richiedi informazioni<\/strong> nel form <a href=\"https:\/\/www.caa.it\/it\/contatti\/\"><strong>contatti<\/strong><\/a>[\/vc_column_text][\/vc_tta_section][vc_tta_section i_icon_fontawesome=&#8221;fa fa-solid fa-map-location-dot&#8221; add_icon=&#8221;true&#8221; title=&#8221;Utilizzo base GIS open source (QGIS 3.x) nel Pest Management&#8221; tab_id=&#8221;1772182251520-fd58b46d-055c&#8221;][vc_column_text css=&#8221;&#8221;]<\/p>\n<p data-start=\"65\" data-end=\"415\">Nel pest management moderno, la differenza tra intervento reattivo e gestione strategica risiede nella capacit\u00e0 di <strong data-start=\"180\" data-end=\"236\">trasformare dati territoriali in decisioni operative<\/strong>. Il GIS non \u00e8 pi\u00f9 uno strumento per specialisti cartografi, ma una piattaforma decisionale essenziale per chi si occupa di monitoraggio, prevenzione e controllo degli infestanti.<\/p>\n<p data-start=\"417\" data-end=\"701\">Questo corso \u00e8 progettato per professionisti del settore disinfestazione, tecnici di sanit\u00e0 pubblica e responsabili di servizio che vogliono integrare <strong data-start=\"568\" data-end=\"609\"><span class=\"hover:entity-accent entity-underline inline cursor-pointer align-baseline\"><span class=\"whitespace-normal\">QGIS<\/span><\/span><\/strong> nei propri processi operativi utilizzando una soluzione open source, potente e sostenibile.<\/p>\n<p data-start=\"417\" data-end=\"701\"><strong>Richiedi informazioni<\/strong> nel form <a href=\"https:\/\/www.caa.it\/it\/contatti\/\"><strong>contatti<\/strong><\/a><\/p>\n<p>[\/vc_column_text][\/vc_tta_section][\/vc_tta_accordion][\/vc_column][\/vc_row][vc_row][vc_column][vc_row_inner][vc_column_inner width=&#8221;1\/3&#8243;][vc_single_image image=&#8221;6521&#8243; img_size=&#8221;large&#8221; css=&#8221;&#8221;][\/vc_column_inner][vc_column_inner width=&#8221;1\/3&#8243;][vc_single_image image=&#8221;6519&#8243; img_size=&#8221;large&#8221; css=&#8221;&#8221;][\/vc_column_inner][vc_column_inner width=&#8221;1\/3&#8243;][vc_single_image image=&#8221;6524&#8243; img_size=&#8221;large&#8221; css=&#8221;&#8221;][\/vc_column_inner][\/vc_row_inner][\/vc_column][\/vc_row]<\/p>\n<\/div>","protected":false},"excerpt":{"rendered":"<p>[vc_row][vc_column][vc_column_text css=&#8221;&#8221;]La gestione artropodi e altri organismi di interesse sanitario richiede competenza tecnica, aggiornamento continuo e capacit\u00e0 operativa. Per questo il settore Entomologia e Zoologia Sanitarie propone percorsi formativi specialistici progettati e condotti da entomologi professionisti attivi nella ricerca e nel controllo dei vettori, con un valore distintivo: la disponibilit\u00e0 di un laboratorio entomologico attrezzato [&hellip;]<\/p>\n","protected":false},"author":1,"featured_media":679,"parent":38,"menu_order":5,"comment_status":"closed","ping_status":"closed","template":"","meta":{"_acf_changed":false,"footnotes":""},"class_list":["post-52","page","type-page","status-publish","has-post-thumbnail","hentry"],"acf":[],"yoast_head":"<!-- This site is optimized with the Yoast SEO plugin v27.4 - https:\/\/yoast.com\/product\/yoast-seo-wordpress\/ -->\n<title>Formazione - CAA Centro Agricoltura Ambiente<\/title>\n<meta name=\"robots\" content=\"index, follow, max-snippet:-1, max-image-preview:large, max-video-preview:-1\" \/>\n<link rel=\"canonical\" href=\"https:\/\/www.caa.it\/it\/attivita\/entomologia-e-zoologia-sanitarie\/formazione\/\" \/>\n<meta property=\"og:locale\" content=\"it_IT\" \/>\n<meta property=\"og:type\" content=\"article\" \/>\n<meta property=\"og:title\" content=\"Formazione - CAA Centro Agricoltura Ambiente\" \/>\n<meta property=\"og:description\" content=\"[vc_row][vc_column][vc_column_text css=&#8221;&#8221;]La gestione artropodi e altri organismi di interesse sanitario richiede competenza tecnica, aggiornamento continuo e capacit\u00e0 operativa. Per questo il settore Entomologia e Zoologia Sanitarie propone percorsi formativi specialistici progettati e condotti da entomologi professionisti attivi nella ricerca e nel controllo dei vettori, con un valore distintivo: la disponibilit\u00e0 di un laboratorio entomologico attrezzato [&hellip;]\" \/>\n<meta property=\"og:url\" content=\"https:\/\/www.caa.it\/it\/attivita\/entomologia-e-zoologia-sanitarie\/formazione\/\" \/>\n<meta property=\"og:site_name\" content=\"CAA Centro Agricoltura Ambiente\" \/>\n<meta property=\"article:publisher\" content=\"https:\/\/www.facebook.com\/centroagricolturaambiente.giorgionicoli\/\" \/>\n<meta property=\"article:modified_time\" content=\"2026-02-27T09:50:40+00:00\" \/>\n<meta property=\"og:image\" content=\"https:\/\/www.caa.it\/wp-content\/uploads\/2019\/02\/slide_caa_centro_agricoltura_ambiente.jpg\" \/>\n\t<meta property=\"og:image:width\" content=\"1920\" \/>\n\t<meta property=\"og:image:height\" content=\"1105\" \/>\n\t<meta property=\"og:image:type\" content=\"image\/jpeg\" \/>\n<meta name=\"twitter:card\" content=\"summary_large_image\" \/>\n<meta name=\"twitter:site\" content=\"@2013_caa\" \/>\n<meta name=\"twitter:label1\" content=\"Tempo di lettura stimato\" \/>\n\t<meta name=\"twitter:data1\" content=\"4 minuti\" \/>\n<script type=\"application\/ld+json\" class=\"yoast-schema-graph\">{\"@context\":\"https:\\\/\\\/schema.org\",\"@graph\":[{\"@type\":\"WebPage\",\"@id\":\"https:\\\/\\\/www.caa.it\\\/it\\\/attivita\\\/entomologia-e-zoologia-sanitarie\\\/formazione\\\/\",\"url\":\"https:\\\/\\\/www.caa.it\\\/it\\\/attivita\\\/entomologia-e-zoologia-sanitarie\\\/formazione\\\/\",\"name\":\"Formazione - CAA Centro Agricoltura Ambiente\",\"isPartOf\":{\"@id\":\"https:\\\/\\\/www.caa.it\\\/it\\\/#website\"},\"primaryImageOfPage\":{\"@id\":\"https:\\\/\\\/www.caa.it\\\/it\\\/attivita\\\/entomologia-e-zoologia-sanitarie\\\/formazione\\\/#primaryimage\"},\"image\":{\"@id\":\"https:\\\/\\\/www.caa.it\\\/it\\\/attivita\\\/entomologia-e-zoologia-sanitarie\\\/formazione\\\/#primaryimage\"},\"thumbnailUrl\":\"https:\\\/\\\/www.caa.it\\\/wp-content\\\/uploads\\\/2019\\\/02\\\/slide_caa_centro_agricoltura_ambiente.jpg\",\"datePublished\":\"2025-09-24T14:20:09+00:00\",\"dateModified\":\"2026-02-27T09:50:40+00:00\",\"breadcrumb\":{\"@id\":\"https:\\\/\\\/www.caa.it\\\/it\\\/attivita\\\/entomologia-e-zoologia-sanitarie\\\/formazione\\\/#breadcrumb\"},\"inLanguage\":\"it-IT\",\"potentialAction\":[{\"@type\":\"ReadAction\",\"target\":[\"https:\\\/\\\/www.caa.it\\\/it\\\/attivita\\\/entomologia-e-zoologia-sanitarie\\\/formazione\\\/\"]}]},{\"@type\":\"ImageObject\",\"inLanguage\":\"it-IT\",\"@id\":\"https:\\\/\\\/www.caa.it\\\/it\\\/attivita\\\/entomologia-e-zoologia-sanitarie\\\/formazione\\\/#primaryimage\",\"url\":\"https:\\\/\\\/www.caa.it\\\/wp-content\\\/uploads\\\/2019\\\/02\\\/slide_caa_centro_agricoltura_ambiente.jpg\",\"contentUrl\":\"https:\\\/\\\/www.caa.it\\\/wp-content\\\/uploads\\\/2019\\\/02\\\/slide_caa_centro_agricoltura_ambiente.jpg\",\"width\":1920,\"height\":1105},{\"@type\":\"BreadcrumbList\",\"@id\":\"https:\\\/\\\/www.caa.it\\\/it\\\/attivita\\\/entomologia-e-zoologia-sanitarie\\\/formazione\\\/#breadcrumb\",\"itemListElement\":[{\"@type\":\"ListItem\",\"position\":1,\"name\":\"Home\",\"item\":\"https:\\\/\\\/www.caa.it\\\/it\\\/\"},{\"@type\":\"ListItem\",\"position\":2,\"name\":\"Attivit\u00e0\",\"item\":\"https:\\\/\\\/www.caa.it\\\/it\\\/attivita\\\/\"},{\"@type\":\"ListItem\",\"position\":3,\"name\":\"Entomologia e zoologia sanitarie\",\"item\":\"https:\\\/\\\/www.caa.it\\\/it\\\/attivita\\\/entomologia-e-zoologia-sanitarie\\\/\"},{\"@type\":\"ListItem\",\"position\":4,\"name\":\"Formazione\"}]},{\"@type\":\"WebSite\",\"@id\":\"https:\\\/\\\/www.caa.it\\\/it\\\/#website\",\"url\":\"https:\\\/\\\/www.caa.it\\\/it\\\/\",\"name\":\"CAA Centro Agricoltura Ambiente\",\"description\":\"Centro Agricoltura Ambiente &quot;Giorgio Nicoli&quot;\",\"publisher\":{\"@id\":\"https:\\\/\\\/www.caa.it\\\/it\\\/#organization\"},\"potentialAction\":[{\"@type\":\"SearchAction\",\"target\":{\"@type\":\"EntryPoint\",\"urlTemplate\":\"https:\\\/\\\/www.caa.it\\\/it\\\/?s={search_term_string}\"},\"query-input\":{\"@type\":\"PropertyValueSpecification\",\"valueRequired\":true,\"valueName\":\"search_term_string\"}}],\"inLanguage\":\"it-IT\"},{\"@type\":\"Organization\",\"@id\":\"https:\\\/\\\/www.caa.it\\\/it\\\/#organization\",\"name\":\"Centro Agricoltura Ambiente\",\"url\":\"https:\\\/\\\/www.caa.it\\\/it\\\/\",\"logo\":{\"@type\":\"ImageObject\",\"inLanguage\":\"it-IT\",\"@id\":\"https:\\\/\\\/www.caa.it\\\/it\\\/#\\\/schema\\\/logo\\\/image\\\/\",\"url\":\"https:\\\/\\\/www.caa.it\\\/wp-content\\\/uploads\\\/2019\\\/01\\\/logo_caa_centro_agricoltura_ambiente_nicoli.png\",\"contentUrl\":\"https:\\\/\\\/www.caa.it\\\/wp-content\\\/uploads\\\/2019\\\/01\\\/logo_caa_centro_agricoltura_ambiente_nicoli.png\",\"width\":567,\"height\":129,\"caption\":\"Centro Agricoltura Ambiente\"},\"image\":{\"@id\":\"https:\\\/\\\/www.caa.it\\\/it\\\/#\\\/schema\\\/logo\\\/image\\\/\"},\"sameAs\":[\"https:\\\/\\\/www.facebook.com\\\/centroagricolturaambiente.giorgionicoli\\\/\",\"https:\\\/\\\/x.com\\\/2013_caa\",\"https:\\\/\\\/www.linkedin.com\\\/company\\\/centro-agricoltura-ambiente-giorgio-nicoli-s-r-l-\\\/?originalSubdomain=it\",\"https:\\\/\\\/www.youtube.com\\\/channel\\\/UCeJ0U2Q4OY19f51sXSRPx2w\",\"https:\\\/\\\/web-cdn.bsky.app\\\/profile\\\/caasrl.bsky.social\"]}]}<\/script>\n<!-- \/ Yoast SEO plugin. -->","yoast_head_json":{"title":"Formazione - CAA Centro Agricoltura Ambiente","robots":{"index":"index","follow":"follow","max-snippet":"max-snippet:-1","max-image-preview":"max-image-preview:large","max-video-preview":"max-video-preview:-1"},"canonical":"https:\/\/www.caa.it\/it\/attivita\/entomologia-e-zoologia-sanitarie\/formazione\/","og_locale":"it_IT","og_type":"article","og_title":"Formazione - CAA Centro Agricoltura Ambiente","og_description":"[vc_row][vc_column][vc_column_text css=&#8221;&#8221;]La gestione artropodi e altri organismi di interesse sanitario richiede competenza tecnica, aggiornamento continuo e capacit\u00e0 operativa. Per questo il settore Entomologia e Zoologia Sanitarie propone percorsi formativi specialistici progettati e condotti da entomologi professionisti attivi nella ricerca e nel controllo dei vettori, con un valore distintivo: la disponibilit\u00e0 di un laboratorio entomologico attrezzato [&hellip;]","og_url":"https:\/\/www.caa.it\/it\/attivita\/entomologia-e-zoologia-sanitarie\/formazione\/","og_site_name":"CAA Centro Agricoltura Ambiente","article_publisher":"https:\/\/www.facebook.com\/centroagricolturaambiente.giorgionicoli\/","article_modified_time":"2026-02-27T09:50:40+00:00","og_image":[{"width":1920,"height":1105,"url":"https:\/\/www.caa.it\/wp-content\/uploads\/2019\/02\/slide_caa_centro_agricoltura_ambiente.jpg","type":"image\/jpeg"}],"twitter_card":"summary_large_image","twitter_site":"@2013_caa","twitter_misc":{"Tempo di lettura stimato":"4 minuti"},"schema":{"@context":"https:\/\/schema.org","@graph":[{"@type":"WebPage","@id":"https:\/\/www.caa.it\/it\/attivita\/entomologia-e-zoologia-sanitarie\/formazione\/","url":"https:\/\/www.caa.it\/it\/attivita\/entomologia-e-zoologia-sanitarie\/formazione\/","name":"Formazione - CAA Centro Agricoltura Ambiente","isPartOf":{"@id":"https:\/\/www.caa.it\/it\/#website"},"primaryImageOfPage":{"@id":"https:\/\/www.caa.it\/it\/attivita\/entomologia-e-zoologia-sanitarie\/formazione\/#primaryimage"},"image":{"@id":"https:\/\/www.caa.it\/it\/attivita\/entomologia-e-zoologia-sanitarie\/formazione\/#primaryimage"},"thumbnailUrl":"https:\/\/www.caa.it\/wp-content\/uploads\/2019\/02\/slide_caa_centro_agricoltura_ambiente.jpg","datePublished":"2025-09-24T14:20:09+00:00","dateModified":"2026-02-27T09:50:40+00:00","breadcrumb":{"@id":"https:\/\/www.caa.it\/it\/attivita\/entomologia-e-zoologia-sanitarie\/formazione\/#breadcrumb"},"inLanguage":"it-IT","potentialAction":[{"@type":"ReadAction","target":["https:\/\/www.caa.it\/it\/attivita\/entomologia-e-zoologia-sanitarie\/formazione\/"]}]},{"@type":"ImageObject","inLanguage":"it-IT","@id":"https:\/\/www.caa.it\/it\/attivita\/entomologia-e-zoologia-sanitarie\/formazione\/#primaryimage","url":"https:\/\/www.caa.it\/wp-content\/uploads\/2019\/02\/slide_caa_centro_agricoltura_ambiente.jpg","contentUrl":"https:\/\/www.caa.it\/wp-content\/uploads\/2019\/02\/slide_caa_centro_agricoltura_ambiente.jpg","width":1920,"height":1105},{"@type":"BreadcrumbList","@id":"https:\/\/www.caa.it\/it\/attivita\/entomologia-e-zoologia-sanitarie\/formazione\/#breadcrumb","itemListElement":[{"@type":"ListItem","position":1,"name":"Home","item":"https:\/\/www.caa.it\/it\/"},{"@type":"ListItem","position":2,"name":"Attivit\u00e0","item":"https:\/\/www.caa.it\/it\/attivita\/"},{"@type":"ListItem","position":3,"name":"Entomologia e zoologia sanitarie","item":"https:\/\/www.caa.it\/it\/attivita\/entomologia-e-zoologia-sanitarie\/"},{"@type":"ListItem","position":4,"name":"Formazione"}]},{"@type":"WebSite","@id":"https:\/\/www.caa.it\/it\/#website","url":"https:\/\/www.caa.it\/it\/","name":"CAA Centro Agricoltura Ambiente","description":"Centro Agricoltura Ambiente &quot;Giorgio Nicoli&quot;","publisher":{"@id":"https:\/\/www.caa.it\/it\/#organization"},"potentialAction":[{"@type":"SearchAction","target":{"@type":"EntryPoint","urlTemplate":"https:\/\/www.caa.it\/it\/?s={search_term_string}"},"query-input":{"@type":"PropertyValueSpecification","valueRequired":true,"valueName":"search_term_string"}}],"inLanguage":"it-IT"},{"@type":"Organization","@id":"https:\/\/www.caa.it\/it\/#organization","name":"Centro Agricoltura Ambiente","url":"https:\/\/www.caa.it\/it\/","logo":{"@type":"ImageObject","inLanguage":"it-IT","@id":"https:\/\/www.caa.it\/it\/#\/schema\/logo\/image\/","url":"https:\/\/www.caa.it\/wp-content\/uploads\/2019\/01\/logo_caa_centro_agricoltura_ambiente_nicoli.png","contentUrl":"https:\/\/www.caa.it\/wp-content\/uploads\/2019\/01\/logo_caa_centro_agricoltura_ambiente_nicoli.png","width":567,"height":129,"caption":"Centro Agricoltura Ambiente"},"image":{"@id":"https:\/\/www.caa.it\/it\/#\/schema\/logo\/image\/"},"sameAs":["https:\/\/www.facebook.com\/centroagricolturaambiente.giorgionicoli\/","https:\/\/x.com\/2013_caa","https:\/\/www.linkedin.com\/company\/centro-agricoltura-ambiente-giorgio-nicoli-s-r-l-\/?originalSubdomain=it","https:\/\/www.youtube.com\/channel\/UCeJ0U2Q4OY19f51sXSRPx2w","https:\/\/web-cdn.bsky.app\/profile\/caasrl.bsky.social"]}]}},"_links":{"self":[{"href":"https:\/\/www.caa.it\/it\/wp-json\/wp\/v2\/pages\/52","targetHints":{"allow":["GET"]}}],"collection":[{"href":"https:\/\/www.caa.it\/it\/wp-json\/wp\/v2\/pages"}],"about":[{"href":"https:\/\/www.caa.it\/it\/wp-json\/wp\/v2\/types\/page"}],"author":[{"embeddable":true,"href":"https:\/\/www.caa.it\/it\/wp-json\/wp\/v2\/users\/1"}],"replies":[{"embeddable":true,"href":"https:\/\/www.caa.it\/it\/wp-json\/wp\/v2\/comments?post=52"}],"version-history":[{"count":27,"href":"https:\/\/www.caa.it\/it\/wp-json\/wp\/v2\/pages\/52\/revisions"}],"predecessor-version":[{"id":9365,"href":"https:\/\/www.caa.it\/it\/wp-json\/wp\/v2\/pages\/52\/revisions\/9365"}],"up":[{"embeddable":true,"href":"https:\/\/www.caa.it\/it\/wp-json\/wp\/v2\/pages\/38"}],"wp:featuredmedia":[{"embeddable":true,"href":"https:\/\/www.caa.it\/it\/wp-json\/wp\/v2\/media\/679"}],"wp:attachment":[{"href":"https:\/\/www.caa.it\/it\/wp-json\/wp\/v2\/media?parent=52"}],"curies":[{"name":"wp","href":"https:\/\/api.w.org\/{rel}","templated":true}]}}