{"id":74,"date":"2025-09-24T16:25:17","date_gmt":"2025-09-24T14:25:17","guid":{"rendered":"https:\/\/web.caa.it\/?page_id=74"},"modified":"2025-10-07T10:06:18","modified_gmt":"2025-10-07T08:06:18","slug":"restauro-del-legno-bagnato","status":"publish","type":"page","link":"https:\/\/www.caa.it\/it\/attivita\/palinologia-e-archeobotanica\/restauro-del-legno-bagnato\/","title":{"rendered":"Restauro del legno bagnato"},"content":{"rendered":"<div class=\"wpb-content-wrapper\"><p>[vc_row][vc_column][vc_column_text css=&#8221;&#8221;]Fin dall\u2019antichit\u00e0 il legno \u00e8 stato utilizzato dall\u2019uomo per la sua ampia reperibilit\u00e0 e la sua facilit\u00e0 di lavorazione. La sua conservazione nei siti archeologici \u00e8 alquanto rara perch\u00e9 il legno, essendo una sostanza organica, \u00e8 soggetto ad un rapido degrado e al disfacimento per opera di batteri e microrganismi; solo in determinate condizioni di giacitura esso pu\u00f2 conservarsi per millenni, mantenendo pressoch\u00e9 inalterato il suo aspetto.<br \/>\nIn particolare, i materiali lignei si conservano prevalentemente in ambienti umidi, come i livelli sommersi dalla falda freatica o in ambienti creati dall\u2019uomo in cui l\u2019acqua \u00e8 presente permanentemente, come pozzi, buche, fossati, canali, cisterne, latrine, ecc.[\/vc_column_text][vc_column_text css=&#8221;&#8221; el_class=&#8221;quote-block&#8221;]Il settore si occupa del recupero di strutture e manufatti lignei, anche di notevoli dimensioni, utilizzando particolari strategie e appropriate metodologie in funzione dei reperti, delle loro dimensioni e dello stato di conservazione.[\/vc_column_text][vc_column_text css=&#8221;&#8221;]Considerando la fragilit\u00e0 e la deperibilit\u00e0 dei manufatti lignei, gli operatori provvedono gi\u00e0 dalle prime fasi di scavo ad un immediato intervento conservativo in apposite vasche di conservazione. Prima di sottoporre i reperti al restauro, i materiali vengono lavati, fotografati, misurati, disegnati, pesati e campionati per le analisi xilologiche. Terminate queste operazioni i manufatti vengono consolidati seguendo le metodologie pi\u00f9 appropriate a seconda delle caratteristiche specifiche e tecniche del legno.[\/vc_column_text][\/vc_column][\/vc_row]<\/p>\n<\/div>","protected":false},"excerpt":{"rendered":"<p>[vc_row][vc_column][vc_column_text css=&#8221;&#8221;]Fin dall\u2019antichit\u00e0 il legno \u00e8 stato utilizzato dall\u2019uomo per la sua ampia reperibilit\u00e0 e la sua facilit\u00e0 di lavorazione. La sua conservazione nei siti archeologici \u00e8 alquanto rara perch\u00e9 il legno, essendo una sostanza organica, \u00e8 soggetto ad un rapido degrado e al disfacimento per opera di batteri e microrganismi; solo in determinate condizioni [&hellip;]<\/p>\n","protected":false},"author":1,"featured_media":768,"parent":66,"menu_order":3,"comment_status":"closed","ping_status":"closed","template":"","meta":{"_acf_changed":false,"footnotes":""},"class_list":["post-74","page","type-page","status-publish","has-post-thumbnail","hentry"],"acf":[],"yoast_head":"<!-- This site is optimized with the Yoast SEO plugin v27.4 - https:\/\/yoast.com\/product\/yoast-seo-wordpress\/ -->\n<title>Restauro del legno bagnato - CAA Centro Agricoltura Ambiente<\/title>\n<meta name=\"robots\" content=\"index, follow, max-snippet:-1, max-image-preview:large, max-video-preview:-1\" \/>\n<link rel=\"canonical\" href=\"https:\/\/www.caa.it\/it\/attivita\/palinologia-e-archeobotanica\/restauro-del-legno-bagnato\/\" \/>\n<meta property=\"og:locale\" content=\"it_IT\" \/>\n<meta property=\"og:type\" content=\"article\" \/>\n<meta property=\"og:title\" content=\"Restauro del legno bagnato - CAA Centro Agricoltura Ambiente\" \/>\n<meta property=\"og:description\" content=\"[vc_row][vc_column][vc_column_text css=&#8221;&#8221;]Fin dall\u2019antichit\u00e0 il legno \u00e8 stato utilizzato dall\u2019uomo per la sua ampia reperibilit\u00e0 e la sua facilit\u00e0 di lavorazione. La sua conservazione nei siti archeologici \u00e8 alquanto rara perch\u00e9 il legno, essendo una sostanza organica, \u00e8 soggetto ad un rapido degrado e al disfacimento per opera di batteri e microrganismi; solo in determinate condizioni [&hellip;]\" \/>\n<meta property=\"og:url\" content=\"https:\/\/www.caa.it\/it\/attivita\/palinologia-e-archeobotanica\/restauro-del-legno-bagnato\/\" \/>\n<meta property=\"og:site_name\" content=\"CAA Centro Agricoltura Ambiente\" \/>\n<meta property=\"article:publisher\" content=\"https:\/\/www.facebook.com\/centroagricolturaambiente.giorgionicoli\/\" \/>\n<meta property=\"article:modified_time\" content=\"2025-10-07T08:06:18+00:00\" \/>\n<meta property=\"og:image\" content=\"https:\/\/www.caa.it\/wp-content\/uploads\/2019\/02\/centro_caa_2.jpg\" \/>\n\t<meta property=\"og:image:width\" content=\"1200\" \/>\n\t<meta property=\"og:image:height\" content=\"800\" \/>\n\t<meta property=\"og:image:type\" content=\"image\/jpeg\" \/>\n<meta name=\"twitter:card\" content=\"summary_large_image\" \/>\n<meta name=\"twitter:site\" content=\"@2013_caa\" \/>\n<meta name=\"twitter:label1\" content=\"Tempo di lettura stimato\" \/>\n\t<meta name=\"twitter:data1\" content=\"2 minuti\" \/>\n<script type=\"application\/ld+json\" class=\"yoast-schema-graph\">{\"@context\":\"https:\\\/\\\/schema.org\",\"@graph\":[{\"@type\":\"WebPage\",\"@id\":\"https:\\\/\\\/www.caa.it\\\/it\\\/attivita\\\/palinologia-e-archeobotanica\\\/restauro-del-legno-bagnato\\\/\",\"url\":\"https:\\\/\\\/www.caa.it\\\/it\\\/attivita\\\/palinologia-e-archeobotanica\\\/restauro-del-legno-bagnato\\\/\",\"name\":\"Restauro del legno bagnato - CAA Centro Agricoltura Ambiente\",\"isPartOf\":{\"@id\":\"https:\\\/\\\/www.caa.it\\\/it\\\/#website\"},\"primaryImageOfPage\":{\"@id\":\"https:\\\/\\\/www.caa.it\\\/it\\\/attivita\\\/palinologia-e-archeobotanica\\\/restauro-del-legno-bagnato\\\/#primaryimage\"},\"image\":{\"@id\":\"https:\\\/\\\/www.caa.it\\\/it\\\/attivita\\\/palinologia-e-archeobotanica\\\/restauro-del-legno-bagnato\\\/#primaryimage\"},\"thumbnailUrl\":\"https:\\\/\\\/www.caa.it\\\/wp-content\\\/uploads\\\/2019\\\/02\\\/centro_caa_2.jpg\",\"datePublished\":\"2025-09-24T14:25:17+00:00\",\"dateModified\":\"2025-10-07T08:06:18+00:00\",\"breadcrumb\":{\"@id\":\"https:\\\/\\\/www.caa.it\\\/it\\\/attivita\\\/palinologia-e-archeobotanica\\\/restauro-del-legno-bagnato\\\/#breadcrumb\"},\"inLanguage\":\"it-IT\",\"potentialAction\":[{\"@type\":\"ReadAction\",\"target\":[\"https:\\\/\\\/www.caa.it\\\/it\\\/attivita\\\/palinologia-e-archeobotanica\\\/restauro-del-legno-bagnato\\\/\"]}]},{\"@type\":\"ImageObject\",\"inLanguage\":\"it-IT\",\"@id\":\"https:\\\/\\\/www.caa.it\\\/it\\\/attivita\\\/palinologia-e-archeobotanica\\\/restauro-del-legno-bagnato\\\/#primaryimage\",\"url\":\"https:\\\/\\\/www.caa.it\\\/wp-content\\\/uploads\\\/2019\\\/02\\\/centro_caa_2.jpg\",\"contentUrl\":\"https:\\\/\\\/www.caa.it\\\/wp-content\\\/uploads\\\/2019\\\/02\\\/centro_caa_2.jpg\",\"width\":1200,\"height\":800},{\"@type\":\"BreadcrumbList\",\"@id\":\"https:\\\/\\\/www.caa.it\\\/it\\\/attivita\\\/palinologia-e-archeobotanica\\\/restauro-del-legno-bagnato\\\/#breadcrumb\",\"itemListElement\":[{\"@type\":\"ListItem\",\"position\":1,\"name\":\"Home\",\"item\":\"https:\\\/\\\/www.caa.it\\\/it\\\/\"},{\"@type\":\"ListItem\",\"position\":2,\"name\":\"Attivit\u00e0\",\"item\":\"https:\\\/\\\/www.caa.it\\\/it\\\/attivita\\\/\"},{\"@type\":\"ListItem\",\"position\":3,\"name\":\"Palinologia e archeobotanica\",\"item\":\"https:\\\/\\\/www.caa.it\\\/it\\\/attivita\\\/palinologia-e-archeobotanica\\\/\"},{\"@type\":\"ListItem\",\"position\":4,\"name\":\"Restauro del legno bagnato\"}]},{\"@type\":\"WebSite\",\"@id\":\"https:\\\/\\\/www.caa.it\\\/it\\\/#website\",\"url\":\"https:\\\/\\\/www.caa.it\\\/it\\\/\",\"name\":\"CAA Centro Agricoltura Ambiente\",\"description\":\"Centro Agricoltura Ambiente &quot;Giorgio Nicoli&quot;\",\"publisher\":{\"@id\":\"https:\\\/\\\/www.caa.it\\\/it\\\/#organization\"},\"potentialAction\":[{\"@type\":\"SearchAction\",\"target\":{\"@type\":\"EntryPoint\",\"urlTemplate\":\"https:\\\/\\\/www.caa.it\\\/it\\\/?s={search_term_string}\"},\"query-input\":{\"@type\":\"PropertyValueSpecification\",\"valueRequired\":true,\"valueName\":\"search_term_string\"}}],\"inLanguage\":\"it-IT\"},{\"@type\":\"Organization\",\"@id\":\"https:\\\/\\\/www.caa.it\\\/it\\\/#organization\",\"name\":\"Centro Agricoltura Ambiente\",\"url\":\"https:\\\/\\\/www.caa.it\\\/it\\\/\",\"logo\":{\"@type\":\"ImageObject\",\"inLanguage\":\"it-IT\",\"@id\":\"https:\\\/\\\/www.caa.it\\\/it\\\/#\\\/schema\\\/logo\\\/image\\\/\",\"url\":\"https:\\\/\\\/www.caa.it\\\/wp-content\\\/uploads\\\/2019\\\/01\\\/logo_caa_centro_agricoltura_ambiente_nicoli.png\",\"contentUrl\":\"https:\\\/\\\/www.caa.it\\\/wp-content\\\/uploads\\\/2019\\\/01\\\/logo_caa_centro_agricoltura_ambiente_nicoli.png\",\"width\":567,\"height\":129,\"caption\":\"Centro Agricoltura Ambiente\"},\"image\":{\"@id\":\"https:\\\/\\\/www.caa.it\\\/it\\\/#\\\/schema\\\/logo\\\/image\\\/\"},\"sameAs\":[\"https:\\\/\\\/www.facebook.com\\\/centroagricolturaambiente.giorgionicoli\\\/\",\"https:\\\/\\\/x.com\\\/2013_caa\",\"https:\\\/\\\/www.linkedin.com\\\/company\\\/centro-agricoltura-ambiente-giorgio-nicoli-s-r-l-\\\/?originalSubdomain=it\",\"https:\\\/\\\/www.youtube.com\\\/channel\\\/UCeJ0U2Q4OY19f51sXSRPx2w\",\"https:\\\/\\\/web-cdn.bsky.app\\\/profile\\\/caasrl.bsky.social\"]}]}<\/script>\n<!-- \/ Yoast SEO plugin. -->","yoast_head_json":{"title":"Restauro del legno bagnato - CAA Centro Agricoltura Ambiente","robots":{"index":"index","follow":"follow","max-snippet":"max-snippet:-1","max-image-preview":"max-image-preview:large","max-video-preview":"max-video-preview:-1"},"canonical":"https:\/\/www.caa.it\/it\/attivita\/palinologia-e-archeobotanica\/restauro-del-legno-bagnato\/","og_locale":"it_IT","og_type":"article","og_title":"Restauro del legno bagnato - CAA Centro Agricoltura Ambiente","og_description":"[vc_row][vc_column][vc_column_text css=&#8221;&#8221;]Fin dall\u2019antichit\u00e0 il legno \u00e8 stato utilizzato dall\u2019uomo per la sua ampia reperibilit\u00e0 e la sua facilit\u00e0 di lavorazione. La sua conservazione nei siti archeologici \u00e8 alquanto rara perch\u00e9 il legno, essendo una sostanza organica, \u00e8 soggetto ad un rapido degrado e al disfacimento per opera di batteri e microrganismi; solo in determinate condizioni [&hellip;]","og_url":"https:\/\/www.caa.it\/it\/attivita\/palinologia-e-archeobotanica\/restauro-del-legno-bagnato\/","og_site_name":"CAA Centro Agricoltura Ambiente","article_publisher":"https:\/\/www.facebook.com\/centroagricolturaambiente.giorgionicoli\/","article_modified_time":"2025-10-07T08:06:18+00:00","og_image":[{"width":1200,"height":800,"url":"https:\/\/www.caa.it\/wp-content\/uploads\/2019\/02\/centro_caa_2.jpg","type":"image\/jpeg"}],"twitter_card":"summary_large_image","twitter_site":"@2013_caa","twitter_misc":{"Tempo di lettura stimato":"2 minuti"},"schema":{"@context":"https:\/\/schema.org","@graph":[{"@type":"WebPage","@id":"https:\/\/www.caa.it\/it\/attivita\/palinologia-e-archeobotanica\/restauro-del-legno-bagnato\/","url":"https:\/\/www.caa.it\/it\/attivita\/palinologia-e-archeobotanica\/restauro-del-legno-bagnato\/","name":"Restauro del legno bagnato - CAA Centro Agricoltura Ambiente","isPartOf":{"@id":"https:\/\/www.caa.it\/it\/#website"},"primaryImageOfPage":{"@id":"https:\/\/www.caa.it\/it\/attivita\/palinologia-e-archeobotanica\/restauro-del-legno-bagnato\/#primaryimage"},"image":{"@id":"https:\/\/www.caa.it\/it\/attivita\/palinologia-e-archeobotanica\/restauro-del-legno-bagnato\/#primaryimage"},"thumbnailUrl":"https:\/\/www.caa.it\/wp-content\/uploads\/2019\/02\/centro_caa_2.jpg","datePublished":"2025-09-24T14:25:17+00:00","dateModified":"2025-10-07T08:06:18+00:00","breadcrumb":{"@id":"https:\/\/www.caa.it\/it\/attivita\/palinologia-e-archeobotanica\/restauro-del-legno-bagnato\/#breadcrumb"},"inLanguage":"it-IT","potentialAction":[{"@type":"ReadAction","target":["https:\/\/www.caa.it\/it\/attivita\/palinologia-e-archeobotanica\/restauro-del-legno-bagnato\/"]}]},{"@type":"ImageObject","inLanguage":"it-IT","@id":"https:\/\/www.caa.it\/it\/attivita\/palinologia-e-archeobotanica\/restauro-del-legno-bagnato\/#primaryimage","url":"https:\/\/www.caa.it\/wp-content\/uploads\/2019\/02\/centro_caa_2.jpg","contentUrl":"https:\/\/www.caa.it\/wp-content\/uploads\/2019\/02\/centro_caa_2.jpg","width":1200,"height":800},{"@type":"BreadcrumbList","@id":"https:\/\/www.caa.it\/it\/attivita\/palinologia-e-archeobotanica\/restauro-del-legno-bagnato\/#breadcrumb","itemListElement":[{"@type":"ListItem","position":1,"name":"Home","item":"https:\/\/www.caa.it\/it\/"},{"@type":"ListItem","position":2,"name":"Attivit\u00e0","item":"https:\/\/www.caa.it\/it\/attivita\/"},{"@type":"ListItem","position":3,"name":"Palinologia e archeobotanica","item":"https:\/\/www.caa.it\/it\/attivita\/palinologia-e-archeobotanica\/"},{"@type":"ListItem","position":4,"name":"Restauro del legno bagnato"}]},{"@type":"WebSite","@id":"https:\/\/www.caa.it\/it\/#website","url":"https:\/\/www.caa.it\/it\/","name":"CAA Centro Agricoltura Ambiente","description":"Centro Agricoltura Ambiente &quot;Giorgio Nicoli&quot;","publisher":{"@id":"https:\/\/www.caa.it\/it\/#organization"},"potentialAction":[{"@type":"SearchAction","target":{"@type":"EntryPoint","urlTemplate":"https:\/\/www.caa.it\/it\/?s={search_term_string}"},"query-input":{"@type":"PropertyValueSpecification","valueRequired":true,"valueName":"search_term_string"}}],"inLanguage":"it-IT"},{"@type":"Organization","@id":"https:\/\/www.caa.it\/it\/#organization","name":"Centro Agricoltura Ambiente","url":"https:\/\/www.caa.it\/it\/","logo":{"@type":"ImageObject","inLanguage":"it-IT","@id":"https:\/\/www.caa.it\/it\/#\/schema\/logo\/image\/","url":"https:\/\/www.caa.it\/wp-content\/uploads\/2019\/01\/logo_caa_centro_agricoltura_ambiente_nicoli.png","contentUrl":"https:\/\/www.caa.it\/wp-content\/uploads\/2019\/01\/logo_caa_centro_agricoltura_ambiente_nicoli.png","width":567,"height":129,"caption":"Centro Agricoltura Ambiente"},"image":{"@id":"https:\/\/www.caa.it\/it\/#\/schema\/logo\/image\/"},"sameAs":["https:\/\/www.facebook.com\/centroagricolturaambiente.giorgionicoli\/","https:\/\/x.com\/2013_caa","https:\/\/www.linkedin.com\/company\/centro-agricoltura-ambiente-giorgio-nicoli-s-r-l-\/?originalSubdomain=it","https:\/\/www.youtube.com\/channel\/UCeJ0U2Q4OY19f51sXSRPx2w","https:\/\/web-cdn.bsky.app\/profile\/caasrl.bsky.social"]}]}},"_links":{"self":[{"href":"https:\/\/www.caa.it\/it\/wp-json\/wp\/v2\/pages\/74","targetHints":{"allow":["GET"]}}],"collection":[{"href":"https:\/\/www.caa.it\/it\/wp-json\/wp\/v2\/pages"}],"about":[{"href":"https:\/\/www.caa.it\/it\/wp-json\/wp\/v2\/types\/page"}],"author":[{"embeddable":true,"href":"https:\/\/www.caa.it\/it\/wp-json\/wp\/v2\/users\/1"}],"replies":[{"embeddable":true,"href":"https:\/\/www.caa.it\/it\/wp-json\/wp\/v2\/comments?post=74"}],"version-history":[{"count":2,"href":"https:\/\/www.caa.it\/it\/wp-json\/wp\/v2\/pages\/74\/revisions"}],"predecessor-version":[{"id":8276,"href":"https:\/\/www.caa.it\/it\/wp-json\/wp\/v2\/pages\/74\/revisions\/8276"}],"up":[{"embeddable":true,"href":"https:\/\/www.caa.it\/it\/wp-json\/wp\/v2\/pages\/66"}],"wp:featuredmedia":[{"embeddable":true,"href":"https:\/\/www.caa.it\/it\/wp-json\/wp\/v2\/media\/768"}],"wp:attachment":[{"href":"https:\/\/www.caa.it\/it\/wp-json\/wp\/v2\/media?parent=74"}],"curies":[{"name":"wp","href":"https:\/\/api.w.org\/{rel}","templated":true}]}}