{"id":80,"date":"2025-09-24T16:26:09","date_gmt":"2025-09-24T14:26:09","guid":{"rendered":"https:\/\/web.caa.it\/?page_id=80"},"modified":"2025-11-25T09:43:07","modified_gmt":"2025-11-25T08:43:07","slug":"stoccaggio-e-riutilizzo-fanghi-di-depurazione","status":"publish","type":"page","link":"https:\/\/www.caa.it\/it\/attivita\/gestione-rifiuti-e-biomasse\/stoccaggio-e-riutilizzo-fanghi-di-depurazione\/","title":{"rendered":"Stoccaggio e riutilizzo fanghi di depurazione"},"content":{"rendered":"<div class=\"wpb-content-wrapper\"><p>[vc_row][vc_column width=&#8221;1\/2&#8243;][vc_column_text css=&#8221;&#8221;]Il riutilizzo in agricoltura dei fanghi biologici di depurazione viene ormai considerato la modalit\u00e0 ambientalmente pi\u00f9 sostenibile per garantire una corretta destinazione finale per tali materiali ed \u00e8 <strong>regolamentato fin dal 1992<\/strong> da una specifica normativa nazionale, che \u00e8 stata sottoposta nel 2018 a revisione e aggiornamento.<\/p>\n<p>A partire dal 2004, fino ad atti di recente adozione, la Regione Emilia-Romagna ha integrato attraverso propri Atti legislativi le norme nazionali che regolamentano tale attivit\u00e0, anticipando di fatto alcune decisioni prese solo successivamente a livello nazionale.<\/p>\n<p>Le richiamate direttive regionali hanno previsto in particolare l\u2019obbligo di disporre, da parte di chi intenda occuparsi di questa attivit\u00e0, di adeguati impianti per lo stoccaggio dei fanghi di depurazione, in attesa del loro riutilizzo in agricoltura.[\/vc_column_text][vc_column_text css=&#8221;&#8221; el_class=&#8221;quote-block no-img&#8221;]<em>CAA si occupa da quasi 25 anni di questa attivit\u00e0, avendo individuato nell\u2019utilizzo di tali materiali la possibilit\u00e0 di apportare elementi nutritivi e sostanza organica ai terreni agrari della nostra pianura, ormai caratterizzati da una fertilit\u00e0 biologica in progressiva diminuzione.<\/em>[\/vc_column_text][vc_column_text css=&#8221;&#8221;]CAA ha quindi predisposto un progetto per la realizzazione e la gestione di un impianto di stoccaggio e condizionamento per fanghi di depurazione, sul quale ha ottenuto nel 2009 specifica Autorizzazione provinciale, successivamente integrata attraverso alcune varianti.[\/vc_column_text][vc_column_text css=&#8221;&#8221;]<\/p>\n<ul>\n<li><a href=\"\/wp-content\/uploads\/2022\/08\/Delibera_844_2022_Nicoli_Srl_e_lettera.pdf\">Aut. stoccaggio e condizionamento (R3, R12 e R13)<\/a><\/li>\n<li><a href=\"\/wp-content\/uploads\/2019\/12\/allegato2_Planimetria_generale_impianto.pdf\">Planimetria generale impianto (2019)<\/a><\/li>\n<li><a href=\"\/wp-content\/uploads\/2019\/12\/allegato3_Schema-_fognature.pdf\">Planimetria fognature (2018)<\/a><\/li>\n<li><a href=\"https:\/\/www.caa.it\/wp-content\/uploads\/2025\/11\/AUA_Bologna_2025.pdf\">Autorizzazione riutilizzo Bologna (R10)<\/a><\/li>\n<li><a href=\"\/wp-content\/uploads\/2023\/10\/ATTO_COMPLETO_MO_2023_3930.pdf\">Autorizzazione riutilizzo Modena(R10)<\/a><\/li>\n<li><a href=\"\/wp-content\/uploads\/2019\/03\/AUA_2017_FE.pdf\">Autorizzazione riutilizzo Ferrara(R10)<\/a><\/li>\n<li><a href=\"\/wp-content\/uploads\/2023\/10\/Autorizzazione_riutilizzo_RA.pdf\">Autorizzazione riutilizzo Ravenna(R10)<\/a><\/li>\n<\/ul>\n<p>[\/vc_column_text][vc_column_text css=&#8221;&#8221;]Principale normativa di riferimento (D.Lgs 99\/92, Del. GRER 2773\/04, Del. GRER 285\/05, Del. GRER 1801\/05, Det. Direttore Generale Ambiente e Difesa del Suolo e della Costa 11046\/05, Det. Direttore Generale Ambiente e Difesa del Suolo e della Costa 11047\/05, Del. GRER 297\/09, Legge di conv. 130\/18, Del. GRER 326\/19).[\/vc_column_text][vc_column_text css=&#8221;.vc_custom_1759825812816{padding: 2em !important;border: 8px solid #F2F2F2 !important;border-radius: 5px !important;}&#8221;]<\/p>\n<h4><img loading=\"lazy\" decoding=\"async\" class=\"alignnone size-full wp-image-8281\" src=\"https:\/\/www.caa.it\/wp-content\/uploads\/2025\/10\/info-icon.png\" alt=\"\" width=\"41\" height=\"37\" \/><\/h4>\n<h4>Per informazioni<\/h4>\n<p>Responsabile Tecnico-Operativo:<br \/>\n<a href=\"\/staff\/paolo-candotto\/\">Paolo Candotto<\/a><br \/>\nCell. 335.8027657<br \/>\nemail: pcandotto@caa.it[\/vc_column_text][\/vc_column][vc_column width=&#8221;1\/2&#8243;][vc_column_text css=&#8221;&#8221;]<\/p>\n<h4>L&#8217;impianto<\/h4>\n<p>[\/vc_column_text][vc_single_image image=&#8221;2163&#8243; img_size=&#8221;full&#8221; css=&#8221;&#8221;][vc_column_text css=&#8221;&#8221;]L\u2019impianto \u00e8 situato in area agricola isolata nella zona nord del comune di Crevalcore ed \u00e8 composto da sei vasche seminterrate in cemento armato.<\/p>\n<p>La sua capacit\u00e0 di stoccaggio puntuale \u00e8 di 18.300 tonnellate di materiale, per una potenzialit\u00e0 massima annua, ai sensi della normativa regionale di riferimento, di 55.000 tonnellate.<\/p>\n<p>L\u2019impianto consente lo stoccaggio e il condizionamento di fanghi di depurazione che, a seguito di approfondite caratterizzazioni analitiche preventive, presentino le pi\u00f9 idonee caratteristiche in funzione di un loro successivo riutilizzo agricolo.<\/p>\n<p>La possibilit\u00e0 di stoccare i fanghi di depurazione consente il loro impiego nei periodi agronomicamente pi\u00f9 indicati, con conseguenti benefici per i terreni e le colture.<\/p>\n<p>L\u2019impianto di stoccaggio CAA rappresenta quindi un elemento fondamentale nella filiera del corretto recupero dei fanghi di depurazione, sostanze il cui valore agronomico risulta confermato da innumerevoli sperimentazioni condotte da Enti di ricerca e Istituti universitari.[\/vc_column_text][vc_column_text css=&#8221;&#8221;]<\/p>\n<h4>Dove si trova<\/h4>\n<p>L\u2019impianto si trova nel <strong>Comune di Crevalcore in localit\u00e0 Palata Pepoli, via Eurissa 1007<\/strong>.[\/vc_column_text][vc_goo_maps location=&#8221;via Eurissa, 1007 40014 Crevalcore BO&#8221; zoom=&#8221;13&#8243; css=&#8221;&#8221;][\/vc_column][\/vc_row]<\/p>\n<\/div>","protected":false},"excerpt":{"rendered":"<p>[vc_row][vc_column width=&#8221;1\/2&#8243;][vc_column_text css=&#8221;&#8221;]Il riutilizzo in agricoltura dei fanghi biologici di depurazione viene ormai considerato la modalit\u00e0 ambientalmente pi\u00f9 sostenibile per garantire una corretta destinazione finale per tali materiali ed \u00e8 regolamentato fin dal 1992 da una specifica normativa nazionale, che \u00e8 stata sottoposta nel 2018 a revisione e aggiornamento. A partire dal 2004, fino ad [&hellip;]<\/p>\n","protected":false},"author":1,"featured_media":763,"parent":78,"menu_order":0,"comment_status":"closed","ping_status":"closed","template":"","meta":{"_acf_changed":false,"footnotes":""},"class_list":["post-80","page","type-page","status-publish","has-post-thumbnail","hentry"],"acf":[],"yoast_head":"<!-- This site is optimized with the Yoast SEO plugin v27.4 - https:\/\/yoast.com\/product\/yoast-seo-wordpress\/ -->\n<title>Stoccaggio e riutilizzo fanghi di depurazione - CAA Centro Agricoltura Ambiente<\/title>\n<meta name=\"robots\" content=\"index, follow, max-snippet:-1, max-image-preview:large, max-video-preview:-1\" \/>\n<link rel=\"canonical\" href=\"https:\/\/www.caa.it\/it\/attivita\/gestione-rifiuti-e-biomasse\/stoccaggio-e-riutilizzo-fanghi-di-depurazione\/\" \/>\n<meta property=\"og:locale\" content=\"it_IT\" \/>\n<meta property=\"og:type\" content=\"article\" \/>\n<meta property=\"og:title\" content=\"Stoccaggio e riutilizzo fanghi di depurazione - CAA Centro Agricoltura Ambiente\" \/>\n<meta property=\"og:description\" content=\"[vc_row][vc_column width=&#8221;1\/2&#8243;][vc_column_text css=&#8221;&#8221;]Il riutilizzo in agricoltura dei fanghi biologici di depurazione viene ormai considerato la modalit\u00e0 ambientalmente pi\u00f9 sostenibile per garantire una corretta destinazione finale per tali materiali ed \u00e8 regolamentato fin dal 1992 da una specifica normativa nazionale, che \u00e8 stata sottoposta nel 2018 a revisione e aggiornamento. A partire dal 2004, fino ad [&hellip;]\" \/>\n<meta property=\"og:url\" content=\"https:\/\/www.caa.it\/it\/attivita\/gestione-rifiuti-e-biomasse\/stoccaggio-e-riutilizzo-fanghi-di-depurazione\/\" \/>\n<meta property=\"og:site_name\" content=\"CAA Centro Agricoltura Ambiente\" \/>\n<meta property=\"article:publisher\" content=\"https:\/\/www.facebook.com\/centroagricolturaambiente.giorgionicoli\/\" \/>\n<meta property=\"article:modified_time\" content=\"2025-11-25T08:43:07+00:00\" \/>\n<meta property=\"og:image\" content=\"https:\/\/www.caa.it\/wp-content\/uploads\/2019\/02\/slide_2_caa.jpg\" \/>\n\t<meta property=\"og:image:width\" content=\"1920\" \/>\n\t<meta property=\"og:image:height\" content=\"1105\" \/>\n\t<meta property=\"og:image:type\" content=\"image\/jpeg\" \/>\n<meta name=\"twitter:card\" content=\"summary_large_image\" \/>\n<meta name=\"twitter:site\" content=\"@2013_caa\" \/>\n<meta name=\"twitter:label1\" content=\"Tempo di lettura stimato\" \/>\n\t<meta name=\"twitter:data1\" content=\"3 minuti\" \/>\n<script type=\"application\/ld+json\" class=\"yoast-schema-graph\">{\"@context\":\"https:\\\/\\\/schema.org\",\"@graph\":[{\"@type\":\"WebPage\",\"@id\":\"https:\\\/\\\/www.caa.it\\\/it\\\/attivita\\\/gestione-rifiuti-e-biomasse\\\/stoccaggio-e-riutilizzo-fanghi-di-depurazione\\\/\",\"url\":\"https:\\\/\\\/www.caa.it\\\/it\\\/attivita\\\/gestione-rifiuti-e-biomasse\\\/stoccaggio-e-riutilizzo-fanghi-di-depurazione\\\/\",\"name\":\"Stoccaggio e riutilizzo fanghi di depurazione - CAA Centro Agricoltura Ambiente\",\"isPartOf\":{\"@id\":\"https:\\\/\\\/www.caa.it\\\/it\\\/#website\"},\"primaryImageOfPage\":{\"@id\":\"https:\\\/\\\/www.caa.it\\\/it\\\/attivita\\\/gestione-rifiuti-e-biomasse\\\/stoccaggio-e-riutilizzo-fanghi-di-depurazione\\\/#primaryimage\"},\"image\":{\"@id\":\"https:\\\/\\\/www.caa.it\\\/it\\\/attivita\\\/gestione-rifiuti-e-biomasse\\\/stoccaggio-e-riutilizzo-fanghi-di-depurazione\\\/#primaryimage\"},\"thumbnailUrl\":\"https:\\\/\\\/www.caa.it\\\/wp-content\\\/uploads\\\/2019\\\/02\\\/slide_2_caa.jpg\",\"datePublished\":\"2025-09-24T14:26:09+00:00\",\"dateModified\":\"2025-11-25T08:43:07+00:00\",\"breadcrumb\":{\"@id\":\"https:\\\/\\\/www.caa.it\\\/it\\\/attivita\\\/gestione-rifiuti-e-biomasse\\\/stoccaggio-e-riutilizzo-fanghi-di-depurazione\\\/#breadcrumb\"},\"inLanguage\":\"it-IT\",\"potentialAction\":[{\"@type\":\"ReadAction\",\"target\":[\"https:\\\/\\\/www.caa.it\\\/it\\\/attivita\\\/gestione-rifiuti-e-biomasse\\\/stoccaggio-e-riutilizzo-fanghi-di-depurazione\\\/\"]}]},{\"@type\":\"ImageObject\",\"inLanguage\":\"it-IT\",\"@id\":\"https:\\\/\\\/www.caa.it\\\/it\\\/attivita\\\/gestione-rifiuti-e-biomasse\\\/stoccaggio-e-riutilizzo-fanghi-di-depurazione\\\/#primaryimage\",\"url\":\"https:\\\/\\\/www.caa.it\\\/wp-content\\\/uploads\\\/2019\\\/02\\\/slide_2_caa.jpg\",\"contentUrl\":\"https:\\\/\\\/www.caa.it\\\/wp-content\\\/uploads\\\/2019\\\/02\\\/slide_2_caa.jpg\",\"width\":1920,\"height\":1105},{\"@type\":\"BreadcrumbList\",\"@id\":\"https:\\\/\\\/www.caa.it\\\/it\\\/attivita\\\/gestione-rifiuti-e-biomasse\\\/stoccaggio-e-riutilizzo-fanghi-di-depurazione\\\/#breadcrumb\",\"itemListElement\":[{\"@type\":\"ListItem\",\"position\":1,\"name\":\"Home\",\"item\":\"https:\\\/\\\/www.caa.it\\\/it\\\/\"},{\"@type\":\"ListItem\",\"position\":2,\"name\":\"Attivit\u00e0\",\"item\":\"https:\\\/\\\/www.caa.it\\\/it\\\/attivita\\\/\"},{\"@type\":\"ListItem\",\"position\":3,\"name\":\"Gestione rifiuti e biomasse\",\"item\":\"https:\\\/\\\/www.caa.it\\\/it\\\/attivita\\\/gestione-rifiuti-e-biomasse\\\/\"},{\"@type\":\"ListItem\",\"position\":4,\"name\":\"Stoccaggio e riutilizzo fanghi di depurazione\"}]},{\"@type\":\"WebSite\",\"@id\":\"https:\\\/\\\/www.caa.it\\\/it\\\/#website\",\"url\":\"https:\\\/\\\/www.caa.it\\\/it\\\/\",\"name\":\"CAA Centro Agricoltura Ambiente\",\"description\":\"Centro Agricoltura Ambiente &quot;Giorgio Nicoli&quot;\",\"publisher\":{\"@id\":\"https:\\\/\\\/www.caa.it\\\/it\\\/#organization\"},\"potentialAction\":[{\"@type\":\"SearchAction\",\"target\":{\"@type\":\"EntryPoint\",\"urlTemplate\":\"https:\\\/\\\/www.caa.it\\\/it\\\/?s={search_term_string}\"},\"query-input\":{\"@type\":\"PropertyValueSpecification\",\"valueRequired\":true,\"valueName\":\"search_term_string\"}}],\"inLanguage\":\"it-IT\"},{\"@type\":\"Organization\",\"@id\":\"https:\\\/\\\/www.caa.it\\\/it\\\/#organization\",\"name\":\"Centro Agricoltura Ambiente\",\"url\":\"https:\\\/\\\/www.caa.it\\\/it\\\/\",\"logo\":{\"@type\":\"ImageObject\",\"inLanguage\":\"it-IT\",\"@id\":\"https:\\\/\\\/www.caa.it\\\/it\\\/#\\\/schema\\\/logo\\\/image\\\/\",\"url\":\"https:\\\/\\\/www.caa.it\\\/wp-content\\\/uploads\\\/2019\\\/01\\\/logo_caa_centro_agricoltura_ambiente_nicoli.png\",\"contentUrl\":\"https:\\\/\\\/www.caa.it\\\/wp-content\\\/uploads\\\/2019\\\/01\\\/logo_caa_centro_agricoltura_ambiente_nicoli.png\",\"width\":567,\"height\":129,\"caption\":\"Centro Agricoltura Ambiente\"},\"image\":{\"@id\":\"https:\\\/\\\/www.caa.it\\\/it\\\/#\\\/schema\\\/logo\\\/image\\\/\"},\"sameAs\":[\"https:\\\/\\\/www.facebook.com\\\/centroagricolturaambiente.giorgionicoli\\\/\",\"https:\\\/\\\/x.com\\\/2013_caa\",\"https:\\\/\\\/www.linkedin.com\\\/company\\\/centro-agricoltura-ambiente-giorgio-nicoli-s-r-l-\\\/?originalSubdomain=it\",\"https:\\\/\\\/www.youtube.com\\\/channel\\\/UCeJ0U2Q4OY19f51sXSRPx2w\",\"https:\\\/\\\/web-cdn.bsky.app\\\/profile\\\/caasrl.bsky.social\"]}]}<\/script>\n<!-- \/ Yoast SEO plugin. -->","yoast_head_json":{"title":"Stoccaggio e riutilizzo fanghi di depurazione - CAA Centro Agricoltura Ambiente","robots":{"index":"index","follow":"follow","max-snippet":"max-snippet:-1","max-image-preview":"max-image-preview:large","max-video-preview":"max-video-preview:-1"},"canonical":"https:\/\/www.caa.it\/it\/attivita\/gestione-rifiuti-e-biomasse\/stoccaggio-e-riutilizzo-fanghi-di-depurazione\/","og_locale":"it_IT","og_type":"article","og_title":"Stoccaggio e riutilizzo fanghi di depurazione - CAA Centro Agricoltura Ambiente","og_description":"[vc_row][vc_column width=&#8221;1\/2&#8243;][vc_column_text css=&#8221;&#8221;]Il riutilizzo in agricoltura dei fanghi biologici di depurazione viene ormai considerato la modalit\u00e0 ambientalmente pi\u00f9 sostenibile per garantire una corretta destinazione finale per tali materiali ed \u00e8 regolamentato fin dal 1992 da una specifica normativa nazionale, che \u00e8 stata sottoposta nel 2018 a revisione e aggiornamento. A partire dal 2004, fino ad [&hellip;]","og_url":"https:\/\/www.caa.it\/it\/attivita\/gestione-rifiuti-e-biomasse\/stoccaggio-e-riutilizzo-fanghi-di-depurazione\/","og_site_name":"CAA Centro Agricoltura Ambiente","article_publisher":"https:\/\/www.facebook.com\/centroagricolturaambiente.giorgionicoli\/","article_modified_time":"2025-11-25T08:43:07+00:00","og_image":[{"width":1920,"height":1105,"url":"https:\/\/www.caa.it\/wp-content\/uploads\/2019\/02\/slide_2_caa.jpg","type":"image\/jpeg"}],"twitter_card":"summary_large_image","twitter_site":"@2013_caa","twitter_misc":{"Tempo di lettura stimato":"3 minuti"},"schema":{"@context":"https:\/\/schema.org","@graph":[{"@type":"WebPage","@id":"https:\/\/www.caa.it\/it\/attivita\/gestione-rifiuti-e-biomasse\/stoccaggio-e-riutilizzo-fanghi-di-depurazione\/","url":"https:\/\/www.caa.it\/it\/attivita\/gestione-rifiuti-e-biomasse\/stoccaggio-e-riutilizzo-fanghi-di-depurazione\/","name":"Stoccaggio e riutilizzo fanghi di depurazione - CAA Centro Agricoltura Ambiente","isPartOf":{"@id":"https:\/\/www.caa.it\/it\/#website"},"primaryImageOfPage":{"@id":"https:\/\/www.caa.it\/it\/attivita\/gestione-rifiuti-e-biomasse\/stoccaggio-e-riutilizzo-fanghi-di-depurazione\/#primaryimage"},"image":{"@id":"https:\/\/www.caa.it\/it\/attivita\/gestione-rifiuti-e-biomasse\/stoccaggio-e-riutilizzo-fanghi-di-depurazione\/#primaryimage"},"thumbnailUrl":"https:\/\/www.caa.it\/wp-content\/uploads\/2019\/02\/slide_2_caa.jpg","datePublished":"2025-09-24T14:26:09+00:00","dateModified":"2025-11-25T08:43:07+00:00","breadcrumb":{"@id":"https:\/\/www.caa.it\/it\/attivita\/gestione-rifiuti-e-biomasse\/stoccaggio-e-riutilizzo-fanghi-di-depurazione\/#breadcrumb"},"inLanguage":"it-IT","potentialAction":[{"@type":"ReadAction","target":["https:\/\/www.caa.it\/it\/attivita\/gestione-rifiuti-e-biomasse\/stoccaggio-e-riutilizzo-fanghi-di-depurazione\/"]}]},{"@type":"ImageObject","inLanguage":"it-IT","@id":"https:\/\/www.caa.it\/it\/attivita\/gestione-rifiuti-e-biomasse\/stoccaggio-e-riutilizzo-fanghi-di-depurazione\/#primaryimage","url":"https:\/\/www.caa.it\/wp-content\/uploads\/2019\/02\/slide_2_caa.jpg","contentUrl":"https:\/\/www.caa.it\/wp-content\/uploads\/2019\/02\/slide_2_caa.jpg","width":1920,"height":1105},{"@type":"BreadcrumbList","@id":"https:\/\/www.caa.it\/it\/attivita\/gestione-rifiuti-e-biomasse\/stoccaggio-e-riutilizzo-fanghi-di-depurazione\/#breadcrumb","itemListElement":[{"@type":"ListItem","position":1,"name":"Home","item":"https:\/\/www.caa.it\/it\/"},{"@type":"ListItem","position":2,"name":"Attivit\u00e0","item":"https:\/\/www.caa.it\/it\/attivita\/"},{"@type":"ListItem","position":3,"name":"Gestione rifiuti e biomasse","item":"https:\/\/www.caa.it\/it\/attivita\/gestione-rifiuti-e-biomasse\/"},{"@type":"ListItem","position":4,"name":"Stoccaggio e riutilizzo fanghi di depurazione"}]},{"@type":"WebSite","@id":"https:\/\/www.caa.it\/it\/#website","url":"https:\/\/www.caa.it\/it\/","name":"CAA Centro Agricoltura Ambiente","description":"Centro Agricoltura Ambiente &quot;Giorgio Nicoli&quot;","publisher":{"@id":"https:\/\/www.caa.it\/it\/#organization"},"potentialAction":[{"@type":"SearchAction","target":{"@type":"EntryPoint","urlTemplate":"https:\/\/www.caa.it\/it\/?s={search_term_string}"},"query-input":{"@type":"PropertyValueSpecification","valueRequired":true,"valueName":"search_term_string"}}],"inLanguage":"it-IT"},{"@type":"Organization","@id":"https:\/\/www.caa.it\/it\/#organization","name":"Centro Agricoltura Ambiente","url":"https:\/\/www.caa.it\/it\/","logo":{"@type":"ImageObject","inLanguage":"it-IT","@id":"https:\/\/www.caa.it\/it\/#\/schema\/logo\/image\/","url":"https:\/\/www.caa.it\/wp-content\/uploads\/2019\/01\/logo_caa_centro_agricoltura_ambiente_nicoli.png","contentUrl":"https:\/\/www.caa.it\/wp-content\/uploads\/2019\/01\/logo_caa_centro_agricoltura_ambiente_nicoli.png","width":567,"height":129,"caption":"Centro Agricoltura Ambiente"},"image":{"@id":"https:\/\/www.caa.it\/it\/#\/schema\/logo\/image\/"},"sameAs":["https:\/\/www.facebook.com\/centroagricolturaambiente.giorgionicoli\/","https:\/\/x.com\/2013_caa","https:\/\/www.linkedin.com\/company\/centro-agricoltura-ambiente-giorgio-nicoli-s-r-l-\/?originalSubdomain=it","https:\/\/www.youtube.com\/channel\/UCeJ0U2Q4OY19f51sXSRPx2w","https:\/\/web-cdn.bsky.app\/profile\/caasrl.bsky.social"]}]}},"_links":{"self":[{"href":"https:\/\/www.caa.it\/it\/wp-json\/wp\/v2\/pages\/80","targetHints":{"allow":["GET"]}}],"collection":[{"href":"https:\/\/www.caa.it\/it\/wp-json\/wp\/v2\/pages"}],"about":[{"href":"https:\/\/www.caa.it\/it\/wp-json\/wp\/v2\/types\/page"}],"author":[{"embeddable":true,"href":"https:\/\/www.caa.it\/it\/wp-json\/wp\/v2\/users\/1"}],"replies":[{"embeddable":true,"href":"https:\/\/www.caa.it\/it\/wp-json\/wp\/v2\/comments?post=80"}],"version-history":[{"count":10,"href":"https:\/\/www.caa.it\/it\/wp-json\/wp\/v2\/pages\/80\/revisions"}],"predecessor-version":[{"id":9144,"href":"https:\/\/www.caa.it\/it\/wp-json\/wp\/v2\/pages\/80\/revisions\/9144"}],"up":[{"embeddable":true,"href":"https:\/\/www.caa.it\/it\/wp-json\/wp\/v2\/pages\/78"}],"wp:featuredmedia":[{"embeddable":true,"href":"https:\/\/www.caa.it\/it\/wp-json\/wp\/v2\/media\/763"}],"wp:attachment":[{"href":"https:\/\/www.caa.it\/it\/wp-json\/wp\/v2\/media?parent=80"}],"curies":[{"name":"wp","href":"https:\/\/api.w.org\/{rel}","templated":true}]}}